{"id":5606,"date":"2019-09-10T15:41:25","date_gmt":"2019-09-10T13:41:25","guid":{"rendered":"https:\/\/www.medoucine.com\/blog\/?page_id=5606"},"modified":"2024-06-13T16:53:42","modified_gmt":"2024-06-13T14:53:42","slug":"guide-quelle-medecine-douce-est-faite-pour-vous-2","status":"publish","type":"page","link":"https:\/\/www.medoucine.com\/blog\/guides\/guide-quelle-medecine-douce-est-faite-pour-vous-2\/","title":{"rendered":"Guide gratuit : quelle m\u00e9decine douce est faite pour vous ?"},"content":{"rendered":"<div class=\"wpb-content-wrapper\">[vc_row css=\u00a0\u00bb.vc_custom_1592902009175{margin-top: -20px !important;}\u00a0\u00bb][vc_column][vc_row_inner][vc_column_inner width=\u00a0\u00bb2\/3&Prime;][vc_single_image image=\u00a0\u00bb16281&Prime; img_size=\u00a0\u00bb636&#215;256&Prime; alignment=\u00a0\u00bbcenter\u00a0\u00bb css=\u00a0\u00bb.vc_custom_1610552847175{margin-bottom: 15px !important;}\u00a0\u00bb][vc_column_text]\n<p style=\"text-align: center;\">Vous voulez prendre soin de vous de fa\u00e7on plus naturelle gr\u00e2ce aux m\u00e9decines douces, mais vous ne savez peut-\u00eatre pas vers quelle pratique vous tourner&#8230;.<\/p>\n[\/vc_column_text][vc_custom_heading text=\u00a0\u00bbGr\u00e2ce \u00e0 ce guide, vous d\u00e9couvrirez :\u00a0\u00bb font_container=\u00a0\u00bbtag:h2|text_align:center\u00a0\u00bb google_fonts=\u00a0\u00bbfont_family:Prata%3Aregular|font_style:400%20regular%3A400%3Anormal\u00a0\u00bb css=\u00a0\u00bb.vc_custom_1592902440634{margin-top: 20px !important;}\u00a0\u00bb][vc_column_text]\n<ol>\n<li><strong><span style=\"font-size: 18px;\">Les secrets des m\u00e9decines douces : <\/span><\/strong>les bienfaits et grands principes des pratiques les plus utilis\u00e9es.<\/li>\n<li><span style=\"font-size: 18px;\"><strong>L<\/strong><b>a pratique la plus adapt\u00e9e \u00e0 votre personnalit\u00e9 <\/b>et votre profil <\/span><span style=\"font-size: 18px;\">: A<\/span><span style=\"font-size: 18px;\">vez-vous <\/span>les pieds sur terre ou \u00eates-vous plut\u00f4t r\u00eaveur ? Etes-vous bavard, ouvert au monde, dans l&rsquo;action&#8230; ?<\/li>\n<li>L<span style=\"font-size: 18px;\">es m\u00e9decines douces qui r\u00e9pondent \u00e0<\/span><strong><span style=\"font-size: 18px;\"> votre besoin <\/span><\/strong><span style=\"font-size: 18px;\">ou <\/span><strong><span style=\"font-size: 18px;\">votre probl\u00e8me :<\/span><\/strong><\/li>\n<\/ol>\n<ul>\n<li style=\"list-style-type: none;\">\n<ul>\n<li>Stress et anxi\u00e9t\u00e9<\/li>\n<li>Bien-\u00eatre et d\u00e9veloppement personnel<\/li>\n<li>Fatigue, insomnie, troubles du sommeil<\/li>\n<li>Perte de poids<\/li>\n<li>Maux de ventre et digestion<\/li>\n<li>Douleurs,\u00a0Mal de dos<\/li>\n<li>Migraines et maux de t\u00eate<\/li>\n<li>Autres&#8230;<\/li>\n<\/ul>\n<\/li>\n<\/ul>\n[\/vc_column_text][\/vc_column_inner][vc_column_inner width=\u00a0\u00bb1\/3&Prime;][vc_raw_html]JTNDaWZyYW1lJTIwd2lkdGglM0QlMjI1NDAlMjIlMjBoZWlnaHQlM0QlMjI1OTAlMjIlMjBzcmMlM0QlMjJodHRwcyUzQSUyRiUyRjk2ZTQzYTMwLnNpYmZvcm1zLmNvbSUyRnNlcnZlJTJGTVVJRkFGcHpUN3YwYmtabF9lT0lCZ2FGdm5YZGFXaTY0MXZGa2hMVlpuMldudVdHajFGb1dKT2h5b2trM0oyYUI2cUxPU0RlY0NaZnh4Sk9DNDBCdDNCN2pCNlJXZmctYTBRSU4zNWtDWE1QWjVmZW1mS25OM2NlbWhzcWI0d1NLOENvSENwdVFYUEh0bUlZS1BuRlFjd0pwdFJJVTc2S0RRbTYxZ01wNUVhcHFFcEtaN2QtbTBxY3FXUURjQTlSQWRROHE4c3dKVzhyTWhmQSUyMiUyMGZyYW1lYm9yZGVyJTNEJTIyMCUyMiUyMHNjcm9sbGluZyUzRCUyMmF1dG8lMjIlMjBhbGxvd2Z1bGxzY3JlZW4lMjBzdHlsZSUzRCUyMmRpc3BsYXklM0ElMjBibG9jayUzQm1hcmdpbi1sZWZ0JTNBJTIwYXV0byUzQm1hcmdpbi1yaWdodCUzQSUyMGF1dG8lM0JtYXgtd2lkdGglM0ElMjAxMDAlMjUlM0IlMjIlM0UlM0MlMkZpZnJhbWUlM0U=[\/vc_raw_html][\/vc_column_inner][\/vc_row_inner][\/vc_column][\/vc_row][vc_row][vc_column][vc_column_text]31% des Fran\u00e7ais reconnaissent avoir recours aux m\u00e9decines douces*. En effet, ces pratiques ont le vent en poupe : <strong>50% des Fran\u00e7ais se tournent de plus en plus vers elles.<\/strong><br \/>\nMais comment faire le bon choix ? Quelle pratique vous correspond le mieux ? Nous avons cr\u00e9\u00e9 ce guide afin de vous aider \u00e0 <strong>choisir la m\u00e9decine douce qui correspondra le mieux \u00e0 votre probl\u00e9matique et \u00e0 votre personnalit\u00e9<\/strong>.<\/p>\n<p><span style=\"color: #808080;\">*enqu\u00eate r\u00e9alis\u00e9e en 2017 aupr\u00e8s de 2 000 Fran\u00e7ais <\/span><span style=\"color: #808080;\">par IPSOS pour l\u2019Observatoire E.Leclerc des Nouvelles Consommations.<\/span>[\/vc_column_text][\/vc_column][\/vc_row]\n<\/div>","protected":false},"excerpt":{"rendered":"<p>[vc_row css=\u00a0\u00bb.vc_custom_1592902009175{margin-top: -20px !important;}\u00a0\u00bb][vc_column][vc_row_inner][vc_column_inner width=\u00a0\u00bb2\/3&Prime;][vc_single_image image=\u00a0\u00bb16281&Prime; img_size=\u00a0\u00bb636&#215;256&Prime; alignment=\u00a0\u00bbcenter\u00a0\u00bb css=\u00a0\u00bb.vc_custom_1610552847175{margin-bottom: 15px !important;}\u00a0\u00bb][vc_column_text] Vous voulez prendre soin de vous de fa\u00e7on plus naturelle gr\u00e2ce aux m\u00e9decines douces, mais vous ne savez peut-\u00eatre pas vers quelle pratique vous tourner&#8230;. [\/vc_column_text][vc_custom_heading text=\u00a0\u00bbGr\u00e2ce \u00e0 ce guide, vous d\u00e9couvrirez :\u00a0\u00bb font_container=\u00a0\u00bbtag:h2|text_align:center\u00a0\u00bb google_fonts=\u00a0\u00bbfont_family:Prata%3Aregular|font_style:400%20regular%3A400%3Anormal\u00a0\u00bb css=\u00a0\u00bb.vc_custom_1592902440634{margin-top: 20px !important;}\u00a0\u00bb][vc_column_text] Les secrets des m\u00e9decines douces : les bienfaits et grands principes des pratiques les plus utilis\u00e9es. La pratique la plus adapt\u00e9e \u00e0 votre personnalit\u00e9 et votre profil : Avez-vous les pieds sur terre ou \u00eates-vous plut\u00f4t r\u00eaveur ? Etes-vous bavard, ouvert au monde, dans l&rsquo;action&#8230; ? Les m\u00e9decines douces qui r\u00e9pondent \u00e0 votre besoin ou votre probl\u00e8me : Stress et anxi\u00e9t\u00e9 Bien-\u00eatre et d\u00e9veloppement personnel Fatigue, insomnie, troubles du sommeil Perte de poids Maux de ventre et digestion Douleurs,\u00a0Mal de dos Migraines et maux de t\u00eate [&hellip;]<\/p>\n","protected":false},"author":220,"featured_media":0,"parent":5655,"menu_order":0,"comment_status":"closed","ping_status":"closed","template":"","meta":{"_acf_changed":false,"footnotes":""},"class_list":["post-5606","page","type-page","status-publish","hentry"],"acf":[],"yoast_head":"<!-- This site is optimized with the Yoast SEO plugin v27.1.1 - https:\/\/yoast.com\/product\/yoast-seo-wordpress\/ -->\n<title>Guide gratuit : quelle m\u00e9decine douce est faite pour vous ? ~ Blog de Medoucine<\/title>\n<meta name=\"description\" content=\"D\u00e9couvrez quelle m\u00e9decine douce est faite pour vous gr\u00e2ce \u00e0 ce guide gratuit \u00e0 t\u00e9l\u00e9charger, offert par Medoucine.\" \/>\n<meta name=\"robots\" content=\"index, follow, max-snippet:-1, max-image-preview:large, max-video-preview:-1\" \/>\n<link rel=\"canonical\" href=\"https:\/\/www.medoucine.com\/blog\/\/guides\/guide-quelle-medecine-douce-est-faite-pour-vous-2\" \/>\n<meta property=\"og:locale\" content=\"fr_FR\" \/>\n<meta property=\"og:type\" content=\"article\" \/>\n<meta property=\"og:title\" content=\"Guide gratuit : quelle m\u00e9decine douce est faite pour vous ? ~ Blog de Medoucine\" \/>\n<meta property=\"og:description\" content=\"D\u00e9couvrez quelle m\u00e9decine douce est faite pour vous gr\u00e2ce \u00e0 ce guide gratuit \u00e0 t\u00e9l\u00e9charger, offert par Medoucine.\" \/>\n<meta property=\"og:url\" content=\"https:\/\/www.medoucine.com\/blog\/\/guides\/guide-quelle-medecine-douce-est-faite-pour-vous-2\" \/>\n<meta property=\"og:site_name\" content=\"Blog de Medoucine\" \/>\n<meta property=\"article:publisher\" content=\"https:\/\/www.facebook.com\/medoucine\/\" \/>\n<meta property=\"article:modified_time\" content=\"2024-06-13T14:53:42+00:00\" \/>\n<meta name=\"twitter:card\" content=\"summary_large_image\" \/>\n<meta name=\"twitter:site\" content=\"@medoucinefr\" \/>\n<meta name=\"twitter:label1\" content=\"Dur\u00e9e de lecture estim\u00e9e\" \/>\n\t<meta name=\"twitter:data1\" content=\"2 minutes\" \/>\n<script type=\"application\/ld+json\" class=\"yoast-schema-graph\">{\"@context\":\"https:\/\/schema.org\",\"@graph\":[{\"@type\":\"WebPage\",\"@id\":\"https:\/\/www.medoucine.com\/blog\/guides\/guide-quelle-medecine-douce-est-faite-pour-vous-2\/\",\"url\":\"https:\/\/www.medoucine.com\/blog\/\/guides\/guide-quelle-medecine-douce-est-faite-pour-vous-2\",\"name\":\"Guide gratuit : quelle m\u00e9decine douce est faite pour vous ? ~ Blog de Medoucine\",\"isPartOf\":{\"@id\":\"https:\/\/www.medoucine.com\/blog\/#website\"},\"datePublished\":\"2019-09-10T13:41:25+00:00\",\"dateModified\":\"2024-06-13T14:53:42+00:00\",\"description\":\"D\u00e9couvrez quelle m\u00e9decine douce est faite pour vous gr\u00e2ce \u00e0 ce guide gratuit \u00e0 t\u00e9l\u00e9charger, offert par Medoucine.\",\"breadcrumb\":{\"@id\":\"https:\/\/www.medoucine.com\/blog\/\/guides\/guide-quelle-medecine-douce-est-faite-pour-vous-2#breadcrumb\"},\"inLanguage\":\"fr-FR\",\"potentialAction\":[{\"@type\":\"ReadAction\",\"target\":[\"https:\/\/www.medoucine.com\/blog\/\/guides\/guide-quelle-medecine-douce-est-faite-pour-vous-2\"]}]},{\"@type\":\"BreadcrumbList\",\"@id\":\"https:\/\/www.medoucine.com\/blog\/\/guides\/guide-quelle-medecine-douce-est-faite-pour-vous-2#breadcrumb\",\"itemListElement\":[{\"@type\":\"ListItem\",\"position\":1,\"name\":\"Blog Medoucine\",\"item\":\"https:\/\/www.medoucine.com\/blog\/\"},{\"@type\":\"ListItem\",\"position\":2,\"name\":\"Guides gratuits \u00e0 t\u00e9l\u00e9charger\",\"item\":\"https:\/\/www.medoucine.com\/blog\/guides\/\"},{\"@type\":\"ListItem\",\"position\":3,\"name\":\"Guide gratuit : quelle m\u00e9decine douce est faite pour vous ?\"}]},{\"@type\":\"WebSite\",\"@id\":\"https:\/\/www.medoucine.com\/blog\/#website\",\"url\":\"https:\/\/www.medoucine.com\/blog\/\",\"name\":\"Blog de Medoucine\",\"description\":\"Le blog des m\u00e9decines douces\",\"publisher\":{\"@id\":\"https:\/\/www.medoucine.com\/blog\/#organization\"},\"potentialAction\":[{\"@type\":\"SearchAction\",\"target\":{\"@type\":\"EntryPoint\",\"urlTemplate\":\"https:\/\/www.medoucine.com\/blog\/?s={search_term_string}\"},\"query-input\":{\"@type\":\"PropertyValueSpecification\",\"valueRequired\":true,\"valueName\":\"search_term_string\"}}],\"inLanguage\":\"fr-FR\"},{\"@type\":\"Organization\",\"@id\":\"https:\/\/www.medoucine.com\/blog\/#organization\",\"name\":\"Medoucine\",\"url\":\"https:\/\/www.medoucine.com\/blog\/\",\"logo\":{\"@type\":\"ImageObject\",\"inLanguage\":\"fr-FR\",\"@id\":\"https:\/\/www.medoucine.com\/blog\/#\/schema\/logo\/image\/\",\"url\":\"https:\/\/www.medoucine.com\/blog\/wp-content\/uploads\/2019\/07\/logo@3x.png\",\"contentUrl\":\"https:\/\/www.medoucine.com\/blog\/wp-content\/uploads\/2019\/07\/logo@3x.png\",\"width\":555,\"height\":135,\"caption\":\"Medoucine\"},\"image\":{\"@id\":\"https:\/\/www.medoucine.com\/blog\/#\/schema\/logo\/image\/\"},\"sameAs\":[\"https:\/\/www.facebook.com\/medoucine\/\",\"https:\/\/x.com\/medoucinefr\",\"https:\/\/www.instagram.com\/medoucine\/\",\"https:\/\/www.youtube.com\/channel\/UCtZeUeJ_KebYK0KJAXjJV8g\"]}]}<\/script>\n<!-- \/ Yoast SEO plugin. -->","yoast_head_json":{"title":"Guide gratuit : quelle m\u00e9decine douce est faite pour vous ? ~ Blog de Medoucine","description":"D\u00e9couvrez quelle m\u00e9decine douce est faite pour vous gr\u00e2ce \u00e0 ce guide gratuit \u00e0 t\u00e9l\u00e9charger, offert par Medoucine.","robots":{"index":"index","follow":"follow","max-snippet":"max-snippet:-1","max-image-preview":"max-image-preview:large","max-video-preview":"max-video-preview:-1"},"canonical":"https:\/\/www.medoucine.com\/blog\/\/guides\/guide-quelle-medecine-douce-est-faite-pour-vous-2","og_locale":"fr_FR","og_type":"article","og_title":"Guide gratuit : quelle m\u00e9decine douce est faite pour vous ? ~ Blog de Medoucine","og_description":"D\u00e9couvrez quelle m\u00e9decine douce est faite pour vous gr\u00e2ce \u00e0 ce guide gratuit \u00e0 t\u00e9l\u00e9charger, offert par Medoucine.","og_url":"https:\/\/www.medoucine.com\/blog\/\/guides\/guide-quelle-medecine-douce-est-faite-pour-vous-2","og_site_name":"Blog de Medoucine","article_publisher":"https:\/\/www.facebook.com\/medoucine\/","article_modified_time":"2024-06-13T14:53:42+00:00","twitter_card":"summary_large_image","twitter_site":"@medoucinefr","twitter_misc":{"Dur\u00e9e de lecture estim\u00e9e":"2 minutes"},"schema":{"@context":"https:\/\/schema.org","@graph":[{"@type":"WebPage","@id":"https:\/\/www.medoucine.com\/blog\/guides\/guide-quelle-medecine-douce-est-faite-pour-vous-2\/","url":"https:\/\/www.medoucine.com\/blog\/\/guides\/guide-quelle-medecine-douce-est-faite-pour-vous-2","name":"Guide gratuit : quelle m\u00e9decine douce est faite pour vous ? ~ Blog de Medoucine","isPartOf":{"@id":"https:\/\/www.medoucine.com\/blog\/#website"},"datePublished":"2019-09-10T13:41:25+00:00","dateModified":"2024-06-13T14:53:42+00:00","description":"D\u00e9couvrez quelle m\u00e9decine douce est faite pour vous gr\u00e2ce \u00e0 ce guide gratuit \u00e0 t\u00e9l\u00e9charger, offert par Medoucine.","breadcrumb":{"@id":"https:\/\/www.medoucine.com\/blog\/\/guides\/guide-quelle-medecine-douce-est-faite-pour-vous-2#breadcrumb"},"inLanguage":"fr-FR","potentialAction":[{"@type":"ReadAction","target":["https:\/\/www.medoucine.com\/blog\/\/guides\/guide-quelle-medecine-douce-est-faite-pour-vous-2"]}]},{"@type":"BreadcrumbList","@id":"https:\/\/www.medoucine.com\/blog\/\/guides\/guide-quelle-medecine-douce-est-faite-pour-vous-2#breadcrumb","itemListElement":[{"@type":"ListItem","position":1,"name":"Blog Medoucine","item":"https:\/\/www.medoucine.com\/blog\/"},{"@type":"ListItem","position":2,"name":"Guides gratuits \u00e0 t\u00e9l\u00e9charger","item":"https:\/\/www.medoucine.com\/blog\/guides\/"},{"@type":"ListItem","position":3,"name":"Guide gratuit : quelle m\u00e9decine douce est faite pour vous ?"}]},{"@type":"WebSite","@id":"https:\/\/www.medoucine.com\/blog\/#website","url":"https:\/\/www.medoucine.com\/blog\/","name":"Blog de Medoucine","description":"Le blog des m\u00e9decines douces","publisher":{"@id":"https:\/\/www.medoucine.com\/blog\/#organization"},"potentialAction":[{"@type":"SearchAction","target":{"@type":"EntryPoint","urlTemplate":"https:\/\/www.medoucine.com\/blog\/?s={search_term_string}"},"query-input":{"@type":"PropertyValueSpecification","valueRequired":true,"valueName":"search_term_string"}}],"inLanguage":"fr-FR"},{"@type":"Organization","@id":"https:\/\/www.medoucine.com\/blog\/#organization","name":"Medoucine","url":"https:\/\/www.medoucine.com\/blog\/","logo":{"@type":"ImageObject","inLanguage":"fr-FR","@id":"https:\/\/www.medoucine.com\/blog\/#\/schema\/logo\/image\/","url":"https:\/\/www.medoucine.com\/blog\/wp-content\/uploads\/2019\/07\/logo@3x.png","contentUrl":"https:\/\/www.medoucine.com\/blog\/wp-content\/uploads\/2019\/07\/logo@3x.png","width":555,"height":135,"caption":"Medoucine"},"image":{"@id":"https:\/\/www.medoucine.com\/blog\/#\/schema\/logo\/image\/"},"sameAs":["https:\/\/www.facebook.com\/medoucine\/","https:\/\/x.com\/medoucinefr","https:\/\/www.instagram.com\/medoucine\/","https:\/\/www.youtube.com\/channel\/UCtZeUeJ_KebYK0KJAXjJV8g"]}]}},"_links":{"self":[{"href":"https:\/\/www.medoucine.com\/blog\/wp-json\/wp\/v2\/pages\/5606","targetHints":{"allow":["GET"]}}],"collection":[{"href":"https:\/\/www.medoucine.com\/blog\/wp-json\/wp\/v2\/pages"}],"about":[{"href":"https:\/\/www.medoucine.com\/blog\/wp-json\/wp\/v2\/types\/page"}],"author":[{"embeddable":true,"href":"https:\/\/www.medoucine.com\/blog\/wp-json\/wp\/v2\/users\/220"}],"replies":[{"embeddable":true,"href":"https:\/\/www.medoucine.com\/blog\/wp-json\/wp\/v2\/comments?post=5606"}],"version-history":[{"count":20,"href":"https:\/\/www.medoucine.com\/blog\/wp-json\/wp\/v2\/pages\/5606\/revisions"}],"predecessor-version":[{"id":31886,"href":"https:\/\/www.medoucine.com\/blog\/wp-json\/wp\/v2\/pages\/5606\/revisions\/31886"}],"up":[{"embeddable":true,"href":"https:\/\/www.medoucine.com\/blog\/wp-json\/wp\/v2\/pages\/5655"}],"wp:attachment":[{"href":"https:\/\/www.medoucine.com\/blog\/wp-json\/wp\/v2\/media?parent=5606"}],"curies":[{"name":"wp","href":"https:\/\/api.w.org\/{rel}","templated":true}]}}