{"id":31873,"date":"2024-06-13T16:13:48","date_gmt":"2024-06-13T14:13:48","guid":{"rendered":"https:\/\/www.medoucine.com\/blog\/?page_id=31873"},"modified":"2024-06-13T16:17:59","modified_gmt":"2024-06-13T14:17:59","slug":"maigrir-sans-regime","status":"publish","type":"page","link":"https:\/\/www.medoucine.com\/blog\/guides\/maigrir-sans-regime\/","title":{"rendered":"Les 10 r\u00e8gles d&rsquo;or de la Naturopathie"},"content":{"rendered":"<div class=\"wpb-content-wrapper\">[vc_section css=\u00a0\u00bb.vc_custom_1593015214356{margin-top: -20px !important;}\u00a0\u00bb][vc_row][vc_column width=\u00a0\u00bb2\/3&Prime;][vc_single_image image=\u00a0\u00bb31874&Prime; img_size=\u00a0\u00bb636&#215;256&Prime; alignment=\u00a0\u00bbcenter\u00a0\u00bb css=\u00a0\u00bb.vc_custom_1718284173402{margin-bottom: 15px !important;}\u00a0\u00bb][vc_column_text]\n<h2 style=\"text-align: center;\">D\u00e9couvrez comment maigrir sans r\u00e9gime avec notre guide exclusif !<\/h2>\n[\/vc_column_text][vc_column_text]Vous avez fait un excellent choix en d\u00e9cidant de t\u00e9l\u00e9charger ce guide, et vous \u00eates sur le point de d\u00e9couvrir des secrets pr\u00e9cieux pour une perte de poids durable.<\/p>\n<p>Dans un monde o\u00f9 les modes de vie s\u00e9dentaires et les exc\u00e8s de sucre nous font souvent prendre du poids, il est essentiel de trouver des solutions qui fonctionnent vraiment. Les r\u00e9gimes traditionnels \u00e9chouent souvent \u00e0 long terme (nous vous expliquons pourquoi d\u00e8s la premi\u00e8re page).<\/p>\n<p>Les m\u00e9decines douces, et en particulier la naturopathie, offrent des m\u00e9thodes efficaces et durables pour perdre du poids. La cl\u00e9 ? Ce n\u2019est pas de manger moins, mais de manger mieux !<\/p>\n<p>Plongez dans notre guide et d\u00e9couvrez les 10 r\u00e8gles d\u2019or de la naturopathie pour une perte de poids saine et naturelle. Vous \u00eates pr\u00eat \u00e0 transformer votre vie ? T\u00e9l\u00e9chargez maintenant ![\/vc_column_text][\/vc_column][vc_column width=\u00a0\u00bb1\/3&Prime;][vc_raw_html]JTNDaWZyYW1lJTIwd2lkdGglM0QlMjI1NDAlMjIlMjBoZWlnaHQlM0QlMjI1NTAlMjIlMjBzcmMlM0QlMjJodHRwcyUzQSUyRiUyRjk2ZTQzYTMwLnNpYmZvcm1zLmNvbSUyRnNlcnZlJTJGTVVJRkFITEx6NDNWOVk2eEU2MlZiTm5tOGF4VHpGQ05TVHNid09XVVZWQmZTd19Qd1JJUHFsQjF2VHhTTEQzc0piVUxRUnJxcGIySm1xNzBsMm9zT21kZHJSeWg3SFA3MzJHZGE3Skh2RUU2TGQ5OGpBWkl0cGUtZzhfcklLLWgzbFo3bE1DV2Q0V0ExYlB4Nnh0M1p1eERRVXZXeF90NmJEcG9LY0pocS1kc2dxeVAwOVNPU2xYVWxNN0ktM2FvTF9GcUpOSXY2di1Ia1pPRSUyMiUyMGZyYW1lYm9yZGVyJTNEJTIyMCUyMiUyMHNjcm9sbGluZyUzRCUyMmF1dG8lMjIlMjBhbGxvd2Z1bGxzY3JlZW4lMjBzdHlsZSUzRCUyMmRpc3BsYXklM0ElMjBibG9jayUzQm1hcmdpbi1sZWZ0JTNBJTIwYXV0byUzQm1hcmdpbi1yaWdodCUzQSUyMGF1dG8lM0JtYXgtd2lkdGglM0ElMjAxMDAlMjUlM0IlMjIlM0UlM0MlMkZpZnJhbWUlM0U=[\/vc_raw_html][\/vc_column][\/vc_row][\/vc_section]\n<\/div>","protected":false},"excerpt":{"rendered":"<p>[vc_section css=\u00a0\u00bb.vc_custom_1593015214356{margin-top: -20px !important;}\u00a0\u00bb][vc_row][vc_column width=\u00a0\u00bb2\/3&Prime;][vc_single_image image=\u00a0\u00bb31874&Prime; img_size=\u00a0\u00bb636&#215;256&Prime; alignment=\u00a0\u00bbcenter\u00a0\u00bb css=\u00a0\u00bb.vc_custom_1718284173402{margin-bottom: 15px !important;}\u00a0\u00bb][vc_column_text] D\u00e9couvrez comment maigrir sans r\u00e9gime avec notre guide exclusif ! [\/vc_column_text][vc_column_text]Vous avez fait un excellent choix en d\u00e9cidant de t\u00e9l\u00e9charger ce guide, et vous \u00eates sur le point de d\u00e9couvrir des secrets pr\u00e9cieux pour une perte de poids durable. Dans un monde o\u00f9 les modes de vie s\u00e9dentaires et les exc\u00e8s de sucre nous font souvent prendre du poids, il est essentiel de trouver des solutions qui fonctionnent vraiment. Les r\u00e9gimes traditionnels \u00e9chouent souvent \u00e0 long terme (nous vous expliquons pourquoi d\u00e8s la premi\u00e8re page). Les m\u00e9decines douces, et en particulier la naturopathie, offrent des m\u00e9thodes efficaces et durables pour perdre du poids. La cl\u00e9 ? Ce n\u2019est pas de manger moins, mais de manger mieux ! Plongez dans notre guide et d\u00e9couvrez les [&hellip;]<\/p>\n","protected":false},"author":781,"featured_media":0,"parent":5655,"menu_order":0,"comment_status":"closed","ping_status":"closed","template":"","meta":{"_acf_changed":false,"footnotes":""},"class_list":["post-31873","page","type-page","status-publish","hentry"],"acf":[],"yoast_head":"<!-- This site is optimized with the Yoast SEO plugin v27.1.1 - https:\/\/yoast.com\/product\/yoast-seo-wordpress\/ -->\n<title>Les 10 r\u00e8gles d&#039;or de la Naturopathie ~ Blog de Medoucine<\/title>\n<meta name=\"description\" content=\"Comment fonctionne l\u2019hypnose pour arr\u00eater de fumer? Comment se d\u00e9roule une s\u00e9ance ? Comment trouver un praticien de confiance\" \/>\n<meta name=\"robots\" content=\"index, follow, max-snippet:-1, max-image-preview:large, max-video-preview:-1\" \/>\n<link rel=\"canonical\" href=\"https:\/\/www.medoucine.com\/blog\/guides\/maigrir-sans-regime\/\" \/>\n<meta property=\"og:locale\" content=\"fr_FR\" \/>\n<meta property=\"og:type\" content=\"article\" \/>\n<meta property=\"og:title\" content=\"Les 10 r\u00e8gles d&#039;or de la Naturopathie ~ Blog de Medoucine\" \/>\n<meta property=\"og:description\" content=\"Comment fonctionne l\u2019hypnose pour arr\u00eater de fumer? Comment se d\u00e9roule une s\u00e9ance ? Comment trouver un praticien de confiance\" \/>\n<meta property=\"og:url\" content=\"https:\/\/www.medoucine.com\/blog\/guides\/maigrir-sans-regime\/\" \/>\n<meta property=\"og:site_name\" content=\"Blog de Medoucine\" \/>\n<meta property=\"article:publisher\" content=\"https:\/\/www.facebook.com\/medoucine\/\" \/>\n<meta property=\"article:modified_time\" content=\"2024-06-13T14:17:59+00:00\" \/>\n<meta name=\"twitter:card\" content=\"summary_large_image\" \/>\n<meta name=\"twitter:site\" content=\"@medoucinefr\" \/>\n<meta name=\"twitter:label1\" content=\"Dur\u00e9e de lecture estim\u00e9e\" \/>\n\t<meta name=\"twitter:data1\" content=\"1 minute\" \/>\n<script type=\"application\/ld+json\" class=\"yoast-schema-graph\">{\"@context\":\"https:\/\/schema.org\",\"@graph\":[{\"@type\":\"WebPage\",\"@id\":\"https:\/\/www.medoucine.com\/blog\/guides\/maigrir-sans-regime\/\",\"url\":\"https:\/\/www.medoucine.com\/blog\/guides\/maigrir-sans-regime\/\",\"name\":\"Les 10 r\u00e8gles d'or de la Naturopathie ~ Blog de Medoucine\",\"isPartOf\":{\"@id\":\"https:\/\/www.medoucine.com\/blog\/#website\"},\"datePublished\":\"2024-06-13T14:13:48+00:00\",\"dateModified\":\"2024-06-13T14:17:59+00:00\",\"description\":\"Comment fonctionne l\u2019hypnose pour arr\u00eater de fumer? Comment se d\u00e9roule une s\u00e9ance ? Comment trouver un praticien de confiance\",\"breadcrumb\":{\"@id\":\"https:\/\/www.medoucine.com\/blog\/guides\/maigrir-sans-regime\/#breadcrumb\"},\"inLanguage\":\"fr-FR\",\"potentialAction\":[{\"@type\":\"ReadAction\",\"target\":[\"https:\/\/www.medoucine.com\/blog\/guides\/maigrir-sans-regime\/\"]}]},{\"@type\":\"BreadcrumbList\",\"@id\":\"https:\/\/www.medoucine.com\/blog\/guides\/maigrir-sans-regime\/#breadcrumb\",\"itemListElement\":[{\"@type\":\"ListItem\",\"position\":1,\"name\":\"Blog Medoucine\",\"item\":\"https:\/\/www.medoucine.com\/blog\/\"},{\"@type\":\"ListItem\",\"position\":2,\"name\":\"Guides gratuits \u00e0 t\u00e9l\u00e9charger\",\"item\":\"https:\/\/www.medoucine.com\/blog\/guides\/\"},{\"@type\":\"ListItem\",\"position\":3,\"name\":\"Les 10 r\u00e8gles d&#8217;or de la Naturopathie\"}]},{\"@type\":\"WebSite\",\"@id\":\"https:\/\/www.medoucine.com\/blog\/#website\",\"url\":\"https:\/\/www.medoucine.com\/blog\/\",\"name\":\"Blog de Medoucine\",\"description\":\"Le blog des m\u00e9decines douces\",\"publisher\":{\"@id\":\"https:\/\/www.medoucine.com\/blog\/#organization\"},\"potentialAction\":[{\"@type\":\"SearchAction\",\"target\":{\"@type\":\"EntryPoint\",\"urlTemplate\":\"https:\/\/www.medoucine.com\/blog\/?s={search_term_string}\"},\"query-input\":{\"@type\":\"PropertyValueSpecification\",\"valueRequired\":true,\"valueName\":\"search_term_string\"}}],\"inLanguage\":\"fr-FR\"},{\"@type\":\"Organization\",\"@id\":\"https:\/\/www.medoucine.com\/blog\/#organization\",\"name\":\"Medoucine\",\"url\":\"https:\/\/www.medoucine.com\/blog\/\",\"logo\":{\"@type\":\"ImageObject\",\"inLanguage\":\"fr-FR\",\"@id\":\"https:\/\/www.medoucine.com\/blog\/#\/schema\/logo\/image\/\",\"url\":\"https:\/\/www.medoucine.com\/blog\/wp-content\/uploads\/2019\/07\/logo@3x.png\",\"contentUrl\":\"https:\/\/www.medoucine.com\/blog\/wp-content\/uploads\/2019\/07\/logo@3x.png\",\"width\":555,\"height\":135,\"caption\":\"Medoucine\"},\"image\":{\"@id\":\"https:\/\/www.medoucine.com\/blog\/#\/schema\/logo\/image\/\"},\"sameAs\":[\"https:\/\/www.facebook.com\/medoucine\/\",\"https:\/\/x.com\/medoucinefr\",\"https:\/\/www.instagram.com\/medoucine\/\",\"https:\/\/www.youtube.com\/channel\/UCtZeUeJ_KebYK0KJAXjJV8g\"]}]}<\/script>\n<!-- \/ Yoast SEO plugin. -->","yoast_head_json":{"title":"Les 10 r\u00e8gles d'or de la Naturopathie ~ Blog de Medoucine","description":"Comment fonctionne l\u2019hypnose pour arr\u00eater de fumer? Comment se d\u00e9roule une s\u00e9ance ? Comment trouver un praticien de confiance","robots":{"index":"index","follow":"follow","max-snippet":"max-snippet:-1","max-image-preview":"max-image-preview:large","max-video-preview":"max-video-preview:-1"},"canonical":"https:\/\/www.medoucine.com\/blog\/guides\/maigrir-sans-regime\/","og_locale":"fr_FR","og_type":"article","og_title":"Les 10 r\u00e8gles d'or de la Naturopathie ~ Blog de Medoucine","og_description":"Comment fonctionne l\u2019hypnose pour arr\u00eater de fumer? Comment se d\u00e9roule une s\u00e9ance ? Comment trouver un praticien de confiance","og_url":"https:\/\/www.medoucine.com\/blog\/guides\/maigrir-sans-regime\/","og_site_name":"Blog de Medoucine","article_publisher":"https:\/\/www.facebook.com\/medoucine\/","article_modified_time":"2024-06-13T14:17:59+00:00","twitter_card":"summary_large_image","twitter_site":"@medoucinefr","twitter_misc":{"Dur\u00e9e de lecture estim\u00e9e":"1 minute"},"schema":{"@context":"https:\/\/schema.org","@graph":[{"@type":"WebPage","@id":"https:\/\/www.medoucine.com\/blog\/guides\/maigrir-sans-regime\/","url":"https:\/\/www.medoucine.com\/blog\/guides\/maigrir-sans-regime\/","name":"Les 10 r\u00e8gles d'or de la Naturopathie ~ Blog de Medoucine","isPartOf":{"@id":"https:\/\/www.medoucine.com\/blog\/#website"},"datePublished":"2024-06-13T14:13:48+00:00","dateModified":"2024-06-13T14:17:59+00:00","description":"Comment fonctionne l\u2019hypnose pour arr\u00eater de fumer? Comment se d\u00e9roule une s\u00e9ance ? Comment trouver un praticien de confiance","breadcrumb":{"@id":"https:\/\/www.medoucine.com\/blog\/guides\/maigrir-sans-regime\/#breadcrumb"},"inLanguage":"fr-FR","potentialAction":[{"@type":"ReadAction","target":["https:\/\/www.medoucine.com\/blog\/guides\/maigrir-sans-regime\/"]}]},{"@type":"BreadcrumbList","@id":"https:\/\/www.medoucine.com\/blog\/guides\/maigrir-sans-regime\/#breadcrumb","itemListElement":[{"@type":"ListItem","position":1,"name":"Blog Medoucine","item":"https:\/\/www.medoucine.com\/blog\/"},{"@type":"ListItem","position":2,"name":"Guides gratuits \u00e0 t\u00e9l\u00e9charger","item":"https:\/\/www.medoucine.com\/blog\/guides\/"},{"@type":"ListItem","position":3,"name":"Les 10 r\u00e8gles d&#8217;or de la Naturopathie"}]},{"@type":"WebSite","@id":"https:\/\/www.medoucine.com\/blog\/#website","url":"https:\/\/www.medoucine.com\/blog\/","name":"Blog de Medoucine","description":"Le blog des m\u00e9decines douces","publisher":{"@id":"https:\/\/www.medoucine.com\/blog\/#organization"},"potentialAction":[{"@type":"SearchAction","target":{"@type":"EntryPoint","urlTemplate":"https:\/\/www.medoucine.com\/blog\/?s={search_term_string}"},"query-input":{"@type":"PropertyValueSpecification","valueRequired":true,"valueName":"search_term_string"}}],"inLanguage":"fr-FR"},{"@type":"Organization","@id":"https:\/\/www.medoucine.com\/blog\/#organization","name":"Medoucine","url":"https:\/\/www.medoucine.com\/blog\/","logo":{"@type":"ImageObject","inLanguage":"fr-FR","@id":"https:\/\/www.medoucine.com\/blog\/#\/schema\/logo\/image\/","url":"https:\/\/www.medoucine.com\/blog\/wp-content\/uploads\/2019\/07\/logo@3x.png","contentUrl":"https:\/\/www.medoucine.com\/blog\/wp-content\/uploads\/2019\/07\/logo@3x.png","width":555,"height":135,"caption":"Medoucine"},"image":{"@id":"https:\/\/www.medoucine.com\/blog\/#\/schema\/logo\/image\/"},"sameAs":["https:\/\/www.facebook.com\/medoucine\/","https:\/\/x.com\/medoucinefr","https:\/\/www.instagram.com\/medoucine\/","https:\/\/www.youtube.com\/channel\/UCtZeUeJ_KebYK0KJAXjJV8g"]}]}},"_links":{"self":[{"href":"https:\/\/www.medoucine.com\/blog\/wp-json\/wp\/v2\/pages\/31873","targetHints":{"allow":["GET"]}}],"collection":[{"href":"https:\/\/www.medoucine.com\/blog\/wp-json\/wp\/v2\/pages"}],"about":[{"href":"https:\/\/www.medoucine.com\/blog\/wp-json\/wp\/v2\/types\/page"}],"author":[{"embeddable":true,"href":"https:\/\/www.medoucine.com\/blog\/wp-json\/wp\/v2\/users\/781"}],"replies":[{"embeddable":true,"href":"https:\/\/www.medoucine.com\/blog\/wp-json\/wp\/v2\/comments?post=31873"}],"version-history":[{"count":2,"href":"https:\/\/www.medoucine.com\/blog\/wp-json\/wp\/v2\/pages\/31873\/revisions"}],"predecessor-version":[{"id":31876,"href":"https:\/\/www.medoucine.com\/blog\/wp-json\/wp\/v2\/pages\/31873\/revisions\/31876"}],"up":[{"embeddable":true,"href":"https:\/\/www.medoucine.com\/blog\/wp-json\/wp\/v2\/pages\/5655"}],"wp:attachment":[{"href":"https:\/\/www.medoucine.com\/blog\/wp-json\/wp\/v2\/media?parent=31873"}],"curies":[{"name":"wp","href":"https:\/\/api.w.org\/{rel}","templated":true}]}}