{"id":29578,"date":"2023-10-25T11:57:38","date_gmt":"2023-10-25T09:57:38","guid":{"rendered":"https:\/\/www.medoucine.com\/blog\/annuaire-professionnel\/"},"modified":"2023-10-25T13:24:27","modified_gmt":"2023-10-25T11:24:27","slug":"centres-integratifs-pluridisciplinaires","status":"publish","type":"page","link":"https:\/\/www.medoucine.com\/blog\/centres-integratifs-pluridisciplinaires\/","title":{"rendered":"Centres de sant\u00e9 int\u00e9gratifs et pluridisciplinaires"},"content":{"rendered":"<div class=\"wpb-content-wrapper\">[vc_row][vc_column][vc_single_image image=\u00a0\u00bb29584&Prime; img_size=\u00a0\u00bbfull\u00a0\u00bb][vc_column_text]M\u00e9doucine recense les lieux de sant\u00e9 int\u00e9gratifs, qui combinent m\u00e9decine conventionnelle et pratiques compl\u00e9mentaires, et les centres pluridisciplinaires o\u00f9 op\u00e8rent diff\u00e9rents praticiens.<\/p>\n<p>Nous souhaitons ainsi soutenir ces initiatives.[\/vc_column_text][vc_column_text][businessdirectory][\/vc_column_text][\/vc_column][\/vc_row]\n<\/div>","protected":false},"excerpt":{"rendered":"<p>[vc_row][vc_column][vc_single_image image=\u00a0\u00bb29584&Prime; img_size=\u00a0\u00bbfull\u00a0\u00bb][vc_column_text]M\u00e9doucine recense les lieux de sant\u00e9 int\u00e9gratifs, qui combinent m\u00e9decine conventionnelle et pratiques compl\u00e9mentaires, et les centres pluridisciplinaires o\u00f9 op\u00e8rent diff\u00e9rents praticiens. Nous souhaitons ainsi soutenir ces initiatives.[\/vc_column_text][vc_column_text][businessdirectory][\/vc_column_text][\/vc_column][\/vc_row]<\/p>\n","protected":false},"author":220,"featured_media":0,"parent":0,"menu_order":0,"comment_status":"closed","ping_status":"closed","template":"","meta":{"_acf_changed":false,"footnotes":""},"class_list":["post-29578","page","type-page","status-publish","hentry"],"acf":[],"yoast_head":"<!-- This site is optimized with the Yoast SEO plugin v27.1.1 - https:\/\/yoast.com\/product\/yoast-seo-wordpress\/ -->\n<title>Centres de sant\u00e9 int\u00e9gratifs et pluridisciplinaires ~ Blog de Medoucine<\/title>\n<meta name=\"robots\" content=\"index, follow, max-snippet:-1, max-image-preview:large, max-video-preview:-1\" \/>\n<link rel=\"canonical\" href=\"https:\/\/www.medoucine.com\/blog\/centres-integratifs-pluridisciplinaires\/\" \/>\n<meta property=\"og:locale\" content=\"fr_FR\" \/>\n<meta property=\"og:type\" content=\"article\" \/>\n<meta property=\"og:title\" content=\"Centres de sant\u00e9 int\u00e9gratifs et pluridisciplinaires ~ Blog de Medoucine\" \/>\n<meta property=\"og:description\" content=\"[vc_row][vc_column][vc_single_image image=\u00a0\u00bb29584&Prime; img_size=\u00a0\u00bbfull\u00a0\u00bb][vc_column_text]M\u00e9doucine recense les lieux de sant\u00e9 int\u00e9gratifs, qui combinent m\u00e9decine conventionnelle et pratiques compl\u00e9mentaires, et les centres pluridisciplinaires o\u00f9 op\u00e8rent diff\u00e9rents praticiens. Nous souhaitons ainsi soutenir ces initiatives.[\/vc_column_text][vc_column_text][businessdirectory][\/vc_column_text][\/vc_column][\/vc_row]\" \/>\n<meta property=\"og:url\" content=\"https:\/\/www.medoucine.com\/blog\/centres-integratifs-pluridisciplinaires\/\" \/>\n<meta property=\"og:site_name\" content=\"Blog de Medoucine\" \/>\n<meta property=\"article:publisher\" content=\"https:\/\/www.facebook.com\/medoucine\/\" \/>\n<meta property=\"article:modified_time\" content=\"2023-10-25T11:24:27+00:00\" \/>\n<meta name=\"twitter:card\" content=\"summary_large_image\" \/>\n<meta name=\"twitter:site\" content=\"@medoucinefr\" \/>\n<script type=\"application\/ld+json\" class=\"yoast-schema-graph\">{\"@context\":\"https:\/\/schema.org\",\"@graph\":[{\"@type\":\"WebPage\",\"@id\":\"https:\/\/www.medoucine.com\/blog\/centres-integratifs-pluridisciplinaires\/\",\"url\":\"https:\/\/www.medoucine.com\/blog\/centres-integratifs-pluridisciplinaires\/\",\"name\":\"Centres de sant\u00e9 int\u00e9gratifs et pluridisciplinaires ~ Blog de Medoucine\",\"isPartOf\":{\"@id\":\"https:\/\/www.medoucine.com\/blog\/#website\"},\"datePublished\":\"2023-10-25T09:57:38+00:00\",\"dateModified\":\"2023-10-25T11:24:27+00:00\",\"breadcrumb\":{\"@id\":\"https:\/\/www.medoucine.com\/blog\/centres-integratifs-pluridisciplinaires\/#breadcrumb\"},\"inLanguage\":\"fr-FR\",\"potentialAction\":[{\"@type\":\"ReadAction\",\"target\":[\"https:\/\/www.medoucine.com\/blog\/centres-integratifs-pluridisciplinaires\/\"]}]},{\"@type\":\"BreadcrumbList\",\"@id\":\"https:\/\/www.medoucine.com\/blog\/centres-integratifs-pluridisciplinaires\/#breadcrumb\",\"itemListElement\":[{\"@type\":\"ListItem\",\"position\":1,\"name\":\"Blog Medoucine\",\"item\":\"https:\/\/www.medoucine.com\/blog\/\"},{\"@type\":\"ListItem\",\"position\":2,\"name\":\"Centres de sant\u00e9 int\u00e9gratifs et pluridisciplinaires\"}]},{\"@type\":\"WebSite\",\"@id\":\"https:\/\/www.medoucine.com\/blog\/#website\",\"url\":\"https:\/\/www.medoucine.com\/blog\/\",\"name\":\"Blog de Medoucine\",\"description\":\"Le blog des m\u00e9decines douces\",\"publisher\":{\"@id\":\"https:\/\/www.medoucine.com\/blog\/#organization\"},\"potentialAction\":[{\"@type\":\"SearchAction\",\"target\":{\"@type\":\"EntryPoint\",\"urlTemplate\":\"https:\/\/www.medoucine.com\/blog\/?s={search_term_string}\"},\"query-input\":{\"@type\":\"PropertyValueSpecification\",\"valueRequired\":true,\"valueName\":\"search_term_string\"}}],\"inLanguage\":\"fr-FR\"},{\"@type\":\"Organization\",\"@id\":\"https:\/\/www.medoucine.com\/blog\/#organization\",\"name\":\"Medoucine\",\"url\":\"https:\/\/www.medoucine.com\/blog\/\",\"logo\":{\"@type\":\"ImageObject\",\"inLanguage\":\"fr-FR\",\"@id\":\"https:\/\/www.medoucine.com\/blog\/#\/schema\/logo\/image\/\",\"url\":\"https:\/\/www.medoucine.com\/blog\/wp-content\/uploads\/2019\/07\/logo@3x.png\",\"contentUrl\":\"https:\/\/www.medoucine.com\/blog\/wp-content\/uploads\/2019\/07\/logo@3x.png\",\"width\":555,\"height\":135,\"caption\":\"Medoucine\"},\"image\":{\"@id\":\"https:\/\/www.medoucine.com\/blog\/#\/schema\/logo\/image\/\"},\"sameAs\":[\"https:\/\/www.facebook.com\/medoucine\/\",\"https:\/\/x.com\/medoucinefr\",\"https:\/\/www.instagram.com\/medoucine\/\",\"https:\/\/www.youtube.com\/channel\/UCtZeUeJ_KebYK0KJAXjJV8g\"]}]}<\/script>\n<!-- \/ Yoast SEO plugin. -->","yoast_head_json":{"title":"Centres de sant\u00e9 int\u00e9gratifs et pluridisciplinaires ~ Blog de Medoucine","robots":{"index":"index","follow":"follow","max-snippet":"max-snippet:-1","max-image-preview":"max-image-preview:large","max-video-preview":"max-video-preview:-1"},"canonical":"https:\/\/www.medoucine.com\/blog\/centres-integratifs-pluridisciplinaires\/","og_locale":"fr_FR","og_type":"article","og_title":"Centres de sant\u00e9 int\u00e9gratifs et pluridisciplinaires ~ Blog de Medoucine","og_description":"[vc_row][vc_column][vc_single_image image=\u00a0\u00bb29584&Prime; img_size=\u00a0\u00bbfull\u00a0\u00bb][vc_column_text]M\u00e9doucine recense les lieux de sant\u00e9 int\u00e9gratifs, qui combinent m\u00e9decine conventionnelle et pratiques compl\u00e9mentaires, et les centres pluridisciplinaires o\u00f9 op\u00e8rent diff\u00e9rents praticiens. Nous souhaitons ainsi soutenir ces initiatives.[\/vc_column_text][vc_column_text][businessdirectory][\/vc_column_text][\/vc_column][\/vc_row]","og_url":"https:\/\/www.medoucine.com\/blog\/centres-integratifs-pluridisciplinaires\/","og_site_name":"Blog de Medoucine","article_publisher":"https:\/\/www.facebook.com\/medoucine\/","article_modified_time":"2023-10-25T11:24:27+00:00","twitter_card":"summary_large_image","twitter_site":"@medoucinefr","schema":{"@context":"https:\/\/schema.org","@graph":[{"@type":"WebPage","@id":"https:\/\/www.medoucine.com\/blog\/centres-integratifs-pluridisciplinaires\/","url":"https:\/\/www.medoucine.com\/blog\/centres-integratifs-pluridisciplinaires\/","name":"Centres de sant\u00e9 int\u00e9gratifs et pluridisciplinaires ~ Blog de Medoucine","isPartOf":{"@id":"https:\/\/www.medoucine.com\/blog\/#website"},"datePublished":"2023-10-25T09:57:38+00:00","dateModified":"2023-10-25T11:24:27+00:00","breadcrumb":{"@id":"https:\/\/www.medoucine.com\/blog\/centres-integratifs-pluridisciplinaires\/#breadcrumb"},"inLanguage":"fr-FR","potentialAction":[{"@type":"ReadAction","target":["https:\/\/www.medoucine.com\/blog\/centres-integratifs-pluridisciplinaires\/"]}]},{"@type":"BreadcrumbList","@id":"https:\/\/www.medoucine.com\/blog\/centres-integratifs-pluridisciplinaires\/#breadcrumb","itemListElement":[{"@type":"ListItem","position":1,"name":"Blog Medoucine","item":"https:\/\/www.medoucine.com\/blog\/"},{"@type":"ListItem","position":2,"name":"Centres de sant\u00e9 int\u00e9gratifs et pluridisciplinaires"}]},{"@type":"WebSite","@id":"https:\/\/www.medoucine.com\/blog\/#website","url":"https:\/\/www.medoucine.com\/blog\/","name":"Blog de Medoucine","description":"Le blog des m\u00e9decines douces","publisher":{"@id":"https:\/\/www.medoucine.com\/blog\/#organization"},"potentialAction":[{"@type":"SearchAction","target":{"@type":"EntryPoint","urlTemplate":"https:\/\/www.medoucine.com\/blog\/?s={search_term_string}"},"query-input":{"@type":"PropertyValueSpecification","valueRequired":true,"valueName":"search_term_string"}}],"inLanguage":"fr-FR"},{"@type":"Organization","@id":"https:\/\/www.medoucine.com\/blog\/#organization","name":"Medoucine","url":"https:\/\/www.medoucine.com\/blog\/","logo":{"@type":"ImageObject","inLanguage":"fr-FR","@id":"https:\/\/www.medoucine.com\/blog\/#\/schema\/logo\/image\/","url":"https:\/\/www.medoucine.com\/blog\/wp-content\/uploads\/2019\/07\/logo@3x.png","contentUrl":"https:\/\/www.medoucine.com\/blog\/wp-content\/uploads\/2019\/07\/logo@3x.png","width":555,"height":135,"caption":"Medoucine"},"image":{"@id":"https:\/\/www.medoucine.com\/blog\/#\/schema\/logo\/image\/"},"sameAs":["https:\/\/www.facebook.com\/medoucine\/","https:\/\/x.com\/medoucinefr","https:\/\/www.instagram.com\/medoucine\/","https:\/\/www.youtube.com\/channel\/UCtZeUeJ_KebYK0KJAXjJV8g"]}]}},"_links":{"self":[{"href":"https:\/\/www.medoucine.com\/blog\/wp-json\/wp\/v2\/pages\/29578","targetHints":{"allow":["GET"]}}],"collection":[{"href":"https:\/\/www.medoucine.com\/blog\/wp-json\/wp\/v2\/pages"}],"about":[{"href":"https:\/\/www.medoucine.com\/blog\/wp-json\/wp\/v2\/types\/page"}],"author":[{"embeddable":true,"href":"https:\/\/www.medoucine.com\/blog\/wp-json\/wp\/v2\/users\/220"}],"replies":[{"embeddable":true,"href":"https:\/\/www.medoucine.com\/blog\/wp-json\/wp\/v2\/comments?post=29578"}],"version-history":[{"count":6,"href":"https:\/\/www.medoucine.com\/blog\/wp-json\/wp\/v2\/pages\/29578\/revisions"}],"predecessor-version":[{"id":29588,"href":"https:\/\/www.medoucine.com\/blog\/wp-json\/wp\/v2\/pages\/29578\/revisions\/29588"}],"wp:attachment":[{"href":"https:\/\/www.medoucine.com\/blog\/wp-json\/wp\/v2\/media?parent=29578"}],"curies":[{"name":"wp","href":"https:\/\/api.w.org\/{rel}","templated":true}]}}