{"id":28544,"date":"2023-07-24T16:16:58","date_gmt":"2023-07-24T14:16:58","guid":{"rendered":"https:\/\/www.medoucine.com\/blog\/?page_id=28544"},"modified":"2024-06-13T16:19:19","modified_gmt":"2024-06-13T14:19:19","slug":"guide-gratuit-hypersensibilite","status":"publish","type":"page","link":"https:\/\/www.medoucine.com\/blog\/guides\/guide-gratuit-hypersensibilite\/","title":{"rendered":"Guide gratuit &#8211; Hypersensible ? 10 signes pour le savoir"},"content":{"rendered":"<div class=\"wpb-content-wrapper\">[vc_row css=\u00a0\u00bb.vc_custom_1593161511770{margin-top: -15px !important;}\u00a0\u00bb][vc_column width=\u00a0\u00bb2\/3&Prime;][vc_single_image image=\u00a0\u00bb28546&Prime; img_size=\u00a0\u00bb636&#215;256&Prime; alignment=\u00a0\u00bbcenter\u00a0\u00bb][vc_column_text]<strong>L&rsquo;hypersensibilit\u00e9 est une caract\u00e9ristique \u00e9motionnelle<\/strong> qui peut \u00eatre v\u00e9cue de mani\u00e8re intense par certaines personnes. C&rsquo;est une sensibilit\u00e9 accrue aux stimuli internes et externes, pouvant provoquer des <strong>r\u00e9actions \u00e9motionnelles plus prononc\u00e9es que la moyenne.<\/strong> Pour ceux qui en font l&rsquo;exp\u00e9rience, il est conseill\u00e9 d&rsquo;apprendre \u00e0 g\u00e9rer cette hypersensibilit\u00e9 afin de pr\u00e9server un \u00e9quilibre \u00e9motionnel et une qualit\u00e9 de vie \u00e9panouissante.<\/p>\n<p><strong>Prendre soin de son bien-\u00eatre \u00e9motionnel peut aider \u00e0 att\u00e9nuer les effets de l&rsquo;hypersensibilit\u00e9.<\/strong> Des approches telles que la m\u00e9ditation, la pleine conscience ou la th\u00e9rapie peuvent \u00eatre b\u00e9n\u00e9fiques pour mieux g\u00e9rer les \u00e9motions intenses et favoriser un \u00e9quilibre \u00e9motionnel durable.<\/p>\n<p>En apprenant \u00e0 <strong>comprendre votre hypersensibilit\u00e9<\/strong> et en adoptant des strat\u00e9gies adapt\u00e9es, vous pouvez aborder cette caract\u00e9ristique de mani\u00e8re plus sereine et avec plus de confort. C&rsquo;est pourquoi M\u00e9doucine a cr\u00e9\u00e9 <strong>un guide sp\u00e9cialement con\u00e7u pour vous offrir les cl\u00e9s d&rsquo;une meilleure gestion de l&rsquo;hypersensibilit\u00e9.<\/strong><\/p>\n<p><strong>Gr\u00e2ce \u00e0 ce guide, d\u00e9couvrez des conseils pratiques et des approches naturelles pour mieux comprendre et apprivoiser votre hypersensibilit\u00e9.<\/strong>[\/vc_column_text][\/vc_column][vc_column width=\u00a0\u00bb1\/3&Prime;][vc_raw_html]JTNDaWZyYW1lJTIwd2lkdGglM0QlMjI1NDAlMjIlMjBoZWlnaHQlM0QlMjI1OTAlMjIlMjBzcmMlM0QlMjJodHRwcyUzQSUyRiUyRjk2ZTQzYTMwLnNpYmZvcm1zLmNvbSUyRnNlcnZlJTJGTVVJRkFOeFV4enpXc0d4Qmt4aDQzbW1lQmZ5dHhCRHVBdDYtNUhSVk45VFZvT0pKN2gyNUtSUWNKcDBkd1lpREVNMUFPd3B5aTNpZ3hnb01YelpLZHJ3dFVHdWtiT0RydE80amlfenVaMGl4ZDJfZG54V05HbkFMTFAtOVhZTm43bXJVeTdoQkxlOHJYT2VFZzlCeW9UbnE4R191Q3J5ZkhuTEl3MUI3NjJrcmZEaW9xRXRSTF9LaFhETUw3ZG1KdDE2UlN2cUEwN0taV2RlTiUyMiUyMGZyYW1lYm9yZGVyJTNEJTIyMCUyMiUyMHNjcm9sbGluZyUzRCUyMmF1dG8lMjIlMjBhbGxvd2Z1bGxzY3JlZW4lMjBzdHlsZSUzRCUyMmRpc3BsYXklM0ElMjBibG9jayUzQm1hcmdpbi1sZWZ0JTNBJTIwYXV0byUzQm1hcmdpbi1yaWdodCUzQSUyMGF1dG8lM0JtYXgtd2lkdGglM0ElMjAxMDAlMjUlM0IlMjIlM0UlM0MlMkZpZnJhbWUlM0U=[\/vc_raw_html][\/vc_column][\/vc_row]\n<\/div>","protected":false},"excerpt":{"rendered":"<p>[vc_row css=\u00a0\u00bb.vc_custom_1593161511770{margin-top: -15px !important;}\u00a0\u00bb][vc_column width=\u00a0\u00bb2\/3&Prime;][vc_single_image image=\u00a0\u00bb28546&Prime; img_size=\u00a0\u00bb636&#215;256&Prime; alignment=\u00a0\u00bbcenter\u00a0\u00bb][vc_column_text]L&rsquo;hypersensibilit\u00e9 est une caract\u00e9ristique \u00e9motionnelle qui peut \u00eatre v\u00e9cue de mani\u00e8re intense par certaines personnes. C&rsquo;est une sensibilit\u00e9 accrue aux stimuli internes et externes, pouvant provoquer des r\u00e9actions \u00e9motionnelles plus prononc\u00e9es que la moyenne. Pour ceux qui en font l&rsquo;exp\u00e9rience, il est conseill\u00e9 d&rsquo;apprendre \u00e0 g\u00e9rer cette hypersensibilit\u00e9 afin de pr\u00e9server un \u00e9quilibre \u00e9motionnel et une qualit\u00e9 de vie \u00e9panouissante. Prendre soin de son bien-\u00eatre \u00e9motionnel peut aider \u00e0 att\u00e9nuer les effets de l&rsquo;hypersensibilit\u00e9. Des approches telles que la m\u00e9ditation, la pleine conscience ou la th\u00e9rapie peuvent \u00eatre b\u00e9n\u00e9fiques pour mieux g\u00e9rer les \u00e9motions intenses et favoriser un \u00e9quilibre \u00e9motionnel durable. En apprenant \u00e0 comprendre votre hypersensibilit\u00e9 et en adoptant des strat\u00e9gies adapt\u00e9es, vous pouvez aborder cette caract\u00e9ristique de mani\u00e8re plus sereine et avec plus de confort. C&rsquo;est [&hellip;]<\/p>\n","protected":false},"author":781,"featured_media":0,"parent":5655,"menu_order":0,"comment_status":"closed","ping_status":"closed","template":"","meta":{"_acf_changed":false,"footnotes":""},"class_list":["post-28544","page","type-page","status-publish","hentry"],"acf":[],"yoast_head":"<!-- This site is optimized with the Yoast SEO plugin v27.1.1 - https:\/\/yoast.com\/product\/yoast-seo-wordpress\/ -->\n<title>Guide gratuit - Hypersensible ? 10 signes pour le savoir ~ Blog de Medoucine<\/title>\n<meta name=\"description\" content=\"Gr\u00e2ce \u00e0 ce guide, d\u00e9couvrez des solutions naturelles pour renforcer votre syst\u00e8me immunitaire, qui est au c\u0153ur de votre sant\u00e9.\" \/>\n<meta name=\"robots\" content=\"index, follow, max-snippet:-1, max-image-preview:large, max-video-preview:-1\" \/>\n<link rel=\"canonical\" href=\"https:\/\/www.medoucine.com\/blog\/guides\/guide-gratuit-hypersensibilite\/\" \/>\n<meta property=\"og:locale\" content=\"fr_FR\" \/>\n<meta property=\"og:type\" content=\"article\" \/>\n<meta property=\"og:title\" content=\"Guide gratuit - Hypersensible ? 10 signes pour le savoir ~ Blog de Medoucine\" \/>\n<meta property=\"og:description\" content=\"Gr\u00e2ce \u00e0 ce guide, d\u00e9couvrez des solutions naturelles pour renforcer votre syst\u00e8me immunitaire, qui est au c\u0153ur de votre sant\u00e9.\" \/>\n<meta property=\"og:url\" content=\"https:\/\/www.medoucine.com\/blog\/guides\/guide-gratuit-hypersensibilite\/\" \/>\n<meta property=\"og:site_name\" content=\"Blog de Medoucine\" \/>\n<meta property=\"article:publisher\" content=\"https:\/\/www.facebook.com\/medoucine\/\" \/>\n<meta property=\"article:modified_time\" content=\"2024-06-13T14:19:19+00:00\" \/>\n<meta name=\"twitter:card\" content=\"summary_large_image\" \/>\n<meta name=\"twitter:site\" content=\"@medoucinefr\" \/>\n<meta name=\"twitter:label1\" content=\"Dur\u00e9e de lecture estim\u00e9e\" \/>\n\t<meta name=\"twitter:data1\" content=\"2 minutes\" \/>\n<script type=\"application\/ld+json\" class=\"yoast-schema-graph\">{\"@context\":\"https:\/\/schema.org\",\"@graph\":[{\"@type\":\"WebPage\",\"@id\":\"https:\/\/www.medoucine.com\/blog\/guides\/guide-gratuit-hypersensibilite\/\",\"url\":\"https:\/\/www.medoucine.com\/blog\/guides\/guide-gratuit-hypersensibilite\/\",\"name\":\"Guide gratuit - Hypersensible ? 10 signes pour le savoir ~ Blog de Medoucine\",\"isPartOf\":{\"@id\":\"https:\/\/www.medoucine.com\/blog\/#website\"},\"datePublished\":\"2023-07-24T14:16:58+00:00\",\"dateModified\":\"2024-06-13T14:19:19+00:00\",\"description\":\"Gr\u00e2ce \u00e0 ce guide, d\u00e9couvrez des solutions naturelles pour renforcer votre syst\u00e8me immunitaire, qui est au c\u0153ur de votre sant\u00e9.\",\"breadcrumb\":{\"@id\":\"https:\/\/www.medoucine.com\/blog\/guides\/guide-gratuit-hypersensibilite\/#breadcrumb\"},\"inLanguage\":\"fr-FR\",\"potentialAction\":[{\"@type\":\"ReadAction\",\"target\":[\"https:\/\/www.medoucine.com\/blog\/guides\/guide-gratuit-hypersensibilite\/\"]}]},{\"@type\":\"BreadcrumbList\",\"@id\":\"https:\/\/www.medoucine.com\/blog\/guides\/guide-gratuit-hypersensibilite\/#breadcrumb\",\"itemListElement\":[{\"@type\":\"ListItem\",\"position\":1,\"name\":\"Blog Medoucine\",\"item\":\"https:\/\/www.medoucine.com\/blog\/\"},{\"@type\":\"ListItem\",\"position\":2,\"name\":\"Guides gratuits \u00e0 t\u00e9l\u00e9charger\",\"item\":\"https:\/\/www.medoucine.com\/blog\/guides\/\"},{\"@type\":\"ListItem\",\"position\":3,\"name\":\"Guide gratuit &#8211; Hypersensible ? 10 signes pour le savoir\"}]},{\"@type\":\"WebSite\",\"@id\":\"https:\/\/www.medoucine.com\/blog\/#website\",\"url\":\"https:\/\/www.medoucine.com\/blog\/\",\"name\":\"Blog de Medoucine\",\"description\":\"Le blog des m\u00e9decines douces\",\"publisher\":{\"@id\":\"https:\/\/www.medoucine.com\/blog\/#organization\"},\"potentialAction\":[{\"@type\":\"SearchAction\",\"target\":{\"@type\":\"EntryPoint\",\"urlTemplate\":\"https:\/\/www.medoucine.com\/blog\/?s={search_term_string}\"},\"query-input\":{\"@type\":\"PropertyValueSpecification\",\"valueRequired\":true,\"valueName\":\"search_term_string\"}}],\"inLanguage\":\"fr-FR\"},{\"@type\":\"Organization\",\"@id\":\"https:\/\/www.medoucine.com\/blog\/#organization\",\"name\":\"Medoucine\",\"url\":\"https:\/\/www.medoucine.com\/blog\/\",\"logo\":{\"@type\":\"ImageObject\",\"inLanguage\":\"fr-FR\",\"@id\":\"https:\/\/www.medoucine.com\/blog\/#\/schema\/logo\/image\/\",\"url\":\"https:\/\/www.medoucine.com\/blog\/wp-content\/uploads\/2019\/07\/logo@3x.png\",\"contentUrl\":\"https:\/\/www.medoucine.com\/blog\/wp-content\/uploads\/2019\/07\/logo@3x.png\",\"width\":555,\"height\":135,\"caption\":\"Medoucine\"},\"image\":{\"@id\":\"https:\/\/www.medoucine.com\/blog\/#\/schema\/logo\/image\/\"},\"sameAs\":[\"https:\/\/www.facebook.com\/medoucine\/\",\"https:\/\/x.com\/medoucinefr\",\"https:\/\/www.instagram.com\/medoucine\/\",\"https:\/\/www.youtube.com\/channel\/UCtZeUeJ_KebYK0KJAXjJV8g\"]}]}<\/script>\n<!-- \/ Yoast SEO plugin. -->","yoast_head_json":{"title":"Guide gratuit - Hypersensible ? 10 signes pour le savoir ~ Blog de Medoucine","description":"Gr\u00e2ce \u00e0 ce guide, d\u00e9couvrez des solutions naturelles pour renforcer votre syst\u00e8me immunitaire, qui est au c\u0153ur de votre sant\u00e9.","robots":{"index":"index","follow":"follow","max-snippet":"max-snippet:-1","max-image-preview":"max-image-preview:large","max-video-preview":"max-video-preview:-1"},"canonical":"https:\/\/www.medoucine.com\/blog\/guides\/guide-gratuit-hypersensibilite\/","og_locale":"fr_FR","og_type":"article","og_title":"Guide gratuit - Hypersensible ? 10 signes pour le savoir ~ Blog de Medoucine","og_description":"Gr\u00e2ce \u00e0 ce guide, d\u00e9couvrez des solutions naturelles pour renforcer votre syst\u00e8me immunitaire, qui est au c\u0153ur de votre sant\u00e9.","og_url":"https:\/\/www.medoucine.com\/blog\/guides\/guide-gratuit-hypersensibilite\/","og_site_name":"Blog de Medoucine","article_publisher":"https:\/\/www.facebook.com\/medoucine\/","article_modified_time":"2024-06-13T14:19:19+00:00","twitter_card":"summary_large_image","twitter_site":"@medoucinefr","twitter_misc":{"Dur\u00e9e de lecture estim\u00e9e":"2 minutes"},"schema":{"@context":"https:\/\/schema.org","@graph":[{"@type":"WebPage","@id":"https:\/\/www.medoucine.com\/blog\/guides\/guide-gratuit-hypersensibilite\/","url":"https:\/\/www.medoucine.com\/blog\/guides\/guide-gratuit-hypersensibilite\/","name":"Guide gratuit - Hypersensible ? 10 signes pour le savoir ~ Blog de Medoucine","isPartOf":{"@id":"https:\/\/www.medoucine.com\/blog\/#website"},"datePublished":"2023-07-24T14:16:58+00:00","dateModified":"2024-06-13T14:19:19+00:00","description":"Gr\u00e2ce \u00e0 ce guide, d\u00e9couvrez des solutions naturelles pour renforcer votre syst\u00e8me immunitaire, qui est au c\u0153ur de votre sant\u00e9.","breadcrumb":{"@id":"https:\/\/www.medoucine.com\/blog\/guides\/guide-gratuit-hypersensibilite\/#breadcrumb"},"inLanguage":"fr-FR","potentialAction":[{"@type":"ReadAction","target":["https:\/\/www.medoucine.com\/blog\/guides\/guide-gratuit-hypersensibilite\/"]}]},{"@type":"BreadcrumbList","@id":"https:\/\/www.medoucine.com\/blog\/guides\/guide-gratuit-hypersensibilite\/#breadcrumb","itemListElement":[{"@type":"ListItem","position":1,"name":"Blog Medoucine","item":"https:\/\/www.medoucine.com\/blog\/"},{"@type":"ListItem","position":2,"name":"Guides gratuits \u00e0 t\u00e9l\u00e9charger","item":"https:\/\/www.medoucine.com\/blog\/guides\/"},{"@type":"ListItem","position":3,"name":"Guide gratuit &#8211; Hypersensible ? 10 signes pour le savoir"}]},{"@type":"WebSite","@id":"https:\/\/www.medoucine.com\/blog\/#website","url":"https:\/\/www.medoucine.com\/blog\/","name":"Blog de Medoucine","description":"Le blog des m\u00e9decines douces","publisher":{"@id":"https:\/\/www.medoucine.com\/blog\/#organization"},"potentialAction":[{"@type":"SearchAction","target":{"@type":"EntryPoint","urlTemplate":"https:\/\/www.medoucine.com\/blog\/?s={search_term_string}"},"query-input":{"@type":"PropertyValueSpecification","valueRequired":true,"valueName":"search_term_string"}}],"inLanguage":"fr-FR"},{"@type":"Organization","@id":"https:\/\/www.medoucine.com\/blog\/#organization","name":"Medoucine","url":"https:\/\/www.medoucine.com\/blog\/","logo":{"@type":"ImageObject","inLanguage":"fr-FR","@id":"https:\/\/www.medoucine.com\/blog\/#\/schema\/logo\/image\/","url":"https:\/\/www.medoucine.com\/blog\/wp-content\/uploads\/2019\/07\/logo@3x.png","contentUrl":"https:\/\/www.medoucine.com\/blog\/wp-content\/uploads\/2019\/07\/logo@3x.png","width":555,"height":135,"caption":"Medoucine"},"image":{"@id":"https:\/\/www.medoucine.com\/blog\/#\/schema\/logo\/image\/"},"sameAs":["https:\/\/www.facebook.com\/medoucine\/","https:\/\/x.com\/medoucinefr","https:\/\/www.instagram.com\/medoucine\/","https:\/\/www.youtube.com\/channel\/UCtZeUeJ_KebYK0KJAXjJV8g"]}]}},"_links":{"self":[{"href":"https:\/\/www.medoucine.com\/blog\/wp-json\/wp\/v2\/pages\/28544","targetHints":{"allow":["GET"]}}],"collection":[{"href":"https:\/\/www.medoucine.com\/blog\/wp-json\/wp\/v2\/pages"}],"about":[{"href":"https:\/\/www.medoucine.com\/blog\/wp-json\/wp\/v2\/types\/page"}],"author":[{"embeddable":true,"href":"https:\/\/www.medoucine.com\/blog\/wp-json\/wp\/v2\/users\/781"}],"replies":[{"embeddable":true,"href":"https:\/\/www.medoucine.com\/blog\/wp-json\/wp\/v2\/comments?post=28544"}],"version-history":[{"count":11,"href":"https:\/\/www.medoucine.com\/blog\/wp-json\/wp\/v2\/pages\/28544\/revisions"}],"predecessor-version":[{"id":31893,"href":"https:\/\/www.medoucine.com\/blog\/wp-json\/wp\/v2\/pages\/28544\/revisions\/31893"}],"up":[{"embeddable":true,"href":"https:\/\/www.medoucine.com\/blog\/wp-json\/wp\/v2\/pages\/5655"}],"wp:attachment":[{"href":"https:\/\/www.medoucine.com\/blog\/wp-json\/wp\/v2\/media?parent=28544"}],"curies":[{"name":"wp","href":"https:\/\/api.w.org\/{rel}","templated":true}]}}