{"id":28537,"date":"2023-07-25T17:00:19","date_gmt":"2023-07-25T15:00:19","guid":{"rendered":"https:\/\/www.medoucine.com\/blog\/?page_id=28537"},"modified":"2024-06-13T16:20:06","modified_gmt":"2024-06-13T14:20:06","slug":"guide-gratuit-menopause","status":"publish","type":"page","link":"https:\/\/www.medoucine.com\/blog\/guides\/guide-gratuit-menopause\/","title":{"rendered":"Guide gratuit pour soulager les effets ind\u00e9sirables de la M\u00e9nopause"},"content":{"rendered":"<div class=\"wpb-content-wrapper\">[vc_row css=\u00a0\u00bb.vc_custom_1593161511770{margin-top: -15px !important;}\u00a0\u00bb][vc_column width=\u00a0\u00bb2\/3&Prime;][vc_single_image image=\u00a0\u00bb28539&Prime; img_size=\u00a0\u00bb636&#215;256&Prime; alignment=\u00a0\u00bbcenter\u00a0\u00bb][vc_column_text]<strong>La m\u00e9nopause est une \u00e9tape importante dans la vie d&rsquo;une femme.<\/strong> C&rsquo;est une p\u00e9riode de transition o\u00f9 les hormones jouent un r\u00f4le central. Le corps subit des changements significatifs, et <strong>il est essentiel de prendre soin de sa sant\u00e9<\/strong> pendant cette phase.<\/p>\n<p>Le syst\u00e8me hormonal est au c\u0153ur de cette p\u00e9riode de la vie. Les hormones reproductives, telles que les \u0153strog\u00e8nes et la progest\u00e9rone, connaissent des fluctuations importantes, <strong>ce qui peut entra\u00eener des sympt\u00f4mes<\/strong> tels que bouff\u00e9es de chaleur, sautes d&rsquo;humeur et troubles du sommeil. Prendre soin de son syst\u00e8me hormonal peut aider \u00e0 att\u00e9nuer ces sympt\u00f4mes et favoriser un bien-\u00eatre global.<\/p>\n<p>En prenant soin de votre sant\u00e9 hormonale, <strong>vous pouvez aborder la m\u00e9nopause avec s\u00e9r\u00e9nit\u00e9 et confort<\/strong>. C&rsquo;est pourquoi M\u00e9doucine a \u00e9labor\u00e9 un guide sp\u00e9cialement con\u00e7u pour vous donner les cl\u00e9s d&rsquo;un \u00e9quilibre hormonal optimal.<\/p>\n<p><strong>Gr\u00e2ce \u00e0 ce guide, d\u00e9couvrez des solutions naturelles pour prendre soin de votre sant\u00e9 hormonale.<\/strong>[\/vc_column_text][\/vc_column][vc_column width=\u00a0\u00bb1\/3&Prime;][vc_raw_html]JTNDaWZyYW1lJTIwd2lkdGglM0QlMjI1NDAlMjIlMjBoZWlnaHQlM0QlMjI2MjAlMjIlMjBzcmMlM0QlMjJodHRwcyUzQSUyRiUyRjk2ZTQzYTMwLnNpYmZvcm1zLmNvbSUyRnNlcnZlJTJGTVVJRkFLcERFQmlfekFyQkRpVUpCSTMzZVNXcnpmNmdTdXRmUEhoUkstVlR6M3VmWm5kajlmenl3aTlsY2ZGWVNmTUpBd3l4U29vdjduWkUtRHFOTHkzVzhtQ0pwWVhGNHVQbnNheG1FcXFHS3ZyV3hsOUFWNWhyVklPdmNralRTZThISlRTN1lGekRKeS01Um1VYkotNkxXUTBoaXcxeEhFV1BDVU12RlFMR1pXdXIwekpqOVY1MFdFNkROS2p3QTRKRXNCbExMU2RoODc1eCUyMiUyMGZyYW1lYm9yZGVyJTNEJTIyMCUyMiUyMHNjcm9sbGluZyUzRCUyMmF1dG8lMjIlMjBhbGxvd2Z1bGxzY3JlZW4lMjBzdHlsZSUzRCUyMmRpc3BsYXklM0ElMjBibG9jayUzQm1hcmdpbi1sZWZ0JTNBJTIwYXV0byUzQm1hcmdpbi1yaWdodCUzQSUyMGF1dG8lM0JtYXgtd2lkdGglM0ElMjAxMDAlMjUlM0IlMjIlM0UlM0MlMkZpZnJhbWUlM0U=[\/vc_raw_html][\/vc_column][\/vc_row]\n<\/div>","protected":false},"excerpt":{"rendered":"<p>[vc_row css=\u00a0\u00bb.vc_custom_1593161511770{margin-top: -15px !important;}\u00a0\u00bb][vc_column width=\u00a0\u00bb2\/3&Prime;][vc_single_image image=\u00a0\u00bb28539&Prime; img_size=\u00a0\u00bb636&#215;256&Prime; alignment=\u00a0\u00bbcenter\u00a0\u00bb][vc_column_text]La m\u00e9nopause est une \u00e9tape importante dans la vie d&rsquo;une femme. C&rsquo;est une p\u00e9riode de transition o\u00f9 les hormones jouent un r\u00f4le central. Le corps subit des changements significatifs, et il est essentiel de prendre soin de sa sant\u00e9 pendant cette phase. Le syst\u00e8me hormonal est au c\u0153ur de cette p\u00e9riode de la vie. Les hormones reproductives, telles que les \u0153strog\u00e8nes et la progest\u00e9rone, connaissent des fluctuations importantes, ce qui peut entra\u00eener des sympt\u00f4mes tels que bouff\u00e9es de chaleur, sautes d&rsquo;humeur et troubles du sommeil. Prendre soin de son syst\u00e8me hormonal peut aider \u00e0 att\u00e9nuer ces sympt\u00f4mes et favoriser un bien-\u00eatre global. En prenant soin de votre sant\u00e9 hormonale, vous pouvez aborder la m\u00e9nopause avec s\u00e9r\u00e9nit\u00e9 et confort. C&rsquo;est pourquoi M\u00e9doucine a \u00e9labor\u00e9 un guide sp\u00e9cialement con\u00e7u pour [&hellip;]<\/p>\n","protected":false},"author":781,"featured_media":0,"parent":5655,"menu_order":0,"comment_status":"closed","ping_status":"closed","template":"","meta":{"_acf_changed":false,"footnotes":""},"class_list":["post-28537","page","type-page","status-publish","hentry"],"acf":[],"yoast_head":"<!-- This site is optimized with the Yoast SEO plugin v27.1.1 - https:\/\/yoast.com\/product\/yoast-seo-wordpress\/ -->\n<title>Guide gratuit pour soulager les effets ind\u00e9sirables de la M\u00e9nopause ~ Blog de Medoucine<\/title>\n<meta name=\"description\" content=\"Gr\u00e2ce \u00e0 ce guide, d\u00e9couvrez des solutions naturelles pour renforcer votre syst\u00e8me immunitaire, qui est au c\u0153ur de votre sant\u00e9.\" \/>\n<meta name=\"robots\" content=\"index, follow, max-snippet:-1, max-image-preview:large, max-video-preview:-1\" \/>\n<link rel=\"canonical\" href=\"https:\/\/www.medoucine.com\/blog\/guides\/guide-gratuit-menopause\/\" \/>\n<meta property=\"og:locale\" content=\"fr_FR\" \/>\n<meta property=\"og:type\" content=\"article\" \/>\n<meta property=\"og:title\" content=\"Guide gratuit pour soulager les effets ind\u00e9sirables de la M\u00e9nopause ~ Blog de Medoucine\" \/>\n<meta property=\"og:description\" content=\"Gr\u00e2ce \u00e0 ce guide, d\u00e9couvrez des solutions naturelles pour renforcer votre syst\u00e8me immunitaire, qui est au c\u0153ur de votre sant\u00e9.\" \/>\n<meta property=\"og:url\" content=\"https:\/\/www.medoucine.com\/blog\/guides\/guide-gratuit-menopause\/\" \/>\n<meta property=\"og:site_name\" content=\"Blog de Medoucine\" \/>\n<meta property=\"article:publisher\" content=\"https:\/\/www.facebook.com\/medoucine\/\" \/>\n<meta property=\"article:modified_time\" content=\"2024-06-13T14:20:06+00:00\" \/>\n<meta name=\"twitter:card\" content=\"summary_large_image\" \/>\n<meta name=\"twitter:site\" content=\"@medoucinefr\" \/>\n<meta name=\"twitter:label1\" content=\"Dur\u00e9e de lecture estim\u00e9e\" \/>\n\t<meta name=\"twitter:data1\" content=\"1 minute\" \/>\n<script type=\"application\/ld+json\" class=\"yoast-schema-graph\">{\"@context\":\"https:\/\/schema.org\",\"@graph\":[{\"@type\":\"WebPage\",\"@id\":\"https:\/\/www.medoucine.com\/blog\/guides\/guide-gratuit-menopause\/\",\"url\":\"https:\/\/www.medoucine.com\/blog\/guides\/guide-gratuit-menopause\/\",\"name\":\"Guide gratuit pour soulager les effets ind\u00e9sirables de la M\u00e9nopause ~ Blog de Medoucine\",\"isPartOf\":{\"@id\":\"https:\/\/www.medoucine.com\/blog\/#website\"},\"datePublished\":\"2023-07-25T15:00:19+00:00\",\"dateModified\":\"2024-06-13T14:20:06+00:00\",\"description\":\"Gr\u00e2ce \u00e0 ce guide, d\u00e9couvrez des solutions naturelles pour renforcer votre syst\u00e8me immunitaire, qui est au c\u0153ur de votre sant\u00e9.\",\"breadcrumb\":{\"@id\":\"https:\/\/www.medoucine.com\/blog\/guides\/guide-gratuit-menopause\/#breadcrumb\"},\"inLanguage\":\"fr-FR\",\"potentialAction\":[{\"@type\":\"ReadAction\",\"target\":[\"https:\/\/www.medoucine.com\/blog\/guides\/guide-gratuit-menopause\/\"]}]},{\"@type\":\"BreadcrumbList\",\"@id\":\"https:\/\/www.medoucine.com\/blog\/guides\/guide-gratuit-menopause\/#breadcrumb\",\"itemListElement\":[{\"@type\":\"ListItem\",\"position\":1,\"name\":\"Blog Medoucine\",\"item\":\"https:\/\/www.medoucine.com\/blog\/\"},{\"@type\":\"ListItem\",\"position\":2,\"name\":\"Guides gratuits \u00e0 t\u00e9l\u00e9charger\",\"item\":\"https:\/\/www.medoucine.com\/blog\/guides\/\"},{\"@type\":\"ListItem\",\"position\":3,\"name\":\"Guide gratuit pour soulager les effets ind\u00e9sirables de la M\u00e9nopause\"}]},{\"@type\":\"WebSite\",\"@id\":\"https:\/\/www.medoucine.com\/blog\/#website\",\"url\":\"https:\/\/www.medoucine.com\/blog\/\",\"name\":\"Blog de Medoucine\",\"description\":\"Le blog des m\u00e9decines douces\",\"publisher\":{\"@id\":\"https:\/\/www.medoucine.com\/blog\/#organization\"},\"potentialAction\":[{\"@type\":\"SearchAction\",\"target\":{\"@type\":\"EntryPoint\",\"urlTemplate\":\"https:\/\/www.medoucine.com\/blog\/?s={search_term_string}\"},\"query-input\":{\"@type\":\"PropertyValueSpecification\",\"valueRequired\":true,\"valueName\":\"search_term_string\"}}],\"inLanguage\":\"fr-FR\"},{\"@type\":\"Organization\",\"@id\":\"https:\/\/www.medoucine.com\/blog\/#organization\",\"name\":\"Medoucine\",\"url\":\"https:\/\/www.medoucine.com\/blog\/\",\"logo\":{\"@type\":\"ImageObject\",\"inLanguage\":\"fr-FR\",\"@id\":\"https:\/\/www.medoucine.com\/blog\/#\/schema\/logo\/image\/\",\"url\":\"https:\/\/www.medoucine.com\/blog\/wp-content\/uploads\/2019\/07\/logo@3x.png\",\"contentUrl\":\"https:\/\/www.medoucine.com\/blog\/wp-content\/uploads\/2019\/07\/logo@3x.png\",\"width\":555,\"height\":135,\"caption\":\"Medoucine\"},\"image\":{\"@id\":\"https:\/\/www.medoucine.com\/blog\/#\/schema\/logo\/image\/\"},\"sameAs\":[\"https:\/\/www.facebook.com\/medoucine\/\",\"https:\/\/x.com\/medoucinefr\",\"https:\/\/www.instagram.com\/medoucine\/\",\"https:\/\/www.youtube.com\/channel\/UCtZeUeJ_KebYK0KJAXjJV8g\"]}]}<\/script>\n<!-- \/ Yoast SEO plugin. -->","yoast_head_json":{"title":"Guide gratuit pour soulager les effets ind\u00e9sirables de la M\u00e9nopause ~ Blog de Medoucine","description":"Gr\u00e2ce \u00e0 ce guide, d\u00e9couvrez des solutions naturelles pour renforcer votre syst\u00e8me immunitaire, qui est au c\u0153ur de votre sant\u00e9.","robots":{"index":"index","follow":"follow","max-snippet":"max-snippet:-1","max-image-preview":"max-image-preview:large","max-video-preview":"max-video-preview:-1"},"canonical":"https:\/\/www.medoucine.com\/blog\/guides\/guide-gratuit-menopause\/","og_locale":"fr_FR","og_type":"article","og_title":"Guide gratuit pour soulager les effets ind\u00e9sirables de la M\u00e9nopause ~ Blog de Medoucine","og_description":"Gr\u00e2ce \u00e0 ce guide, d\u00e9couvrez des solutions naturelles pour renforcer votre syst\u00e8me immunitaire, qui est au c\u0153ur de votre sant\u00e9.","og_url":"https:\/\/www.medoucine.com\/blog\/guides\/guide-gratuit-menopause\/","og_site_name":"Blog de Medoucine","article_publisher":"https:\/\/www.facebook.com\/medoucine\/","article_modified_time":"2024-06-13T14:20:06+00:00","twitter_card":"summary_large_image","twitter_site":"@medoucinefr","twitter_misc":{"Dur\u00e9e de lecture estim\u00e9e":"1 minute"},"schema":{"@context":"https:\/\/schema.org","@graph":[{"@type":"WebPage","@id":"https:\/\/www.medoucine.com\/blog\/guides\/guide-gratuit-menopause\/","url":"https:\/\/www.medoucine.com\/blog\/guides\/guide-gratuit-menopause\/","name":"Guide gratuit pour soulager les effets ind\u00e9sirables de la M\u00e9nopause ~ Blog de Medoucine","isPartOf":{"@id":"https:\/\/www.medoucine.com\/blog\/#website"},"datePublished":"2023-07-25T15:00:19+00:00","dateModified":"2024-06-13T14:20:06+00:00","description":"Gr\u00e2ce \u00e0 ce guide, d\u00e9couvrez des solutions naturelles pour renforcer votre syst\u00e8me immunitaire, qui est au c\u0153ur de votre sant\u00e9.","breadcrumb":{"@id":"https:\/\/www.medoucine.com\/blog\/guides\/guide-gratuit-menopause\/#breadcrumb"},"inLanguage":"fr-FR","potentialAction":[{"@type":"ReadAction","target":["https:\/\/www.medoucine.com\/blog\/guides\/guide-gratuit-menopause\/"]}]},{"@type":"BreadcrumbList","@id":"https:\/\/www.medoucine.com\/blog\/guides\/guide-gratuit-menopause\/#breadcrumb","itemListElement":[{"@type":"ListItem","position":1,"name":"Blog Medoucine","item":"https:\/\/www.medoucine.com\/blog\/"},{"@type":"ListItem","position":2,"name":"Guides gratuits \u00e0 t\u00e9l\u00e9charger","item":"https:\/\/www.medoucine.com\/blog\/guides\/"},{"@type":"ListItem","position":3,"name":"Guide gratuit pour soulager les effets ind\u00e9sirables de la M\u00e9nopause"}]},{"@type":"WebSite","@id":"https:\/\/www.medoucine.com\/blog\/#website","url":"https:\/\/www.medoucine.com\/blog\/","name":"Blog de Medoucine","description":"Le blog des m\u00e9decines douces","publisher":{"@id":"https:\/\/www.medoucine.com\/blog\/#organization"},"potentialAction":[{"@type":"SearchAction","target":{"@type":"EntryPoint","urlTemplate":"https:\/\/www.medoucine.com\/blog\/?s={search_term_string}"},"query-input":{"@type":"PropertyValueSpecification","valueRequired":true,"valueName":"search_term_string"}}],"inLanguage":"fr-FR"},{"@type":"Organization","@id":"https:\/\/www.medoucine.com\/blog\/#organization","name":"Medoucine","url":"https:\/\/www.medoucine.com\/blog\/","logo":{"@type":"ImageObject","inLanguage":"fr-FR","@id":"https:\/\/www.medoucine.com\/blog\/#\/schema\/logo\/image\/","url":"https:\/\/www.medoucine.com\/blog\/wp-content\/uploads\/2019\/07\/logo@3x.png","contentUrl":"https:\/\/www.medoucine.com\/blog\/wp-content\/uploads\/2019\/07\/logo@3x.png","width":555,"height":135,"caption":"Medoucine"},"image":{"@id":"https:\/\/www.medoucine.com\/blog\/#\/schema\/logo\/image\/"},"sameAs":["https:\/\/www.facebook.com\/medoucine\/","https:\/\/x.com\/medoucinefr","https:\/\/www.instagram.com\/medoucine\/","https:\/\/www.youtube.com\/channel\/UCtZeUeJ_KebYK0KJAXjJV8g"]}]}},"_links":{"self":[{"href":"https:\/\/www.medoucine.com\/blog\/wp-json\/wp\/v2\/pages\/28537","targetHints":{"allow":["GET"]}}],"collection":[{"href":"https:\/\/www.medoucine.com\/blog\/wp-json\/wp\/v2\/pages"}],"about":[{"href":"https:\/\/www.medoucine.com\/blog\/wp-json\/wp\/v2\/types\/page"}],"author":[{"embeddable":true,"href":"https:\/\/www.medoucine.com\/blog\/wp-json\/wp\/v2\/users\/781"}],"replies":[{"embeddable":true,"href":"https:\/\/www.medoucine.com\/blog\/wp-json\/wp\/v2\/comments?post=28537"}],"version-history":[{"count":13,"href":"https:\/\/www.medoucine.com\/blog\/wp-json\/wp\/v2\/pages\/28537\/revisions"}],"predecessor-version":[{"id":31864,"href":"https:\/\/www.medoucine.com\/blog\/wp-json\/wp\/v2\/pages\/28537\/revisions\/31864"}],"up":[{"embeddable":true,"href":"https:\/\/www.medoucine.com\/blog\/wp-json\/wp\/v2\/pages\/5655"}],"wp:attachment":[{"href":"https:\/\/www.medoucine.com\/blog\/wp-json\/wp\/v2\/media?parent=28537"}],"curies":[{"name":"wp","href":"https:\/\/api.w.org\/{rel}","templated":true}]}}