{"id":27514,"date":"2023-06-02T17:32:13","date_gmt":"2023-06-02T15:32:13","guid":{"rendered":"https:\/\/www.medoucine.com\/blog\/?page_id=27514"},"modified":"2023-06-15T11:23:46","modified_gmt":"2023-06-15T09:23:46","slug":"temoignage-soulager-les-effets-secondaires-du-cancer-avec-les-pratiques-complementaires","status":"publish","type":"page","link":"https:\/\/www.medoucine.com\/blog\/le-blog-des-medecines-douces\/temoignages-de-medecine-douce\/temoignage-soulager-les-effets-secondaires-du-cancer-avec-les-pratiques-complementaires\/","title":{"rendered":"T\u00e9moignage : soulager les effets secondaires li\u00e9s au cancer avec les pratiques compl\u00e9mentaires"},"content":{"rendered":"<div class=\"wpb-content-wrapper\">[vc_row][vc_column][vc_video link=\u00a0\u00bbhttps:\/\/www.youtube.com\/watch?v=ftXBqZbxB78&Prime; align=\u00a0\u00bbcenter\u00a0\u00bb][vc_column_text]Nous avons invit\u00e9 Agn\u00e8s Messager, utilisatrice de M\u00e9doucine pour une interview face cam\u00e9ra.<\/p>\n<p>L\u2019objectif ? Nous raconter comment les pratiques compl\u00e9mentaires ont pu avoir un impact et des bienfaits sur son bien-\u00eatre comme sur sa sant\u00e9.<\/p>\n<p>Pour cette premi\u00e8re \u00e9dition, Agn\u00e8s nous parle de la synergie de plusieurs pratiques qui lui ont permis de soulager les inconforts li\u00e9s aux traitements de son cancer du sein.<\/p>\n<p>Bienvenue sur \u00ab Paroles d\u2019utilisateurs \u00bb.<\/p>\n<p>Trouvez le bon praticien sur <strong><span style=\"color: #27694d;\"><a style=\"color: #27694d;\" href=\"https:\/\/www.medoucine.com\/\">M\u00e9doucine.com<\/a><\/span><\/strong> et prenez rendez-vous avec un praticien recommand\u00e9.[\/vc_column_text][vc_btn title=\u00a0\u00bbTrouvez un praticien recommand\u00e9\u00a0\u00bb shape=\u00a0\u00bbround\u00a0\u00bb color=\u00a0\u00bbjuicy-pink\u00a0\u00bb size=\u00a0\u00bblg\u00a0\u00bb align=\u00a0\u00bbcenter\u00a0\u00bb link=\u00a0\u00bburl:https%3A%2F%2Fwww.medoucine.com%2Fconsultations%3Fproblematic%3DArr%25C3%25AAter%2Bde%2Bfumer%26practices%3Dpratique%26location%255Bname%255D%3DParis%26location%255Blat%255D%3D48.8640493%26location%255Blng%255D%3D2.3310526%26location%255Bcity%255D%3DParis%26location%255Bpostcode%255D%3D75001%26targets%3Dtous-publics%26home%3Da-domicile-ou-cabinet|title:Trouvez%20un%20praticien%20recommand%C3%A9|target:%20_blank|\u00a0\u00bb][\/vc_column][\/vc_row]\n<\/div>","protected":false},"excerpt":{"rendered":"<p>[vc_row][vc_column][vc_video link=\u00a0\u00bbhttps:\/\/www.youtube.com\/watch?v=ftXBqZbxB78&Prime; align=\u00a0\u00bbcenter\u00a0\u00bb][vc_column_text]Nous avons invit\u00e9 Agn\u00e8s Messager, utilisatrice de M\u00e9doucine pour une interview face cam\u00e9ra. L\u2019objectif ? Nous raconter comment les pratiques compl\u00e9mentaires ont pu avoir un impact et des bienfaits sur son bien-\u00eatre comme sur sa sant\u00e9. Pour cette premi\u00e8re \u00e9dition, Agn\u00e8s nous parle de la synergie de plusieurs pratiques qui lui ont permis de soulager les inconforts li\u00e9s aux traitements de son cancer du sein. Bienvenue sur \u00ab Paroles d\u2019utilisateurs \u00bb. Trouvez le bon praticien sur M\u00e9doucine.com et prenez rendez-vous avec un praticien recommand\u00e9.[\/vc_column_text][vc_btn title=\u00a0\u00bbTrouvez un praticien recommand\u00e9\u00a0\u00bb shape=\u00a0\u00bbround\u00a0\u00bb color=\u00a0\u00bbjuicy-pink\u00a0\u00bb size=\u00a0\u00bblg\u00a0\u00bb align=\u00a0\u00bbcenter\u00a0\u00bb link=\u00a0\u00bburl:https%3A%2F%2Fwww.medoucine.com%2Fconsultations%3Fproblematic%3DArr%25C3%25AAter%2Bde%2Bfumer%26practices%3Dpratique%26location%255Bname%255D%3DParis%26location%255Blat%255D%3D48.8640493%26location%255Blng%255D%3D2.3310526%26location%255Bcity%255D%3DParis%26location%255Bpostcode%255D%3D75001%26targets%3Dtous-publics%26home%3Da-domicile-ou-cabinet|title:Trouvez%20un%20praticien%20recommand%C3%A9|target:%20_blank|\u00a0\u00bb][\/vc_column][\/vc_row]<\/p>\n","protected":false},"author":622,"featured_media":0,"parent":23878,"menu_order":0,"comment_status":"closed","ping_status":"closed","template":"","meta":{"_acf_changed":false,"footnotes":""},"class_list":["post-27514","page","type-page","status-publish","hentry"],"acf":[],"yoast_head":"<!-- This site is optimized with the Yoast SEO plugin v27.1.1 - https:\/\/yoast.com\/product\/yoast-seo-wordpress\/ -->\n<title>T\u00e9moignage : soulager les effets secondaires li\u00e9s au cancer avec les pratiques compl\u00e9mentaires ~ Blog de Medoucine<\/title>\n<meta name=\"robots\" content=\"index, follow, max-snippet:-1, max-image-preview:large, max-video-preview:-1\" \/>\n<link rel=\"canonical\" href=\"https:\/\/www.medoucine.com\/blog\/le-blog-des-medecines-douces\/temoignages-de-medecine-douce\/temoignage-soulager-les-effets-secondaires-du-cancer-avec-les-pratiques-complementaires\/\" \/>\n<meta property=\"og:locale\" content=\"fr_FR\" \/>\n<meta property=\"og:type\" content=\"article\" \/>\n<meta property=\"og:title\" content=\"T\u00e9moignage : soulager les effets secondaires li\u00e9s au cancer avec les pratiques compl\u00e9mentaires ~ Blog de Medoucine\" \/>\n<meta property=\"og:description\" content=\"[vc_row][vc_column][vc_video link=\u00a0\u00bbhttps:\/\/www.youtube.com\/watch?v=ftXBqZbxB78&Prime; align=\u00a0\u00bbcenter\u00a0\u00bb][vc_column_text]Nous avons invit\u00e9 Agn\u00e8s Messager, utilisatrice de M\u00e9doucine pour une interview face cam\u00e9ra. L\u2019objectif ? Nous raconter comment les pratiques compl\u00e9mentaires ont pu avoir un impact et des bienfaits sur son bien-\u00eatre comme sur sa sant\u00e9. Pour cette premi\u00e8re \u00e9dition, Agn\u00e8s nous parle de la synergie de plusieurs pratiques qui lui ont permis de soulager les inconforts li\u00e9s aux traitements de son cancer du sein. Bienvenue sur \u00ab Paroles d\u2019utilisateurs \u00bb. Trouvez le bon praticien sur M\u00e9doucine.com et prenez rendez-vous avec un praticien recommand\u00e9.[\/vc_column_text][vc_btn title=\u00a0\u00bbTrouvez un praticien recommand\u00e9\u00a0\u00bb shape=\u00a0\u00bbround\u00a0\u00bb color=\u00a0\u00bbjuicy-pink\u00a0\u00bb size=\u00a0\u00bblg\u00a0\u00bb align=\u00a0\u00bbcenter\u00a0\u00bb link=\u00a0\u00bburl:https%3A%2F%2Fwww.medoucine.com%2Fconsultations%3Fproblematic%3DArr%25C3%25AAter%2Bde%2Bfumer%26practices%3Dpratique%26location%255Bname%255D%3DParis%26location%255Blat%255D%3D48.8640493%26location%255Blng%255D%3D2.3310526%26location%255Bcity%255D%3DParis%26location%255Bpostcode%255D%3D75001%26targets%3Dtous-publics%26home%3Da-domicile-ou-cabinet|title:Trouvez%20un%20praticien%20recommand%C3%A9|target:%20_blank|\u00a0\u00bb][\/vc_column][\/vc_row]\" \/>\n<meta property=\"og:url\" content=\"https:\/\/www.medoucine.com\/blog\/le-blog-des-medecines-douces\/temoignages-de-medecine-douce\/temoignage-soulager-les-effets-secondaires-du-cancer-avec-les-pratiques-complementaires\/\" \/>\n<meta property=\"og:site_name\" content=\"Blog de Medoucine\" \/>\n<meta property=\"article:publisher\" content=\"https:\/\/www.facebook.com\/medoucine\/\" \/>\n<meta property=\"article:modified_time\" content=\"2023-06-15T09:23:46+00:00\" \/>\n<meta name=\"twitter:card\" content=\"summary_large_image\" \/>\n<meta name=\"twitter:site\" content=\"@medoucinefr\" \/>\n<meta name=\"twitter:label1\" content=\"Dur\u00e9e de lecture estim\u00e9e\" \/>\n\t<meta name=\"twitter:data1\" content=\"1 minute\" \/>\n<script type=\"application\/ld+json\" class=\"yoast-schema-graph\">{\"@context\":\"https:\/\/schema.org\",\"@graph\":[{\"@type\":\"WebPage\",\"@id\":\"https:\/\/www.medoucine.com\/blog\/le-blog-des-medecines-douces\/temoignages-de-medecine-douce\/temoignage-soulager-les-effets-secondaires-du-cancer-avec-les-pratiques-complementaires\/\",\"url\":\"https:\/\/www.medoucine.com\/blog\/le-blog-des-medecines-douces\/temoignages-de-medecine-douce\/temoignage-soulager-les-effets-secondaires-du-cancer-avec-les-pratiques-complementaires\/\",\"name\":\"T\u00e9moignage : soulager les effets secondaires li\u00e9s au cancer avec les pratiques compl\u00e9mentaires ~ Blog de Medoucine\",\"isPartOf\":{\"@id\":\"https:\/\/www.medoucine.com\/blog\/#website\"},\"datePublished\":\"2023-06-02T15:32:13+00:00\",\"dateModified\":\"2023-06-15T09:23:46+00:00\",\"breadcrumb\":{\"@id\":\"https:\/\/www.medoucine.com\/blog\/le-blog-des-medecines-douces\/temoignages-de-medecine-douce\/temoignage-soulager-les-effets-secondaires-du-cancer-avec-les-pratiques-complementaires\/#breadcrumb\"},\"inLanguage\":\"fr-FR\",\"potentialAction\":[{\"@type\":\"ReadAction\",\"target\":[\"https:\/\/www.medoucine.com\/blog\/le-blog-des-medecines-douces\/temoignages-de-medecine-douce\/temoignage-soulager-les-effets-secondaires-du-cancer-avec-les-pratiques-complementaires\/\"]}]},{\"@type\":\"BreadcrumbList\",\"@id\":\"https:\/\/www.medoucine.com\/blog\/le-blog-des-medecines-douces\/temoignages-de-medecine-douce\/temoignage-soulager-les-effets-secondaires-du-cancer-avec-les-pratiques-complementaires\/#breadcrumb\",\"itemListElement\":[{\"@type\":\"ListItem\",\"position\":1,\"name\":\"Blog Medoucine\",\"item\":\"https:\/\/www.medoucine.com\/blog\/\"},{\"@type\":\"ListItem\",\"position\":2,\"name\":\"Le blog de Medoucine\",\"item\":\"https:\/\/www.medoucine.com\/blog\/\"},{\"@type\":\"ListItem\",\"position\":3,\"name\":\"T\u00e9moignages de m\u00e9decine douce\",\"item\":\"https:\/\/www.medoucine.com\/blog\/le-blog-des-medecines-douces\/temoignages-de-medecine-douce\/\"},{\"@type\":\"ListItem\",\"position\":4,\"name\":\"T\u00e9moignage : soulager les effets secondaires li\u00e9s au cancer avec les pratiques compl\u00e9mentaires\"}]},{\"@type\":\"WebSite\",\"@id\":\"https:\/\/www.medoucine.com\/blog\/#website\",\"url\":\"https:\/\/www.medoucine.com\/blog\/\",\"name\":\"Blog de Medoucine\",\"description\":\"Le blog des m\u00e9decines douces\",\"publisher\":{\"@id\":\"https:\/\/www.medoucine.com\/blog\/#organization\"},\"potentialAction\":[{\"@type\":\"SearchAction\",\"target\":{\"@type\":\"EntryPoint\",\"urlTemplate\":\"https:\/\/www.medoucine.com\/blog\/?s={search_term_string}\"},\"query-input\":{\"@type\":\"PropertyValueSpecification\",\"valueRequired\":true,\"valueName\":\"search_term_string\"}}],\"inLanguage\":\"fr-FR\"},{\"@type\":\"Organization\",\"@id\":\"https:\/\/www.medoucine.com\/blog\/#organization\",\"name\":\"Medoucine\",\"url\":\"https:\/\/www.medoucine.com\/blog\/\",\"logo\":{\"@type\":\"ImageObject\",\"inLanguage\":\"fr-FR\",\"@id\":\"https:\/\/www.medoucine.com\/blog\/#\/schema\/logo\/image\/\",\"url\":\"https:\/\/www.medoucine.com\/blog\/wp-content\/uploads\/2019\/07\/logo@3x.png\",\"contentUrl\":\"https:\/\/www.medoucine.com\/blog\/wp-content\/uploads\/2019\/07\/logo@3x.png\",\"width\":555,\"height\":135,\"caption\":\"Medoucine\"},\"image\":{\"@id\":\"https:\/\/www.medoucine.com\/blog\/#\/schema\/logo\/image\/\"},\"sameAs\":[\"https:\/\/www.facebook.com\/medoucine\/\",\"https:\/\/x.com\/medoucinefr\",\"https:\/\/www.instagram.com\/medoucine\/\",\"https:\/\/www.youtube.com\/channel\/UCtZeUeJ_KebYK0KJAXjJV8g\"]}]}<\/script>\n<!-- \/ Yoast SEO plugin. -->","yoast_head_json":{"title":"T\u00e9moignage : soulager les effets secondaires li\u00e9s au cancer avec les pratiques compl\u00e9mentaires ~ Blog de Medoucine","robots":{"index":"index","follow":"follow","max-snippet":"max-snippet:-1","max-image-preview":"max-image-preview:large","max-video-preview":"max-video-preview:-1"},"canonical":"https:\/\/www.medoucine.com\/blog\/le-blog-des-medecines-douces\/temoignages-de-medecine-douce\/temoignage-soulager-les-effets-secondaires-du-cancer-avec-les-pratiques-complementaires\/","og_locale":"fr_FR","og_type":"article","og_title":"T\u00e9moignage : soulager les effets secondaires li\u00e9s au cancer avec les pratiques compl\u00e9mentaires ~ Blog de Medoucine","og_description":"[vc_row][vc_column][vc_video link=\u00a0\u00bbhttps:\/\/www.youtube.com\/watch?v=ftXBqZbxB78&Prime; align=\u00a0\u00bbcenter\u00a0\u00bb][vc_column_text]Nous avons invit\u00e9 Agn\u00e8s Messager, utilisatrice de M\u00e9doucine pour une interview face cam\u00e9ra. L\u2019objectif ? Nous raconter comment les pratiques compl\u00e9mentaires ont pu avoir un impact et des bienfaits sur son bien-\u00eatre comme sur sa sant\u00e9. Pour cette premi\u00e8re \u00e9dition, Agn\u00e8s nous parle de la synergie de plusieurs pratiques qui lui ont permis de soulager les inconforts li\u00e9s aux traitements de son cancer du sein. Bienvenue sur \u00ab Paroles d\u2019utilisateurs \u00bb. Trouvez le bon praticien sur M\u00e9doucine.com et prenez rendez-vous avec un praticien recommand\u00e9.[\/vc_column_text][vc_btn title=\u00a0\u00bbTrouvez un praticien recommand\u00e9\u00a0\u00bb shape=\u00a0\u00bbround\u00a0\u00bb color=\u00a0\u00bbjuicy-pink\u00a0\u00bb size=\u00a0\u00bblg\u00a0\u00bb align=\u00a0\u00bbcenter\u00a0\u00bb link=\u00a0\u00bburl:https%3A%2F%2Fwww.medoucine.com%2Fconsultations%3Fproblematic%3DArr%25C3%25AAter%2Bde%2Bfumer%26practices%3Dpratique%26location%255Bname%255D%3DParis%26location%255Blat%255D%3D48.8640493%26location%255Blng%255D%3D2.3310526%26location%255Bcity%255D%3DParis%26location%255Bpostcode%255D%3D75001%26targets%3Dtous-publics%26home%3Da-domicile-ou-cabinet|title:Trouvez%20un%20praticien%20recommand%C3%A9|target:%20_blank|\u00a0\u00bb][\/vc_column][\/vc_row]","og_url":"https:\/\/www.medoucine.com\/blog\/le-blog-des-medecines-douces\/temoignages-de-medecine-douce\/temoignage-soulager-les-effets-secondaires-du-cancer-avec-les-pratiques-complementaires\/","og_site_name":"Blog de Medoucine","article_publisher":"https:\/\/www.facebook.com\/medoucine\/","article_modified_time":"2023-06-15T09:23:46+00:00","twitter_card":"summary_large_image","twitter_site":"@medoucinefr","twitter_misc":{"Dur\u00e9e de lecture estim\u00e9e":"1 minute"},"schema":{"@context":"https:\/\/schema.org","@graph":[{"@type":"WebPage","@id":"https:\/\/www.medoucine.com\/blog\/le-blog-des-medecines-douces\/temoignages-de-medecine-douce\/temoignage-soulager-les-effets-secondaires-du-cancer-avec-les-pratiques-complementaires\/","url":"https:\/\/www.medoucine.com\/blog\/le-blog-des-medecines-douces\/temoignages-de-medecine-douce\/temoignage-soulager-les-effets-secondaires-du-cancer-avec-les-pratiques-complementaires\/","name":"T\u00e9moignage : soulager les effets secondaires li\u00e9s au cancer avec les pratiques compl\u00e9mentaires ~ Blog de Medoucine","isPartOf":{"@id":"https:\/\/www.medoucine.com\/blog\/#website"},"datePublished":"2023-06-02T15:32:13+00:00","dateModified":"2023-06-15T09:23:46+00:00","breadcrumb":{"@id":"https:\/\/www.medoucine.com\/blog\/le-blog-des-medecines-douces\/temoignages-de-medecine-douce\/temoignage-soulager-les-effets-secondaires-du-cancer-avec-les-pratiques-complementaires\/#breadcrumb"},"inLanguage":"fr-FR","potentialAction":[{"@type":"ReadAction","target":["https:\/\/www.medoucine.com\/blog\/le-blog-des-medecines-douces\/temoignages-de-medecine-douce\/temoignage-soulager-les-effets-secondaires-du-cancer-avec-les-pratiques-complementaires\/"]}]},{"@type":"BreadcrumbList","@id":"https:\/\/www.medoucine.com\/blog\/le-blog-des-medecines-douces\/temoignages-de-medecine-douce\/temoignage-soulager-les-effets-secondaires-du-cancer-avec-les-pratiques-complementaires\/#breadcrumb","itemListElement":[{"@type":"ListItem","position":1,"name":"Blog Medoucine","item":"https:\/\/www.medoucine.com\/blog\/"},{"@type":"ListItem","position":2,"name":"Le blog de Medoucine","item":"https:\/\/www.medoucine.com\/blog\/"},{"@type":"ListItem","position":3,"name":"T\u00e9moignages de m\u00e9decine douce","item":"https:\/\/www.medoucine.com\/blog\/le-blog-des-medecines-douces\/temoignages-de-medecine-douce\/"},{"@type":"ListItem","position":4,"name":"T\u00e9moignage : soulager les effets secondaires li\u00e9s au cancer avec les pratiques compl\u00e9mentaires"}]},{"@type":"WebSite","@id":"https:\/\/www.medoucine.com\/blog\/#website","url":"https:\/\/www.medoucine.com\/blog\/","name":"Blog de Medoucine","description":"Le blog des m\u00e9decines douces","publisher":{"@id":"https:\/\/www.medoucine.com\/blog\/#organization"},"potentialAction":[{"@type":"SearchAction","target":{"@type":"EntryPoint","urlTemplate":"https:\/\/www.medoucine.com\/blog\/?s={search_term_string}"},"query-input":{"@type":"PropertyValueSpecification","valueRequired":true,"valueName":"search_term_string"}}],"inLanguage":"fr-FR"},{"@type":"Organization","@id":"https:\/\/www.medoucine.com\/blog\/#organization","name":"Medoucine","url":"https:\/\/www.medoucine.com\/blog\/","logo":{"@type":"ImageObject","inLanguage":"fr-FR","@id":"https:\/\/www.medoucine.com\/blog\/#\/schema\/logo\/image\/","url":"https:\/\/www.medoucine.com\/blog\/wp-content\/uploads\/2019\/07\/logo@3x.png","contentUrl":"https:\/\/www.medoucine.com\/blog\/wp-content\/uploads\/2019\/07\/logo@3x.png","width":555,"height":135,"caption":"Medoucine"},"image":{"@id":"https:\/\/www.medoucine.com\/blog\/#\/schema\/logo\/image\/"},"sameAs":["https:\/\/www.facebook.com\/medoucine\/","https:\/\/x.com\/medoucinefr","https:\/\/www.instagram.com\/medoucine\/","https:\/\/www.youtube.com\/channel\/UCtZeUeJ_KebYK0KJAXjJV8g"]}]}},"_links":{"self":[{"href":"https:\/\/www.medoucine.com\/blog\/wp-json\/wp\/v2\/pages\/27514","targetHints":{"allow":["GET"]}}],"collection":[{"href":"https:\/\/www.medoucine.com\/blog\/wp-json\/wp\/v2\/pages"}],"about":[{"href":"https:\/\/www.medoucine.com\/blog\/wp-json\/wp\/v2\/types\/page"}],"author":[{"embeddable":true,"href":"https:\/\/www.medoucine.com\/blog\/wp-json\/wp\/v2\/users\/622"}],"replies":[{"embeddable":true,"href":"https:\/\/www.medoucine.com\/blog\/wp-json\/wp\/v2\/comments?post=27514"}],"version-history":[{"count":2,"href":"https:\/\/www.medoucine.com\/blog\/wp-json\/wp\/v2\/pages\/27514\/revisions"}],"predecessor-version":[{"id":27653,"href":"https:\/\/www.medoucine.com\/blog\/wp-json\/wp\/v2\/pages\/27514\/revisions\/27653"}],"up":[{"embeddable":true,"href":"https:\/\/www.medoucine.com\/blog\/wp-json\/wp\/v2\/pages\/23878"}],"wp:attachment":[{"href":"https:\/\/www.medoucine.com\/blog\/wp-json\/wp\/v2\/media?parent=27514"}],"curies":[{"name":"wp","href":"https:\/\/api.w.org\/{rel}","templated":true}]}}