{"id":26296,"date":"2023-03-13T18:46:19","date_gmt":"2023-03-13T17:46:19","guid":{"rendered":"https:\/\/www.medoucine.com\/blog\/?page_id=26296"},"modified":"2023-03-16T17:11:59","modified_gmt":"2023-03-16T16:11:59","slug":"medecines-douces-eviter-arnaques","status":"publish","type":"page","link":"https:\/\/www.medoucine.com\/blog\/medecines-douces-eviter-arnaques\/","title":{"rendered":"M\u00e9decines douces : comment \u00e9viter les arnaques ?"},"content":{"rendered":"<div class=\"wpb-content-wrapper\">[vc_row][vc_column][vc_column_text]Si 63% des Fran\u00e7ais on d\u00e9j\u00e0 consult\u00e9 en m\u00e9decines douces ou envisagent de le faire, 8 fran\u00e7ais sur 10 pensent qu\u2019il est difficile de trouver un praticien fiable.\u00a0Les pratiques compl\u00e9mentaires sont nombreuses et ne sont pas r\u00e9glement\u00e9es, \u00e0 l\u2019exception de l\u2019ost\u00e9opathie et de la chiropraxie.\u00a0Cette absence d\u2019encadrement des pratiques compl\u00e9mentaires peut donner lieu \u00e0 des d\u00e9rives.\u00a0Des praticiens peu scrupuleux peuvent par exemple encourager \u00e0 la consommation de s\u00e9ances superflues. D\u2019autres encore, et c\u2019est ici que r\u00e9side le risque principal, \u00e9loignent leurs clients de leur suivi m\u00e9dical.<\/p>\n<p>Si la grande majorit\u00e9 des praticiens sont des professionnels appliqu\u00e9s et d\u00e9vou\u00e9s, comment \u00e9viter les arnaques quand il s\u2019agit de m\u00e9decines douces ? Comment se pr\u00e9munir de tomber sur un charlatan ?<\/p>\n<h2>Les pratiques compl\u00e9mentaires ne remplacent jamais votre suivi m\u00e9dical<\/h2>\n<p>Gardez toujours en t\u00eate que seul un m\u00e9decin est habilit\u00e9 \u00e0 prononcer un diagnostic, un pronostic et prescrire le traitement de votre pathologie.\u00a0Si un praticien vous affirme connaitre le rem\u00e8de miracle pour vous gu\u00e9rir d\u2019une maladie grave, alertez-vous.<\/p>\n<p>Les pratiques compl\u00e9mentaires ne peuvent pas soigner des maladies graves comme le cancer. Ce qu\u2019elles peuvent vous apporter, c\u2019est un accompagnement pour vous sentir mieux dans votre mental et votre corps.<\/p>\n<p>C\u2019est gr\u00e2ce \u00e0 ce soulagement potentiel apport\u00e9 que l\u2019on consid\u00e8re ces pratiques comme compl\u00e9mentaires \u00e0 la m\u00e9decine conventionnelle. Un traitement m\u00e9dical sera d\u2019autant plus efficace si vous \u00eates physiquement et psychologiquement pr\u00eat \u00e0 le recevoir.<\/p>\n<p><strong>N\u2019interrompez et ne modifiez JAMAIS votre traitement sans un avis m\u00e9dical.<\/strong><\/p>\n<p>Aucun praticien de m\u00e9decines douces ne doit vous inciter \u00e0 arr\u00eater votre traitement m\u00e9dical.<\/p>\n<h2>Un praticien de m\u00e9decines douces doit \u00eatre form\u00e9<\/h2>\n<p>N\u2019h\u00e9sitez pas \u00e0 lui poser des question sur sa formation et ses certifications. Certaines personnes se pr\u00e9tendent praticiennes alors qu\u2019elles ne poss\u00e8dent ni certifications, ni formations. Pour lutter contre les arnaques, M\u00e9doucine v\u00e9rifie les certifications de chaque praticien membre de son r\u00e9seau.<\/p>\n<h2>Un bon praticien doit \u00eatre transparent<\/h2>\n<p>Un praticien comp\u00e9tent doit afficher clairement ses tarifs. Il doit pouvoir vous d\u00e9tailler avec clart\u00e9 le d\u00e9roul\u00e9 d\u2019une s\u00e9ance et de son accompagnement.<\/p>\n<h2>Fuyez les praticiens qui vous demandent de cacher ou de dissimuler votre suivi \u00e0 votre entourage ou \u00e0 votre m\u00e9decin<\/h2>\n<p>Vous ne devez pas rompre votre suivi m\u00e9dical. M\u00e9fiez-vous donc des praticiens trop critiques ou dans le rejet de la m\u00e9decine conventionnelle ou des connaissances scientifiques actuelles.<\/p>\n<h2>Faites confiance \u00e0 votre jugement<\/h2>\n<p>Si vous ne vous sentez pas \u00e0 l\u2019aise en pr\u00e9sence d\u2019un praticien, sentez-vous libre de lui dire et de stopper la s\u00e9ance.[\/vc_column_text][vc_raw_html]JTNDaDIlM0VFbiUyMHIlQzMlQTlzdW0lQzMlQTklM0MlMkZoMiUzRSUwQSUzQ3AlMjBjbGFzcyUzRCUyMmhhcy10ZXh0LWNvbG9yJTIwaGFzLWJhY2tncm91bmQlMjBoYXMtc2l0a2Etd2hpdGUtY29sb3IlMjBoYXMtc2l0a2EtYWNjZW50LWJhY2tncm91bmQtY29sb3IlMjIlM0VTb3lleiUyMGF0dGVudGlmJTIwYXUlMjBjb21wb3J0ZW1lbnQlMjBkdSUyMHByYXRpY2llbiUyMGV0JTIwYWxlcnRlei12b3VzJTIwc2klMjB2b3VzJTIwY29uc3RhdGV6JTIwbGVzJTIwYWdpc3NlbWVudHMlMjBvdSUyMGZhaXRzJTIwc3VpdmFudHMlMjAlM0ElMEElM0N1bCUzRSUzQ2xpJTNFTGUlMjBwcmF0aWNpZW4lMjB2b3VzJTIwc3VnZyVDMyVBOHJlJTIwZGUlMjBzdG9wcGVyJTIwdm90cmUlMjB0cmFpdGVtZW50JTIwb3UlMjB2b3RyZSUyMHN1aXZpJTIwbSVDMyVBOWRpY2FsJTBBJTNDbGklM0VJbCUyMGVzdCUyMGNlcnRhaW4lMjBkZSUyMHBvdXZvaXIlMjB2b3VzJTIwJUUyJTgwJTlDZ3UlQzMlQTlyaXIlRTIlODAlOUQlMjBkJUUyJTgwJTk5dW5lJTIwbWFsYWRpZSUyMGdyYXZlJTIwb3UlMjBjaHJvbmlxdWUlMEElM0NsaSUzRVZvdXMlMjBhdmV6JTIwZGVzJTIwZG91dGVzJTIwc3VyJTIwc29uJTIwbml2ZWF1JTIwZGUlMjBmb3JtYXRpb24lMjBvdSUyMHNlcyUyMGRpcGwlQzMlQjRtZXMlMEElM0NsaSUzRUlsJTIwYWZmaXJtZSUyMGQlRTIlODAlOTllbWJsJUMzJUE5ZSUyMHF1JUUyJTgwJTk5dW4lMjBub21icmUlMjBhbm9ybWFsZW1lbnQlMjBpbXBvcnRhbnQlMjBkZSUyMGNvbnN1bHRhdGlvbnMlMjB2b3VzJTIwc2Vyb250JTIwbiVDMyVBOWNlc3NhaXJlcyUwQSUzQ2xpJTNFSWwlMjB2b3VzJTIwZW5jb3VyYWdlJTIwJUMzJUEwJTIwbGElMjBzdXJjb25zb21tYXRpb24lMjBkZSUyMHByb2R1aXRzJTIwdHlwZSUyMGNvbXBsJUMzJUE5bWVudHMlMjBhbGltZW50YWlyZXMlMEElM0NsaSUzRUlsJTIwbiVFMiU4MCU5OWVzdCUyMHBhcyUyMGNsYWlyJTIwc3VyJTIwc2ElMjBwcmF0aXF1ZSUyMGV0JTIwc3VyJTIwbGVzJTIwdGVjaG5pcXVlcyUyMHV0aWxpcyVDMyVBOWVzJTNDJTJGcCUzRQ==[\/vc_raw_html][\/vc_column][\/vc_row][vc_row][vc_column][vc_column_text]\n<h2>Pourquoi M\u00e9doucine a \u00e9t\u00e9 attaqu\u00e9 pour \u00eatre une \u201carnaque\u201d ou \u201cun rep\u00e8re de charlatans\u201d ?<\/h2>\n<ul>\n<li>En 2022, M\u00e9doucine a \u00e9t\u00e9 attaqu\u00e9 par des personnes proches du collectif NoFakeMed. Ce collectif entend promouvoir une m\u00e9decine bas\u00e9e exclusivement sur les preuves scientifiques.<\/li>\n<li>Ces d\u00e9tracteurs ont recours \u00e0 tous moyens pour d\u00e9nigrer les pratiques compl\u00e9mentaires qu\u2019ils jugent inutiles et dangereuses.<\/li>\n<li>Des articles de presse \u00e0 charge contre M\u00e9doucine et les pratiques compl\u00e9mentaires ont suivi cette campagne de d\u00e9nigrement.<\/li>\n<li>Ces remous ont alert\u00e9 la DGPP (Direction G\u00e9n\u00e9rale de la Protection des Personnes) qui nous a demand\u00e9 de nous mettre en conformit\u00e9 vis-\u00e0-vis de l\u2019acupuncture qui, en France, fait face \u00e0 un flou juridique. M\u00e9doucine s\u2019est bien \u00e9videmment mise en conformit\u00e9, suite \u00e0 quoi la DGPP a cl\u00f4tur\u00e9 le dossier, jugeant notre site conforme et ne posant pas de probl\u00e8me.<\/li>\n<\/ul>\n<p>Face au manque de r\u00e9glementation des pratiques compl\u00e9mentaires, qui, nous ne nous voilons pas la face, peut conduire \u00e0 des d\u00e9rives, M\u00e9doucine s\u2019efforce de proposer une plateforme sur laquelle le public peut choisir un praticien en ayant acc\u00e8s \u00e0 un maximum d\u2019informations.<\/p>\n<p>Rappelons \u00e9galement que M\u00e9doucine v\u00e9rifie pour chaque praticien :<\/p>\n<ul>\n<li>Son casier judiciaire<\/li>\n<li>Ses formations et certifications<\/li>\n<li>Ses recommandations professionnelles et clients<\/li>\n<\/ul>\n<p>Nous collectons ensuite des avis clients qui permettent d\u2019assurer un contr\u00f4le continu du r\u00e9seau. D\u00e9couvrez nos <a href=\"https:\/\/www.medoucine.com\/selection-des-praticiens\" target=\"_blank\" rel=\"noopener noreferrer\" data-saferedirecturl=\"https:\/\/www.google.com\/url?q=https:\/\/www.medoucine.com\/selection-des-praticiens&amp;source=gmail&amp;ust=1678973476394000&amp;usg=AOvVaw1D_JmXuOo4sq5nNlJ2b77a\"><u>crit\u00e8res de r\u00e9f\u00e9rencement des th\u00e9rapeutes<\/u><\/a>.<\/p>\n<p>Tout syst\u00e8me qualit\u00e9 peut pr\u00e9senter des failles, mais M\u00e9doucine fait son maximum pour \u00e9viter les risques et notamment le principal : celui de la perte de chance ou du retard de prise en charge m\u00e9dicale. Nous avons d\u2019ailleurs mis \u00e0 disposition de nos utilisateurs une adresse de signalement qui leur permet de nous alerter en cas de doute sur la comp\u00e9tence et le s\u00e9rieux d\u2019un praticien, notamment dans son positionnement vis-\u00e0-vis de la m\u00e9decine conventionnelle.[\/vc_column_text][\/vc_column][\/vc_row][vc_row][vc_column][vc_video link=\u00a0\u00bbhttps:\/\/youtu.be\/pvry_kYccUc\u00a0\u00bb align=\u00a0\u00bbcenter\u00a0\u00bb title=\u00a0\u00bbLa s\u00e9lection des praticiens du r\u00e9seau M\u00e9doucine\u00a0\u00bb][\/vc_column][\/vc_row]\n<\/div>","protected":false},"excerpt":{"rendered":"<p>[vc_row][vc_column][vc_column_text]Si 63% des Fran\u00e7ais on d\u00e9j\u00e0 consult\u00e9 en m\u00e9decines douces ou envisagent de le faire, 8 fran\u00e7ais sur 10 pensent qu\u2019il est difficile de trouver un praticien fiable.\u00a0Les pratiques compl\u00e9mentaires sont nombreuses et ne sont pas r\u00e9glement\u00e9es, \u00e0 l\u2019exception de l\u2019ost\u00e9opathie et de la chiropraxie.\u00a0Cette absence d\u2019encadrement des pratiques compl\u00e9mentaires peut donner lieu \u00e0 des d\u00e9rives.\u00a0Des praticiens peu scrupuleux peuvent par exemple encourager \u00e0 la consommation de s\u00e9ances superflues. D\u2019autres encore, et c\u2019est ici que r\u00e9side le risque principal, \u00e9loignent leurs clients de leur suivi m\u00e9dical. Si la grande majorit\u00e9 des praticiens sont des professionnels appliqu\u00e9s et d\u00e9vou\u00e9s, comment \u00e9viter les arnaques quand il s\u2019agit de m\u00e9decines douces ? Comment se pr\u00e9munir de tomber sur un charlatan ? Les pratiques compl\u00e9mentaires ne remplacent jamais votre suivi m\u00e9dical Gardez toujours en t\u00eate que seul un m\u00e9decin [&hellip;]<\/p>\n","protected":false},"author":995,"featured_media":0,"parent":0,"menu_order":0,"comment_status":"closed","ping_status":"closed","template":"","meta":{"_acf_changed":false,"footnotes":""},"class_list":["post-26296","page","type-page","status-publish","hentry"],"acf":[],"yoast_head":"<!-- This site is optimized with the Yoast SEO plugin v27.1.1 - https:\/\/yoast.com\/product\/yoast-seo-wordpress\/ -->\n<title>M\u00e9decines douces : comment \u00e9viter les arnaques ? ~ Blog de Medoucine<\/title>\n<meta name=\"robots\" content=\"index, follow, max-snippet:-1, max-image-preview:large, max-video-preview:-1\" \/>\n<link rel=\"canonical\" href=\"https:\/\/www.medoucine.com\/blog\/medecines-douces-eviter-arnaques\/\" \/>\n<meta property=\"og:locale\" content=\"fr_FR\" \/>\n<meta property=\"og:type\" content=\"article\" \/>\n<meta property=\"og:title\" content=\"M\u00e9decines douces : comment \u00e9viter les arnaques ? ~ Blog de Medoucine\" \/>\n<meta property=\"og:description\" content=\"[vc_row][vc_column][vc_column_text]Si 63% des Fran\u00e7ais on d\u00e9j\u00e0 consult\u00e9 en m\u00e9decines douces ou envisagent de le faire, 8 fran\u00e7ais sur 10 pensent qu\u2019il est difficile de trouver un praticien fiable.\u00a0Les pratiques compl\u00e9mentaires sont nombreuses et ne sont pas r\u00e9glement\u00e9es, \u00e0 l\u2019exception de l\u2019ost\u00e9opathie et de la chiropraxie.\u00a0Cette absence d\u2019encadrement des pratiques compl\u00e9mentaires peut donner lieu \u00e0 des d\u00e9rives.\u00a0Des praticiens peu scrupuleux peuvent par exemple encourager \u00e0 la consommation de s\u00e9ances superflues. D\u2019autres encore, et c\u2019est ici que r\u00e9side le risque principal, \u00e9loignent leurs clients de leur suivi m\u00e9dical. Si la grande majorit\u00e9 des praticiens sont des professionnels appliqu\u00e9s et d\u00e9vou\u00e9s, comment \u00e9viter les arnaques quand il s\u2019agit de m\u00e9decines douces ? Comment se pr\u00e9munir de tomber sur un charlatan ? Les pratiques compl\u00e9mentaires ne remplacent jamais votre suivi m\u00e9dical Gardez toujours en t\u00eate que seul un m\u00e9decin [&hellip;]\" \/>\n<meta property=\"og:url\" content=\"https:\/\/www.medoucine.com\/blog\/medecines-douces-eviter-arnaques\/\" \/>\n<meta property=\"og:site_name\" content=\"Blog de Medoucine\" \/>\n<meta property=\"article:publisher\" content=\"https:\/\/www.facebook.com\/medoucine\/\" \/>\n<meta property=\"article:modified_time\" content=\"2023-03-16T16:11:59+00:00\" \/>\n<meta name=\"twitter:card\" content=\"summary_large_image\" \/>\n<meta name=\"twitter:site\" content=\"@medoucinefr\" \/>\n<meta name=\"twitter:label1\" content=\"Dur\u00e9e de lecture estim\u00e9e\" \/>\n\t<meta name=\"twitter:data1\" content=\"5 minutes\" \/>\n<script type=\"application\/ld+json\" class=\"yoast-schema-graph\">{\"@context\":\"https:\/\/schema.org\",\"@graph\":[{\"@type\":\"WebPage\",\"@id\":\"https:\/\/www.medoucine.com\/blog\/medecines-douces-eviter-arnaques\/\",\"url\":\"https:\/\/www.medoucine.com\/blog\/medecines-douces-eviter-arnaques\/\",\"name\":\"M\u00e9decines douces : comment \u00e9viter les arnaques ? ~ Blog de Medoucine\",\"isPartOf\":{\"@id\":\"https:\/\/www.medoucine.com\/blog\/#website\"},\"datePublished\":\"2023-03-13T17:46:19+00:00\",\"dateModified\":\"2023-03-16T16:11:59+00:00\",\"breadcrumb\":{\"@id\":\"https:\/\/www.medoucine.com\/blog\/medecines-douces-eviter-arnaques\/#breadcrumb\"},\"inLanguage\":\"fr-FR\",\"potentialAction\":[{\"@type\":\"ReadAction\",\"target\":[\"https:\/\/www.medoucine.com\/blog\/medecines-douces-eviter-arnaques\/\"]}]},{\"@type\":\"BreadcrumbList\",\"@id\":\"https:\/\/www.medoucine.com\/blog\/medecines-douces-eviter-arnaques\/#breadcrumb\",\"itemListElement\":[{\"@type\":\"ListItem\",\"position\":1,\"name\":\"Blog Medoucine\",\"item\":\"https:\/\/www.medoucine.com\/blog\/\"},{\"@type\":\"ListItem\",\"position\":2,\"name\":\"M\u00e9decines douces : comment \u00e9viter les arnaques ?\"}]},{\"@type\":\"WebSite\",\"@id\":\"https:\/\/www.medoucine.com\/blog\/#website\",\"url\":\"https:\/\/www.medoucine.com\/blog\/\",\"name\":\"Blog de Medoucine\",\"description\":\"Le blog des m\u00e9decines douces\",\"publisher\":{\"@id\":\"https:\/\/www.medoucine.com\/blog\/#organization\"},\"potentialAction\":[{\"@type\":\"SearchAction\",\"target\":{\"@type\":\"EntryPoint\",\"urlTemplate\":\"https:\/\/www.medoucine.com\/blog\/?s={search_term_string}\"},\"query-input\":{\"@type\":\"PropertyValueSpecification\",\"valueRequired\":true,\"valueName\":\"search_term_string\"}}],\"inLanguage\":\"fr-FR\"},{\"@type\":\"Organization\",\"@id\":\"https:\/\/www.medoucine.com\/blog\/#organization\",\"name\":\"Medoucine\",\"url\":\"https:\/\/www.medoucine.com\/blog\/\",\"logo\":{\"@type\":\"ImageObject\",\"inLanguage\":\"fr-FR\",\"@id\":\"https:\/\/www.medoucine.com\/blog\/#\/schema\/logo\/image\/\",\"url\":\"https:\/\/www.medoucine.com\/blog\/wp-content\/uploads\/2019\/07\/logo@3x.png\",\"contentUrl\":\"https:\/\/www.medoucine.com\/blog\/wp-content\/uploads\/2019\/07\/logo@3x.png\",\"width\":555,\"height\":135,\"caption\":\"Medoucine\"},\"image\":{\"@id\":\"https:\/\/www.medoucine.com\/blog\/#\/schema\/logo\/image\/\"},\"sameAs\":[\"https:\/\/www.facebook.com\/medoucine\/\",\"https:\/\/x.com\/medoucinefr\",\"https:\/\/www.instagram.com\/medoucine\/\",\"https:\/\/www.youtube.com\/channel\/UCtZeUeJ_KebYK0KJAXjJV8g\"]}]}<\/script>\n<!-- \/ Yoast SEO plugin. -->","yoast_head_json":{"title":"M\u00e9decines douces : comment \u00e9viter les arnaques ? ~ Blog de Medoucine","robots":{"index":"index","follow":"follow","max-snippet":"max-snippet:-1","max-image-preview":"max-image-preview:large","max-video-preview":"max-video-preview:-1"},"canonical":"https:\/\/www.medoucine.com\/blog\/medecines-douces-eviter-arnaques\/","og_locale":"fr_FR","og_type":"article","og_title":"M\u00e9decines douces : comment \u00e9viter les arnaques ? ~ Blog de Medoucine","og_description":"[vc_row][vc_column][vc_column_text]Si 63% des Fran\u00e7ais on d\u00e9j\u00e0 consult\u00e9 en m\u00e9decines douces ou envisagent de le faire, 8 fran\u00e7ais sur 10 pensent qu\u2019il est difficile de trouver un praticien fiable.\u00a0Les pratiques compl\u00e9mentaires sont nombreuses et ne sont pas r\u00e9glement\u00e9es, \u00e0 l\u2019exception de l\u2019ost\u00e9opathie et de la chiropraxie.\u00a0Cette absence d\u2019encadrement des pratiques compl\u00e9mentaires peut donner lieu \u00e0 des d\u00e9rives.\u00a0Des praticiens peu scrupuleux peuvent par exemple encourager \u00e0 la consommation de s\u00e9ances superflues. D\u2019autres encore, et c\u2019est ici que r\u00e9side le risque principal, \u00e9loignent leurs clients de leur suivi m\u00e9dical. Si la grande majorit\u00e9 des praticiens sont des professionnels appliqu\u00e9s et d\u00e9vou\u00e9s, comment \u00e9viter les arnaques quand il s\u2019agit de m\u00e9decines douces ? Comment se pr\u00e9munir de tomber sur un charlatan ? Les pratiques compl\u00e9mentaires ne remplacent jamais votre suivi m\u00e9dical Gardez toujours en t\u00eate que seul un m\u00e9decin [&hellip;]","og_url":"https:\/\/www.medoucine.com\/blog\/medecines-douces-eviter-arnaques\/","og_site_name":"Blog de Medoucine","article_publisher":"https:\/\/www.facebook.com\/medoucine\/","article_modified_time":"2023-03-16T16:11:59+00:00","twitter_card":"summary_large_image","twitter_site":"@medoucinefr","twitter_misc":{"Dur\u00e9e de lecture estim\u00e9e":"5 minutes"},"schema":{"@context":"https:\/\/schema.org","@graph":[{"@type":"WebPage","@id":"https:\/\/www.medoucine.com\/blog\/medecines-douces-eviter-arnaques\/","url":"https:\/\/www.medoucine.com\/blog\/medecines-douces-eviter-arnaques\/","name":"M\u00e9decines douces : comment \u00e9viter les arnaques ? ~ Blog de Medoucine","isPartOf":{"@id":"https:\/\/www.medoucine.com\/blog\/#website"},"datePublished":"2023-03-13T17:46:19+00:00","dateModified":"2023-03-16T16:11:59+00:00","breadcrumb":{"@id":"https:\/\/www.medoucine.com\/blog\/medecines-douces-eviter-arnaques\/#breadcrumb"},"inLanguage":"fr-FR","potentialAction":[{"@type":"ReadAction","target":["https:\/\/www.medoucine.com\/blog\/medecines-douces-eviter-arnaques\/"]}]},{"@type":"BreadcrumbList","@id":"https:\/\/www.medoucine.com\/blog\/medecines-douces-eviter-arnaques\/#breadcrumb","itemListElement":[{"@type":"ListItem","position":1,"name":"Blog Medoucine","item":"https:\/\/www.medoucine.com\/blog\/"},{"@type":"ListItem","position":2,"name":"M\u00e9decines douces : comment \u00e9viter les arnaques ?"}]},{"@type":"WebSite","@id":"https:\/\/www.medoucine.com\/blog\/#website","url":"https:\/\/www.medoucine.com\/blog\/","name":"Blog de Medoucine","description":"Le blog des m\u00e9decines douces","publisher":{"@id":"https:\/\/www.medoucine.com\/blog\/#organization"},"potentialAction":[{"@type":"SearchAction","target":{"@type":"EntryPoint","urlTemplate":"https:\/\/www.medoucine.com\/blog\/?s={search_term_string}"},"query-input":{"@type":"PropertyValueSpecification","valueRequired":true,"valueName":"search_term_string"}}],"inLanguage":"fr-FR"},{"@type":"Organization","@id":"https:\/\/www.medoucine.com\/blog\/#organization","name":"Medoucine","url":"https:\/\/www.medoucine.com\/blog\/","logo":{"@type":"ImageObject","inLanguage":"fr-FR","@id":"https:\/\/www.medoucine.com\/blog\/#\/schema\/logo\/image\/","url":"https:\/\/www.medoucine.com\/blog\/wp-content\/uploads\/2019\/07\/logo@3x.png","contentUrl":"https:\/\/www.medoucine.com\/blog\/wp-content\/uploads\/2019\/07\/logo@3x.png","width":555,"height":135,"caption":"Medoucine"},"image":{"@id":"https:\/\/www.medoucine.com\/blog\/#\/schema\/logo\/image\/"},"sameAs":["https:\/\/www.facebook.com\/medoucine\/","https:\/\/x.com\/medoucinefr","https:\/\/www.instagram.com\/medoucine\/","https:\/\/www.youtube.com\/channel\/UCtZeUeJ_KebYK0KJAXjJV8g"]}]}},"_links":{"self":[{"href":"https:\/\/www.medoucine.com\/blog\/wp-json\/wp\/v2\/pages\/26296","targetHints":{"allow":["GET"]}}],"collection":[{"href":"https:\/\/www.medoucine.com\/blog\/wp-json\/wp\/v2\/pages"}],"about":[{"href":"https:\/\/www.medoucine.com\/blog\/wp-json\/wp\/v2\/types\/page"}],"author":[{"embeddable":true,"href":"https:\/\/www.medoucine.com\/blog\/wp-json\/wp\/v2\/users\/995"}],"replies":[{"embeddable":true,"href":"https:\/\/www.medoucine.com\/blog\/wp-json\/wp\/v2\/comments?post=26296"}],"version-history":[{"count":7,"href":"https:\/\/www.medoucine.com\/blog\/wp-json\/wp\/v2\/pages\/26296\/revisions"}],"predecessor-version":[{"id":26695,"href":"https:\/\/www.medoucine.com\/blog\/wp-json\/wp\/v2\/pages\/26296\/revisions\/26695"}],"wp:attachment":[{"href":"https:\/\/www.medoucine.com\/blog\/wp-json\/wp\/v2\/media?parent=26296"}],"curies":[{"name":"wp","href":"https:\/\/api.w.org\/{rel}","templated":true}]}}