{"id":23878,"date":"2022-09-08T17:00:08","date_gmt":"2022-09-08T15:00:08","guid":{"rendered":"https:\/\/www.medoucine.com\/blog\/?page_id=23878"},"modified":"2023-07-31T15:52:10","modified_gmt":"2023-07-31T13:52:10","slug":"temoignages-de-medecine-douce","status":"publish","type":"page","link":"https:\/\/www.medoucine.com\/blog\/le-blog-des-medecines-douces\/temoignages-de-medecine-douce\/","title":{"rendered":"T\u00e9moignages de m\u00e9decine douce"},"content":{"rendered":"<div class=\"wpb-content-wrapper\">[vc_row][vc_column][vc_column_text]D\u00e9couvrez les t\u00e9moignages d&rsquo;utilisateurs de M\u00e9doucine et les bienfaits que les m\u00e9decines douces leurs ont apport\u00e9s.[\/vc_column_text][\/vc_column][\/vc_row][vc_row][vc_column width=\u00a0\u00bb1\/2&Prime;][vc_video link=\u00a0\u00bbhttps:\/\/www.youtube.com\/watch?v=W2x-TbjuYIc\u00a0\u00bb title=\u00a0\u00bbNathalie a soulag\u00e9 ses douleurs gr\u00e2ce \u00e0 l&rsquo;ost\u00e9opathie\u00a0\u00bb][vc_video link=\u00a0\u00bbhttps:\/\/www.youtube.com\/watch?v=ftXBqZbxB78&Prime; title=\u00a0\u00bbAgn\u00e8s a soulag\u00e9 les inconforts li\u00e9s \u00e0 son cancer gr\u00e2ce aux m\u00e9decines douces\u00a0\u00bb][\/vc_column][vc_column width=\u00a0\u00bb1\/2&Prime;][vc_video link=\u00a0\u00bbhttps:\/\/www.youtube.com\/watch?v=3K8kSDvmoB4&Prime; title=\u00a0\u00bbDalilah soulage son an\u00e9mie avec la naturopathie\u00a0\u00bb][vc_video link=\u00a0\u00bbhttps:\/\/www.youtube.com\/watch?v=hvgOTef-aFE\u00a0\u00bb title=\u00a0\u00bbMarie a surmont\u00e9 ses crises d&rsquo;angoisse gr\u00e2ce \u00e0 la sophrologie\u00a0\u00bb][\/vc_column][\/vc_row][vc_row][vc_column width=\u00a0\u00bb1\/2&Prime;][vc_video link=\u00a0\u00bbhttps:\/\/www.youtube.com\/watch?v=VF7YcTExHvY\u00a0\u00bb title=\u00a0\u00bbCatherine a pu sortir de son burn-out gr\u00e2ce \u00e0 la naturopathie\u00a0\u00bb][vc_video link=\u00a0\u00bbhttps:\/\/www.youtube.com\/watch?v=csk2RI9XSAI\u00a0\u00bb title=\u00a0\u00bbAna\u00efs a perdu du poids gr\u00e2ce \u00e0 la Naturopathie\u00a0\u00bb][\/vc_column][vc_column width=\u00a0\u00bb1\/2&Prime;][vc_video link=\u00a0\u00bbhttps:\/\/www.youtube.com\/watch?v=CmUQAVXZEto\u00a0\u00bb title=\u00a0\u00bbFlorine a retrouv\u00e9 le sommeil gr\u00e2ce \u00e0 l&rsquo;hypnose\u00a0\u00bb][vc_video link=\u00a0\u00bbhttps:\/\/www.youtube.com\/watch?v=nN4KQyQMBQ4&Prime; title=\u00a0\u00bbEmmanuel a arr\u00eat\u00e9 la cigarette avec l&rsquo;hypnose\u00a0\u00bb][\/vc_column][\/vc_row][vc_row][vc_column width=\u00a0\u00bb1\/2&Prime;][vc_video link=\u00a0\u00bbhttps:\/\/www.youtube.com\/watch?v=tpVmkxQdd3Q\u00a0\u00bb title=\u00a0\u00bbDaniel s&rsquo;est remis d&rsquo;une relation toxique gr\u00e2ce \u00e0 l&rsquo;hypnose\u00a0\u00bb][vc_video link=\u00a0\u00bbhttps:\/\/www.youtube.com\/watch?v=z8WGgqielrg\u00a0\u00bb title=\u00a0\u00bbEva a r\u00e9ussi ses examens gr\u00e2ce \u00e0 la sophrologie\u00a0\u00bb][\/vc_column][vc_column width=\u00a0\u00bb1\/2&Prime;][vc_video link=\u00a0\u00bbhttps:\/\/www.youtube.com\/watch?v=y-YoFHcroEc\u00a0\u00bb title=\u00a0\u00bbBrigitte a perdu du poids gr\u00e2ce au drainage lymphatique\u00a0\u00bb][vc_video link=\u00a0\u00bbhttps:\/\/www.youtube.com\/watch?v=QtJW8PLLmdo\u00a0\u00bb title=\u00a0\u00bbBekwadi surmonte les challenges de la vie gr\u00e2ce \u00e0 l&rsquo;hypnose\u00a0\u00bb][\/vc_column][\/vc_row]\n<\/div>","protected":false},"excerpt":{"rendered":"<p>[vc_row][vc_column][vc_column_text]D\u00e9couvrez les t\u00e9moignages d&rsquo;utilisateurs de M\u00e9doucine et les bienfaits que les m\u00e9decines douces leurs ont apport\u00e9s.[\/vc_column_text][\/vc_column][\/vc_row][vc_row][vc_column width=\u00a0\u00bb1\/2&Prime;][vc_video link=\u00a0\u00bbhttps:\/\/www.youtube.com\/watch?v=W2x-TbjuYIc\u00a0\u00bb title=\u00a0\u00bbNathalie a soulag\u00e9 ses douleurs gr\u00e2ce \u00e0 l&rsquo;ost\u00e9opathie\u00a0\u00bb][vc_video link=\u00a0\u00bbhttps:\/\/www.youtube.com\/watch?v=ftXBqZbxB78&Prime; title=\u00a0\u00bbAgn\u00e8s a soulag\u00e9 les inconforts li\u00e9s \u00e0 son cancer gr\u00e2ce aux m\u00e9decines douces\u00a0\u00bb][\/vc_column][vc_column width=\u00a0\u00bb1\/2&Prime;][vc_video link=\u00a0\u00bbhttps:\/\/www.youtube.com\/watch?v=3K8kSDvmoB4&Prime; title=\u00a0\u00bbDalilah soulage son an\u00e9mie avec la naturopathie\u00a0\u00bb][vc_video link=\u00a0\u00bbhttps:\/\/www.youtube.com\/watch?v=hvgOTef-aFE\u00a0\u00bb title=\u00a0\u00bbMarie a surmont\u00e9 ses crises d&rsquo;angoisse gr\u00e2ce \u00e0 la sophrologie\u00a0\u00bb][\/vc_column][\/vc_row][vc_row][vc_column width=\u00a0\u00bb1\/2&Prime;][vc_video link=\u00a0\u00bbhttps:\/\/www.youtube.com\/watch?v=VF7YcTExHvY\u00a0\u00bb title=\u00a0\u00bbCatherine a pu sortir de son burn-out gr\u00e2ce \u00e0 la naturopathie\u00a0\u00bb][vc_video link=\u00a0\u00bbhttps:\/\/www.youtube.com\/watch?v=csk2RI9XSAI\u00a0\u00bb title=\u00a0\u00bbAna\u00efs a perdu du poids gr\u00e2ce \u00e0 la Naturopathie\u00a0\u00bb][\/vc_column][vc_column width=\u00a0\u00bb1\/2&Prime;][vc_video link=\u00a0\u00bbhttps:\/\/www.youtube.com\/watch?v=CmUQAVXZEto\u00a0\u00bb title=\u00a0\u00bbFlorine a retrouv\u00e9 le sommeil gr\u00e2ce \u00e0 l&rsquo;hypnose\u00a0\u00bb][vc_video link=\u00a0\u00bbhttps:\/\/www.youtube.com\/watch?v=nN4KQyQMBQ4&Prime; title=\u00a0\u00bbEmmanuel a arr\u00eat\u00e9 la cigarette avec l&rsquo;hypnose\u00a0\u00bb][\/vc_column][\/vc_row][vc_row][vc_column width=\u00a0\u00bb1\/2&Prime;][vc_video link=\u00a0\u00bbhttps:\/\/www.youtube.com\/watch?v=tpVmkxQdd3Q\u00a0\u00bb title=\u00a0\u00bbDaniel s&rsquo;est remis d&rsquo;une relation toxique gr\u00e2ce \u00e0 l&rsquo;hypnose\u00a0\u00bb][vc_video link=\u00a0\u00bbhttps:\/\/www.youtube.com\/watch?v=z8WGgqielrg\u00a0\u00bb title=\u00a0\u00bbEva a r\u00e9ussi ses examens gr\u00e2ce \u00e0 la sophrologie\u00a0\u00bb][\/vc_column][vc_column width=\u00a0\u00bb1\/2&Prime;][vc_video link=\u00a0\u00bbhttps:\/\/www.youtube.com\/watch?v=y-YoFHcroEc\u00a0\u00bb title=\u00a0\u00bbBrigitte a perdu du poids gr\u00e2ce au drainage lymphatique\u00a0\u00bb][vc_video link=\u00a0\u00bbhttps:\/\/www.youtube.com\/watch?v=QtJW8PLLmdo\u00a0\u00bb title=\u00a0\u00bbBekwadi [&hellip;]<\/p>\n","protected":false},"author":995,"featured_media":0,"parent":15,"menu_order":0,"comment_status":"closed","ping_status":"closed","template":"","meta":{"_acf_changed":false,"footnotes":""},"class_list":["post-23878","page","type-page","status-publish","hentry"],"acf":[],"yoast_head":"<!-- This site is optimized with the Yoast SEO plugin v27.1.1 - https:\/\/yoast.com\/product\/yoast-seo-wordpress\/ -->\n<title>T\u00e9moignages de m\u00e9decine douce ~ Blog de Medoucine<\/title>\n<meta name=\"robots\" content=\"index, follow, max-snippet:-1, max-image-preview:large, max-video-preview:-1\" \/>\n<link rel=\"canonical\" href=\"https:\/\/www.medoucine.com\/blog\/le-blog-des-medecines-douces\/temoignages-de-medecine-douce\/\" \/>\n<meta property=\"og:locale\" content=\"fr_FR\" \/>\n<meta property=\"og:type\" content=\"article\" \/>\n<meta property=\"og:title\" content=\"T\u00e9moignages de m\u00e9decine douce ~ Blog de Medoucine\" \/>\n<meta property=\"og:description\" content=\"[vc_row][vc_column][vc_column_text]D\u00e9couvrez les t\u00e9moignages d&rsquo;utilisateurs de M\u00e9doucine et les bienfaits que les m\u00e9decines douces leurs ont apport\u00e9s.[\/vc_column_text][\/vc_column][\/vc_row][vc_row][vc_column width=\u00a0\u00bb1\/2&Prime;][vc_video link=\u00a0\u00bbhttps:\/\/www.youtube.com\/watch?v=W2x-TbjuYIc\u00a0\u00bb title=\u00a0\u00bbNathalie a soulag\u00e9 ses douleurs gr\u00e2ce \u00e0 l&rsquo;ost\u00e9opathie\u00a0\u00bb][vc_video link=\u00a0\u00bbhttps:\/\/www.youtube.com\/watch?v=ftXBqZbxB78&Prime; title=\u00a0\u00bbAgn\u00e8s a soulag\u00e9 les inconforts li\u00e9s \u00e0 son cancer gr\u00e2ce aux m\u00e9decines douces\u00a0\u00bb][\/vc_column][vc_column width=\u00a0\u00bb1\/2&Prime;][vc_video link=\u00a0\u00bbhttps:\/\/www.youtube.com\/watch?v=3K8kSDvmoB4&Prime; title=\u00a0\u00bbDalilah soulage son an\u00e9mie avec la naturopathie\u00a0\u00bb][vc_video link=\u00a0\u00bbhttps:\/\/www.youtube.com\/watch?v=hvgOTef-aFE\u00a0\u00bb title=\u00a0\u00bbMarie a surmont\u00e9 ses crises d&rsquo;angoisse gr\u00e2ce \u00e0 la sophrologie\u00a0\u00bb][\/vc_column][\/vc_row][vc_row][vc_column width=\u00a0\u00bb1\/2&Prime;][vc_video link=\u00a0\u00bbhttps:\/\/www.youtube.com\/watch?v=VF7YcTExHvY\u00a0\u00bb title=\u00a0\u00bbCatherine a pu sortir de son burn-out gr\u00e2ce \u00e0 la naturopathie\u00a0\u00bb][vc_video link=\u00a0\u00bbhttps:\/\/www.youtube.com\/watch?v=csk2RI9XSAI\u00a0\u00bb title=\u00a0\u00bbAna\u00efs a perdu du poids gr\u00e2ce \u00e0 la Naturopathie\u00a0\u00bb][\/vc_column][vc_column width=\u00a0\u00bb1\/2&Prime;][vc_video link=\u00a0\u00bbhttps:\/\/www.youtube.com\/watch?v=CmUQAVXZEto\u00a0\u00bb title=\u00a0\u00bbFlorine a retrouv\u00e9 le sommeil gr\u00e2ce \u00e0 l&rsquo;hypnose\u00a0\u00bb][vc_video link=\u00a0\u00bbhttps:\/\/www.youtube.com\/watch?v=nN4KQyQMBQ4&Prime; title=\u00a0\u00bbEmmanuel a arr\u00eat\u00e9 la cigarette avec l&rsquo;hypnose\u00a0\u00bb][\/vc_column][\/vc_row][vc_row][vc_column width=\u00a0\u00bb1\/2&Prime;][vc_video link=\u00a0\u00bbhttps:\/\/www.youtube.com\/watch?v=tpVmkxQdd3Q\u00a0\u00bb title=\u00a0\u00bbDaniel s&rsquo;est remis d&rsquo;une relation toxique gr\u00e2ce \u00e0 l&rsquo;hypnose\u00a0\u00bb][vc_video link=\u00a0\u00bbhttps:\/\/www.youtube.com\/watch?v=z8WGgqielrg\u00a0\u00bb title=\u00a0\u00bbEva a r\u00e9ussi ses examens gr\u00e2ce \u00e0 la sophrologie\u00a0\u00bb][\/vc_column][vc_column width=\u00a0\u00bb1\/2&Prime;][vc_video link=\u00a0\u00bbhttps:\/\/www.youtube.com\/watch?v=y-YoFHcroEc\u00a0\u00bb title=\u00a0\u00bbBrigitte a perdu du poids gr\u00e2ce au drainage lymphatique\u00a0\u00bb][vc_video link=\u00a0\u00bbhttps:\/\/www.youtube.com\/watch?v=QtJW8PLLmdo\u00a0\u00bb title=\u00a0\u00bbBekwadi [&hellip;]\" \/>\n<meta property=\"og:url\" content=\"https:\/\/www.medoucine.com\/blog\/le-blog-des-medecines-douces\/temoignages-de-medecine-douce\/\" \/>\n<meta property=\"og:site_name\" content=\"Blog de Medoucine\" \/>\n<meta property=\"article:publisher\" content=\"https:\/\/www.facebook.com\/medoucine\/\" \/>\n<meta property=\"article:modified_time\" content=\"2023-07-31T13:52:10+00:00\" \/>\n<meta name=\"twitter:card\" content=\"summary_large_image\" \/>\n<meta name=\"twitter:site\" content=\"@medoucinefr\" \/>\n<meta name=\"twitter:label1\" content=\"Dur\u00e9e de lecture estim\u00e9e\" \/>\n\t<meta name=\"twitter:data1\" content=\"2 minutes\" \/>\n<script type=\"application\/ld+json\" class=\"yoast-schema-graph\">{\"@context\":\"https:\/\/schema.org\",\"@graph\":[{\"@type\":\"WebPage\",\"@id\":\"https:\/\/www.medoucine.com\/blog\/le-blog-des-medecines-douces\/temoignages-de-medecine-douce\/\",\"url\":\"https:\/\/www.medoucine.com\/blog\/le-blog-des-medecines-douces\/temoignages-de-medecine-douce\/\",\"name\":\"T\u00e9moignages de m\u00e9decine douce ~ Blog de Medoucine\",\"isPartOf\":{\"@id\":\"https:\/\/www.medoucine.com\/blog\/#website\"},\"datePublished\":\"2022-09-08T15:00:08+00:00\",\"dateModified\":\"2023-07-31T13:52:10+00:00\",\"breadcrumb\":{\"@id\":\"https:\/\/www.medoucine.com\/blog\/le-blog-des-medecines-douces\/temoignages-de-medecine-douce\/#breadcrumb\"},\"inLanguage\":\"fr-FR\",\"potentialAction\":[{\"@type\":\"ReadAction\",\"target\":[\"https:\/\/www.medoucine.com\/blog\/le-blog-des-medecines-douces\/temoignages-de-medecine-douce\/\"]}]},{\"@type\":\"BreadcrumbList\",\"@id\":\"https:\/\/www.medoucine.com\/blog\/le-blog-des-medecines-douces\/temoignages-de-medecine-douce\/#breadcrumb\",\"itemListElement\":[{\"@type\":\"ListItem\",\"position\":1,\"name\":\"Blog Medoucine\",\"item\":\"https:\/\/www.medoucine.com\/blog\/\"},{\"@type\":\"ListItem\",\"position\":2,\"name\":\"Le blog de Medoucine\",\"item\":\"https:\/\/www.medoucine.com\/blog\/\"},{\"@type\":\"ListItem\",\"position\":3,\"name\":\"T\u00e9moignages de m\u00e9decine douce\"}]},{\"@type\":\"WebSite\",\"@id\":\"https:\/\/www.medoucine.com\/blog\/#website\",\"url\":\"https:\/\/www.medoucine.com\/blog\/\",\"name\":\"Blog de Medoucine\",\"description\":\"Le blog des m\u00e9decines douces\",\"publisher\":{\"@id\":\"https:\/\/www.medoucine.com\/blog\/#organization\"},\"potentialAction\":[{\"@type\":\"SearchAction\",\"target\":{\"@type\":\"EntryPoint\",\"urlTemplate\":\"https:\/\/www.medoucine.com\/blog\/?s={search_term_string}\"},\"query-input\":{\"@type\":\"PropertyValueSpecification\",\"valueRequired\":true,\"valueName\":\"search_term_string\"}}],\"inLanguage\":\"fr-FR\"},{\"@type\":\"Organization\",\"@id\":\"https:\/\/www.medoucine.com\/blog\/#organization\",\"name\":\"Medoucine\",\"url\":\"https:\/\/www.medoucine.com\/blog\/\",\"logo\":{\"@type\":\"ImageObject\",\"inLanguage\":\"fr-FR\",\"@id\":\"https:\/\/www.medoucine.com\/blog\/#\/schema\/logo\/image\/\",\"url\":\"https:\/\/www.medoucine.com\/blog\/wp-content\/uploads\/2019\/07\/logo@3x.png\",\"contentUrl\":\"https:\/\/www.medoucine.com\/blog\/wp-content\/uploads\/2019\/07\/logo@3x.png\",\"width\":555,\"height\":135,\"caption\":\"Medoucine\"},\"image\":{\"@id\":\"https:\/\/www.medoucine.com\/blog\/#\/schema\/logo\/image\/\"},\"sameAs\":[\"https:\/\/www.facebook.com\/medoucine\/\",\"https:\/\/x.com\/medoucinefr\",\"https:\/\/www.instagram.com\/medoucine\/\",\"https:\/\/www.youtube.com\/channel\/UCtZeUeJ_KebYK0KJAXjJV8g\"]}]}<\/script>\n<!-- \/ Yoast SEO plugin. -->","yoast_head_json":{"title":"T\u00e9moignages de m\u00e9decine douce ~ Blog de Medoucine","robots":{"index":"index","follow":"follow","max-snippet":"max-snippet:-1","max-image-preview":"max-image-preview:large","max-video-preview":"max-video-preview:-1"},"canonical":"https:\/\/www.medoucine.com\/blog\/le-blog-des-medecines-douces\/temoignages-de-medecine-douce\/","og_locale":"fr_FR","og_type":"article","og_title":"T\u00e9moignages de m\u00e9decine douce ~ Blog de Medoucine","og_description":"[vc_row][vc_column][vc_column_text]D\u00e9couvrez les t\u00e9moignages d&rsquo;utilisateurs de M\u00e9doucine et les bienfaits que les m\u00e9decines douces leurs ont apport\u00e9s.[\/vc_column_text][\/vc_column][\/vc_row][vc_row][vc_column width=\u00a0\u00bb1\/2&Prime;][vc_video link=\u00a0\u00bbhttps:\/\/www.youtube.com\/watch?v=W2x-TbjuYIc\u00a0\u00bb title=\u00a0\u00bbNathalie a soulag\u00e9 ses douleurs gr\u00e2ce \u00e0 l&rsquo;ost\u00e9opathie\u00a0\u00bb][vc_video link=\u00a0\u00bbhttps:\/\/www.youtube.com\/watch?v=ftXBqZbxB78&Prime; title=\u00a0\u00bbAgn\u00e8s a soulag\u00e9 les inconforts li\u00e9s \u00e0 son cancer gr\u00e2ce aux m\u00e9decines douces\u00a0\u00bb][\/vc_column][vc_column width=\u00a0\u00bb1\/2&Prime;][vc_video link=\u00a0\u00bbhttps:\/\/www.youtube.com\/watch?v=3K8kSDvmoB4&Prime; title=\u00a0\u00bbDalilah soulage son an\u00e9mie avec la naturopathie\u00a0\u00bb][vc_video link=\u00a0\u00bbhttps:\/\/www.youtube.com\/watch?v=hvgOTef-aFE\u00a0\u00bb title=\u00a0\u00bbMarie a surmont\u00e9 ses crises d&rsquo;angoisse gr\u00e2ce \u00e0 la sophrologie\u00a0\u00bb][\/vc_column][\/vc_row][vc_row][vc_column width=\u00a0\u00bb1\/2&Prime;][vc_video link=\u00a0\u00bbhttps:\/\/www.youtube.com\/watch?v=VF7YcTExHvY\u00a0\u00bb title=\u00a0\u00bbCatherine a pu sortir de son burn-out gr\u00e2ce \u00e0 la naturopathie\u00a0\u00bb][vc_video link=\u00a0\u00bbhttps:\/\/www.youtube.com\/watch?v=csk2RI9XSAI\u00a0\u00bb title=\u00a0\u00bbAna\u00efs a perdu du poids gr\u00e2ce \u00e0 la Naturopathie\u00a0\u00bb][\/vc_column][vc_column width=\u00a0\u00bb1\/2&Prime;][vc_video link=\u00a0\u00bbhttps:\/\/www.youtube.com\/watch?v=CmUQAVXZEto\u00a0\u00bb title=\u00a0\u00bbFlorine a retrouv\u00e9 le sommeil gr\u00e2ce \u00e0 l&rsquo;hypnose\u00a0\u00bb][vc_video link=\u00a0\u00bbhttps:\/\/www.youtube.com\/watch?v=nN4KQyQMBQ4&Prime; title=\u00a0\u00bbEmmanuel a arr\u00eat\u00e9 la cigarette avec l&rsquo;hypnose\u00a0\u00bb][\/vc_column][\/vc_row][vc_row][vc_column width=\u00a0\u00bb1\/2&Prime;][vc_video link=\u00a0\u00bbhttps:\/\/www.youtube.com\/watch?v=tpVmkxQdd3Q\u00a0\u00bb title=\u00a0\u00bbDaniel s&rsquo;est remis d&rsquo;une relation toxique gr\u00e2ce \u00e0 l&rsquo;hypnose\u00a0\u00bb][vc_video link=\u00a0\u00bbhttps:\/\/www.youtube.com\/watch?v=z8WGgqielrg\u00a0\u00bb title=\u00a0\u00bbEva a r\u00e9ussi ses examens gr\u00e2ce \u00e0 la sophrologie\u00a0\u00bb][\/vc_column][vc_column width=\u00a0\u00bb1\/2&Prime;][vc_video link=\u00a0\u00bbhttps:\/\/www.youtube.com\/watch?v=y-YoFHcroEc\u00a0\u00bb title=\u00a0\u00bbBrigitte a perdu du poids gr\u00e2ce au drainage lymphatique\u00a0\u00bb][vc_video link=\u00a0\u00bbhttps:\/\/www.youtube.com\/watch?v=QtJW8PLLmdo\u00a0\u00bb title=\u00a0\u00bbBekwadi [&hellip;]","og_url":"https:\/\/www.medoucine.com\/blog\/le-blog-des-medecines-douces\/temoignages-de-medecine-douce\/","og_site_name":"Blog de Medoucine","article_publisher":"https:\/\/www.facebook.com\/medoucine\/","article_modified_time":"2023-07-31T13:52:10+00:00","twitter_card":"summary_large_image","twitter_site":"@medoucinefr","twitter_misc":{"Dur\u00e9e de lecture estim\u00e9e":"2 minutes"},"schema":{"@context":"https:\/\/schema.org","@graph":[{"@type":"WebPage","@id":"https:\/\/www.medoucine.com\/blog\/le-blog-des-medecines-douces\/temoignages-de-medecine-douce\/","url":"https:\/\/www.medoucine.com\/blog\/le-blog-des-medecines-douces\/temoignages-de-medecine-douce\/","name":"T\u00e9moignages de m\u00e9decine douce ~ Blog de Medoucine","isPartOf":{"@id":"https:\/\/www.medoucine.com\/blog\/#website"},"datePublished":"2022-09-08T15:00:08+00:00","dateModified":"2023-07-31T13:52:10+00:00","breadcrumb":{"@id":"https:\/\/www.medoucine.com\/blog\/le-blog-des-medecines-douces\/temoignages-de-medecine-douce\/#breadcrumb"},"inLanguage":"fr-FR","potentialAction":[{"@type":"ReadAction","target":["https:\/\/www.medoucine.com\/blog\/le-blog-des-medecines-douces\/temoignages-de-medecine-douce\/"]}]},{"@type":"BreadcrumbList","@id":"https:\/\/www.medoucine.com\/blog\/le-blog-des-medecines-douces\/temoignages-de-medecine-douce\/#breadcrumb","itemListElement":[{"@type":"ListItem","position":1,"name":"Blog Medoucine","item":"https:\/\/www.medoucine.com\/blog\/"},{"@type":"ListItem","position":2,"name":"Le blog de Medoucine","item":"https:\/\/www.medoucine.com\/blog\/"},{"@type":"ListItem","position":3,"name":"T\u00e9moignages de m\u00e9decine douce"}]},{"@type":"WebSite","@id":"https:\/\/www.medoucine.com\/blog\/#website","url":"https:\/\/www.medoucine.com\/blog\/","name":"Blog de Medoucine","description":"Le blog des m\u00e9decines douces","publisher":{"@id":"https:\/\/www.medoucine.com\/blog\/#organization"},"potentialAction":[{"@type":"SearchAction","target":{"@type":"EntryPoint","urlTemplate":"https:\/\/www.medoucine.com\/blog\/?s={search_term_string}"},"query-input":{"@type":"PropertyValueSpecification","valueRequired":true,"valueName":"search_term_string"}}],"inLanguage":"fr-FR"},{"@type":"Organization","@id":"https:\/\/www.medoucine.com\/blog\/#organization","name":"Medoucine","url":"https:\/\/www.medoucine.com\/blog\/","logo":{"@type":"ImageObject","inLanguage":"fr-FR","@id":"https:\/\/www.medoucine.com\/blog\/#\/schema\/logo\/image\/","url":"https:\/\/www.medoucine.com\/blog\/wp-content\/uploads\/2019\/07\/logo@3x.png","contentUrl":"https:\/\/www.medoucine.com\/blog\/wp-content\/uploads\/2019\/07\/logo@3x.png","width":555,"height":135,"caption":"Medoucine"},"image":{"@id":"https:\/\/www.medoucine.com\/blog\/#\/schema\/logo\/image\/"},"sameAs":["https:\/\/www.facebook.com\/medoucine\/","https:\/\/x.com\/medoucinefr","https:\/\/www.instagram.com\/medoucine\/","https:\/\/www.youtube.com\/channel\/UCtZeUeJ_KebYK0KJAXjJV8g"]}]}},"_links":{"self":[{"href":"https:\/\/www.medoucine.com\/blog\/wp-json\/wp\/v2\/pages\/23878","targetHints":{"allow":["GET"]}}],"collection":[{"href":"https:\/\/www.medoucine.com\/blog\/wp-json\/wp\/v2\/pages"}],"about":[{"href":"https:\/\/www.medoucine.com\/blog\/wp-json\/wp\/v2\/types\/page"}],"author":[{"embeddable":true,"href":"https:\/\/www.medoucine.com\/blog\/wp-json\/wp\/v2\/users\/995"}],"replies":[{"embeddable":true,"href":"https:\/\/www.medoucine.com\/blog\/wp-json\/wp\/v2\/comments?post=23878"}],"version-history":[{"count":5,"href":"https:\/\/www.medoucine.com\/blog\/wp-json\/wp\/v2\/pages\/23878\/revisions"}],"predecessor-version":[{"id":28718,"href":"https:\/\/www.medoucine.com\/blog\/wp-json\/wp\/v2\/pages\/23878\/revisions\/28718"}],"up":[{"embeddable":true,"href":"https:\/\/www.medoucine.com\/blog\/wp-json\/wp\/v2\/pages\/15"}],"wp:attachment":[{"href":"https:\/\/www.medoucine.com\/blog\/wp-json\/wp\/v2\/media?parent=23878"}],"curies":[{"name":"wp","href":"https:\/\/api.w.org\/{rel}","templated":true}]}}