{"id":23659,"date":"2022-08-02T16:01:16","date_gmt":"2022-08-02T14:01:16","guid":{"rendered":"https:\/\/www.medoucine.com\/blog\/?page_id=23659"},"modified":"2024-10-24T17:52:12","modified_gmt":"2024-10-24T15:52:12","slug":"solange-fondatrice-de-medoucine","status":"publish","type":"page","link":"https:\/\/www.medoucine.com\/blog\/solange-fondatrice-de-medoucine\/","title":{"rendered":"Solange, fondatrice de M\u00e9doucine"},"content":{"rendered":"<h1>Qui est Solange Arnaud ?<\/h1>\n<p>Ing\u00e9nieure de formation, j&rsquo;ai travaill\u00e9 plus de 15 ans dans l&rsquo;industrie pharmaceutique notamment sur des traitements contre le HIV et la maladie de Crohn.<\/p>\n<p>C&rsquo;est en \u00e9changeant avec des malades que j&rsquo;ai d\u00e9couvert que beaucoup utilisaient les m\u00e9decines douces pour soulager leurs douleurs et les effets secondaires des traitements.<\/p>\n<p>Maman de 3 enfants, j&rsquo;ai \u00e0 mon tour exp\u00e9riment\u00e9 les pratiques compl\u00e9mentaires \u00e0 l&rsquo;occasion de mes grossesses. J&rsquo;ai \u00e9t\u00e9 convaincue de leurs bienfaits et de leur compl\u00e9mentarit\u00e9 avec la m\u00e9decine conventionnelle.<\/p>\n<p>J&rsquo;ai cr\u00e9\u00e9 M\u00e9doucine en 2016 pour permettre au plus grand nombre de prendre soin de soi de fa\u00e7on naturelle et pour soutenir le travail formidable qu&rsquo;accomplissent chaque jour les praticiens aupr\u00e8s de leur clients !<\/p>\n","protected":false},"excerpt":{"rendered":"<p>Qui est Solange Arnaud ? Ing\u00e9nieure de formation, j&rsquo;ai travaill\u00e9 plus de 15 ans dans l&rsquo;industrie pharmaceutique notamment sur des traitements contre le HIV et la maladie de Crohn. C&rsquo;est en \u00e9changeant avec des malades que j&rsquo;ai d\u00e9couvert que beaucoup utilisaient les m\u00e9decines douces pour soulager leurs douleurs et les effets secondaires des traitements. Maman de 3 enfants, j&rsquo;ai \u00e0 mon tour exp\u00e9riment\u00e9 les pratiques compl\u00e9mentaires \u00e0 l&rsquo;occasion de mes grossesses. J&rsquo;ai \u00e9t\u00e9 convaincue de leurs bienfaits et de leur compl\u00e9mentarit\u00e9 avec la m\u00e9decine conventionnelle. J&rsquo;ai cr\u00e9\u00e9 M\u00e9doucine en 2016 pour permettre au plus grand nombre de prendre soin de soi de fa\u00e7on naturelle et pour soutenir le travail formidable qu&rsquo;accomplissent chaque jour les praticiens aupr\u00e8s de leur clients !<\/p>\n","protected":false},"author":298,"featured_media":33491,"parent":0,"menu_order":0,"comment_status":"closed","ping_status":"closed","template":"","meta":{"_acf_changed":false,"footnotes":""},"class_list":["post-23659","page","type-page","status-publish","has-post-thumbnail","hentry"],"acf":[],"yoast_head":"<!-- This site is optimized with the Yoast SEO plugin v27.1.1 - https:\/\/yoast.com\/product\/yoast-seo-wordpress\/ -->\n<title>Solange, fondatrice de M\u00e9doucine ~ Blog de Medoucine<\/title>\n<meta name=\"robots\" content=\"index, follow, max-snippet:-1, max-image-preview:large, max-video-preview:-1\" \/>\n<link rel=\"canonical\" href=\"https:\/\/www.medoucine.com\/blog\/solange-fondatrice-de-medoucine\/\" \/>\n<meta property=\"og:locale\" content=\"fr_FR\" \/>\n<meta property=\"og:type\" content=\"article\" \/>\n<meta property=\"og:title\" content=\"Solange, fondatrice de M\u00e9doucine ~ Blog de Medoucine\" \/>\n<meta property=\"og:description\" content=\"Qui est Solange Arnaud ? Ing\u00e9nieure de formation, j&rsquo;ai travaill\u00e9 plus de 15 ans dans l&rsquo;industrie pharmaceutique notamment sur des traitements contre le HIV et la maladie de Crohn. C&rsquo;est en \u00e9changeant avec des malades que j&rsquo;ai d\u00e9couvert que beaucoup utilisaient les m\u00e9decines douces pour soulager leurs douleurs et les effets secondaires des traitements. Maman de 3 enfants, j&rsquo;ai \u00e0 mon tour exp\u00e9riment\u00e9 les pratiques compl\u00e9mentaires \u00e0 l&rsquo;occasion de mes grossesses. J&rsquo;ai \u00e9t\u00e9 convaincue de leurs bienfaits et de leur compl\u00e9mentarit\u00e9 avec la m\u00e9decine conventionnelle. J&rsquo;ai cr\u00e9\u00e9 M\u00e9doucine en 2016 pour permettre au plus grand nombre de prendre soin de soi de fa\u00e7on naturelle et pour soutenir le travail formidable qu&rsquo;accomplissent chaque jour les praticiens aupr\u00e8s de leur clients !\" \/>\n<meta property=\"og:url\" content=\"https:\/\/www.medoucine.com\/blog\/solange-fondatrice-de-medoucine\/\" \/>\n<meta property=\"og:site_name\" content=\"Blog de Medoucine\" \/>\n<meta property=\"article:publisher\" content=\"https:\/\/www.facebook.com\/medoucine\/\" \/>\n<meta property=\"article:modified_time\" content=\"2024-10-24T15:52:12+00:00\" \/>\n<meta property=\"og:image\" content=\"https:\/\/www.medoucine.com\/blog\/wp-content\/uploads\/2024\/10\/Conferences-1-scaled.jpg\" \/>\n\t<meta property=\"og:image:width\" content=\"2560\" \/>\n\t<meta property=\"og:image:height\" content=\"1707\" \/>\n\t<meta property=\"og:image:type\" content=\"image\/jpeg\" \/>\n<meta name=\"twitter:card\" content=\"summary_large_image\" \/>\n<meta name=\"twitter:site\" content=\"@medoucinefr\" \/>\n<meta name=\"twitter:label1\" content=\"Dur\u00e9e de lecture estim\u00e9e\" \/>\n\t<meta name=\"twitter:data1\" content=\"1 minute\" \/>\n<script type=\"application\/ld+json\" class=\"yoast-schema-graph\">{\"@context\":\"https:\/\/schema.org\",\"@graph\":[{\"@type\":\"WebPage\",\"@id\":\"https:\/\/www.medoucine.com\/blog\/solange-fondatrice-de-medoucine\/\",\"url\":\"https:\/\/www.medoucine.com\/blog\/solange-fondatrice-de-medoucine\/\",\"name\":\"Solange, fondatrice de M\u00e9doucine ~ Blog de Medoucine\",\"isPartOf\":{\"@id\":\"https:\/\/www.medoucine.com\/blog\/#website\"},\"primaryImageOfPage\":{\"@id\":\"https:\/\/www.medoucine.com\/blog\/solange-fondatrice-de-medoucine\/#primaryimage\"},\"image\":{\"@id\":\"https:\/\/www.medoucine.com\/blog\/solange-fondatrice-de-medoucine\/#primaryimage\"},\"thumbnailUrl\":\"https:\/\/www.medoucine.com\/blog\/wp-content\/uploads\/2024\/10\/Conferences-1-scaled.jpg\",\"datePublished\":\"2022-08-02T14:01:16+00:00\",\"dateModified\":\"2024-10-24T15:52:12+00:00\",\"breadcrumb\":{\"@id\":\"https:\/\/www.medoucine.com\/blog\/solange-fondatrice-de-medoucine\/#breadcrumb\"},\"inLanguage\":\"fr-FR\",\"potentialAction\":[{\"@type\":\"ReadAction\",\"target\":[\"https:\/\/www.medoucine.com\/blog\/solange-fondatrice-de-medoucine\/\"]}]},{\"@type\":\"ImageObject\",\"inLanguage\":\"fr-FR\",\"@id\":\"https:\/\/www.medoucine.com\/blog\/solange-fondatrice-de-medoucine\/#primaryimage\",\"url\":\"https:\/\/www.medoucine.com\/blog\/wp-content\/uploads\/2024\/10\/Conferences-1-scaled.jpg\",\"contentUrl\":\"https:\/\/www.medoucine.com\/blog\/wp-content\/uploads\/2024\/10\/Conferences-1-scaled.jpg\",\"width\":2560,\"height\":1707},{\"@type\":\"BreadcrumbList\",\"@id\":\"https:\/\/www.medoucine.com\/blog\/solange-fondatrice-de-medoucine\/#breadcrumb\",\"itemListElement\":[{\"@type\":\"ListItem\",\"position\":1,\"name\":\"Blog Medoucine\",\"item\":\"https:\/\/www.medoucine.com\/blog\/\"},{\"@type\":\"ListItem\",\"position\":2,\"name\":\"Solange, fondatrice de M\u00e9doucine\"}]},{\"@type\":\"WebSite\",\"@id\":\"https:\/\/www.medoucine.com\/blog\/#website\",\"url\":\"https:\/\/www.medoucine.com\/blog\/\",\"name\":\"Blog de Medoucine\",\"description\":\"Le blog des m\u00e9decines douces\",\"publisher\":{\"@id\":\"https:\/\/www.medoucine.com\/blog\/#organization\"},\"potentialAction\":[{\"@type\":\"SearchAction\",\"target\":{\"@type\":\"EntryPoint\",\"urlTemplate\":\"https:\/\/www.medoucine.com\/blog\/?s={search_term_string}\"},\"query-input\":{\"@type\":\"PropertyValueSpecification\",\"valueRequired\":true,\"valueName\":\"search_term_string\"}}],\"inLanguage\":\"fr-FR\"},{\"@type\":\"Organization\",\"@id\":\"https:\/\/www.medoucine.com\/blog\/#organization\",\"name\":\"Medoucine\",\"url\":\"https:\/\/www.medoucine.com\/blog\/\",\"logo\":{\"@type\":\"ImageObject\",\"inLanguage\":\"fr-FR\",\"@id\":\"https:\/\/www.medoucine.com\/blog\/#\/schema\/logo\/image\/\",\"url\":\"https:\/\/www.medoucine.com\/blog\/wp-content\/uploads\/2019\/07\/logo@3x.png\",\"contentUrl\":\"https:\/\/www.medoucine.com\/blog\/wp-content\/uploads\/2019\/07\/logo@3x.png\",\"width\":555,\"height\":135,\"caption\":\"Medoucine\"},\"image\":{\"@id\":\"https:\/\/www.medoucine.com\/blog\/#\/schema\/logo\/image\/\"},\"sameAs\":[\"https:\/\/www.facebook.com\/medoucine\/\",\"https:\/\/x.com\/medoucinefr\",\"https:\/\/www.instagram.com\/medoucine\/\",\"https:\/\/www.youtube.com\/channel\/UCtZeUeJ_KebYK0KJAXjJV8g\"]}]}<\/script>\n<!-- \/ Yoast SEO plugin. -->","yoast_head_json":{"title":"Solange, fondatrice de M\u00e9doucine ~ Blog de Medoucine","robots":{"index":"index","follow":"follow","max-snippet":"max-snippet:-1","max-image-preview":"max-image-preview:large","max-video-preview":"max-video-preview:-1"},"canonical":"https:\/\/www.medoucine.com\/blog\/solange-fondatrice-de-medoucine\/","og_locale":"fr_FR","og_type":"article","og_title":"Solange, fondatrice de M\u00e9doucine ~ Blog de Medoucine","og_description":"Qui est Solange Arnaud ? Ing\u00e9nieure de formation, j&rsquo;ai travaill\u00e9 plus de 15 ans dans l&rsquo;industrie pharmaceutique notamment sur des traitements contre le HIV et la maladie de Crohn. C&rsquo;est en \u00e9changeant avec des malades que j&rsquo;ai d\u00e9couvert que beaucoup utilisaient les m\u00e9decines douces pour soulager leurs douleurs et les effets secondaires des traitements. Maman de 3 enfants, j&rsquo;ai \u00e0 mon tour exp\u00e9riment\u00e9 les pratiques compl\u00e9mentaires \u00e0 l&rsquo;occasion de mes grossesses. J&rsquo;ai \u00e9t\u00e9 convaincue de leurs bienfaits et de leur compl\u00e9mentarit\u00e9 avec la m\u00e9decine conventionnelle. J&rsquo;ai cr\u00e9\u00e9 M\u00e9doucine en 2016 pour permettre au plus grand nombre de prendre soin de soi de fa\u00e7on naturelle et pour soutenir le travail formidable qu&rsquo;accomplissent chaque jour les praticiens aupr\u00e8s de leur clients !","og_url":"https:\/\/www.medoucine.com\/blog\/solange-fondatrice-de-medoucine\/","og_site_name":"Blog de Medoucine","article_publisher":"https:\/\/www.facebook.com\/medoucine\/","article_modified_time":"2024-10-24T15:52:12+00:00","og_image":[{"width":2560,"height":1707,"url":"https:\/\/www.medoucine.com\/blog\/wp-content\/uploads\/2024\/10\/Conferences-1-scaled.jpg","type":"image\/jpeg"}],"twitter_card":"summary_large_image","twitter_site":"@medoucinefr","twitter_misc":{"Dur\u00e9e de lecture estim\u00e9e":"1 minute"},"schema":{"@context":"https:\/\/schema.org","@graph":[{"@type":"WebPage","@id":"https:\/\/www.medoucine.com\/blog\/solange-fondatrice-de-medoucine\/","url":"https:\/\/www.medoucine.com\/blog\/solange-fondatrice-de-medoucine\/","name":"Solange, fondatrice de M\u00e9doucine ~ Blog de Medoucine","isPartOf":{"@id":"https:\/\/www.medoucine.com\/blog\/#website"},"primaryImageOfPage":{"@id":"https:\/\/www.medoucine.com\/blog\/solange-fondatrice-de-medoucine\/#primaryimage"},"image":{"@id":"https:\/\/www.medoucine.com\/blog\/solange-fondatrice-de-medoucine\/#primaryimage"},"thumbnailUrl":"https:\/\/www.medoucine.com\/blog\/wp-content\/uploads\/2024\/10\/Conferences-1-scaled.jpg","datePublished":"2022-08-02T14:01:16+00:00","dateModified":"2024-10-24T15:52:12+00:00","breadcrumb":{"@id":"https:\/\/www.medoucine.com\/blog\/solange-fondatrice-de-medoucine\/#breadcrumb"},"inLanguage":"fr-FR","potentialAction":[{"@type":"ReadAction","target":["https:\/\/www.medoucine.com\/blog\/solange-fondatrice-de-medoucine\/"]}]},{"@type":"ImageObject","inLanguage":"fr-FR","@id":"https:\/\/www.medoucine.com\/blog\/solange-fondatrice-de-medoucine\/#primaryimage","url":"https:\/\/www.medoucine.com\/blog\/wp-content\/uploads\/2024\/10\/Conferences-1-scaled.jpg","contentUrl":"https:\/\/www.medoucine.com\/blog\/wp-content\/uploads\/2024\/10\/Conferences-1-scaled.jpg","width":2560,"height":1707},{"@type":"BreadcrumbList","@id":"https:\/\/www.medoucine.com\/blog\/solange-fondatrice-de-medoucine\/#breadcrumb","itemListElement":[{"@type":"ListItem","position":1,"name":"Blog Medoucine","item":"https:\/\/www.medoucine.com\/blog\/"},{"@type":"ListItem","position":2,"name":"Solange, fondatrice de M\u00e9doucine"}]},{"@type":"WebSite","@id":"https:\/\/www.medoucine.com\/blog\/#website","url":"https:\/\/www.medoucine.com\/blog\/","name":"Blog de Medoucine","description":"Le blog des m\u00e9decines douces","publisher":{"@id":"https:\/\/www.medoucine.com\/blog\/#organization"},"potentialAction":[{"@type":"SearchAction","target":{"@type":"EntryPoint","urlTemplate":"https:\/\/www.medoucine.com\/blog\/?s={search_term_string}"},"query-input":{"@type":"PropertyValueSpecification","valueRequired":true,"valueName":"search_term_string"}}],"inLanguage":"fr-FR"},{"@type":"Organization","@id":"https:\/\/www.medoucine.com\/blog\/#organization","name":"Medoucine","url":"https:\/\/www.medoucine.com\/blog\/","logo":{"@type":"ImageObject","inLanguage":"fr-FR","@id":"https:\/\/www.medoucine.com\/blog\/#\/schema\/logo\/image\/","url":"https:\/\/www.medoucine.com\/blog\/wp-content\/uploads\/2019\/07\/logo@3x.png","contentUrl":"https:\/\/www.medoucine.com\/blog\/wp-content\/uploads\/2019\/07\/logo@3x.png","width":555,"height":135,"caption":"Medoucine"},"image":{"@id":"https:\/\/www.medoucine.com\/blog\/#\/schema\/logo\/image\/"},"sameAs":["https:\/\/www.facebook.com\/medoucine\/","https:\/\/x.com\/medoucinefr","https:\/\/www.instagram.com\/medoucine\/","https:\/\/www.youtube.com\/channel\/UCtZeUeJ_KebYK0KJAXjJV8g"]}]}},"_links":{"self":[{"href":"https:\/\/www.medoucine.com\/blog\/wp-json\/wp\/v2\/pages\/23659","targetHints":{"allow":["GET"]}}],"collection":[{"href":"https:\/\/www.medoucine.com\/blog\/wp-json\/wp\/v2\/pages"}],"about":[{"href":"https:\/\/www.medoucine.com\/blog\/wp-json\/wp\/v2\/types\/page"}],"author":[{"embeddable":true,"href":"https:\/\/www.medoucine.com\/blog\/wp-json\/wp\/v2\/users\/298"}],"replies":[{"embeddable":true,"href":"https:\/\/www.medoucine.com\/blog\/wp-json\/wp\/v2\/comments?post=23659"}],"version-history":[{"count":2,"href":"https:\/\/www.medoucine.com\/blog\/wp-json\/wp\/v2\/pages\/23659\/revisions"}],"predecessor-version":[{"id":23662,"href":"https:\/\/www.medoucine.com\/blog\/wp-json\/wp\/v2\/pages\/23659\/revisions\/23662"}],"wp:featuredmedia":[{"embeddable":true,"href":"https:\/\/www.medoucine.com\/blog\/wp-json\/wp\/v2\/media\/33491"}],"wp:attachment":[{"href":"https:\/\/www.medoucine.com\/blog\/wp-json\/wp\/v2\/media?parent=23659"}],"curies":[{"name":"wp","href":"https:\/\/api.w.org\/{rel}","templated":true}]}}