{"id":16849,"date":"2022-09-08T17:58:56","date_gmt":"2022-09-08T15:58:56","guid":{"rendered":"https:\/\/www.medoucine.com\/blog\/?page_id=16849"},"modified":"2023-03-08T16:56:17","modified_gmt":"2023-03-08T15:56:17","slug":"medoucine-notre-raison-detre","status":"publish","type":"page","link":"https:\/\/www.medoucine.com\/blog\/medoucine-notre-raison-detre\/","title":{"rendered":"M\u00e9doucine &#8211; Notre raison d&rsquo;\u00eatre"},"content":{"rendered":"<h2><span style=\"font-family: Poppins, sans-serif; font-size: 30px; font-weight: 600;\">La raison d&rsquo;\u00eatre de M\u00e9doucine<\/span><\/h2>\n<div class=\"post-entry\">\n<p><span style=\"font-weight: 500;\">M\u00e9doucine permet \u00e0 chacun de devenir acteur de sa sant\u00e9 et de son bien-\u00eatre pour vivre une vie plus \u00e9panouie et heureuse. Nous favorisons ainsi une contribution positive des individus \u00e0 la collectivit\u00e9.<\/span><\/p>\n<\/div>\n<h2>Notre vision<\/h2>\n<p><span style=\"font-weight: 500;\">Faciliter l\u2019acc\u00e8s aux solutions naturelles qui favorisent une meilleure sant\u00e9 et un mieux-\u00eatre de fa\u00e7on p\u00e9renne et proactive.\u00a0<\/span><\/p>\n<h2>Nos missions<\/h2>\n<ul>\n<li><span style=\"font-weight: 500;\">Promouvoir et rendre accessibles les m\u00e9decines douces partout et pour tous, sous toutes leurs formes<\/span><\/li>\n<li><span style=\"font-weight: 500;\">Informer, donner des cl\u00e9s de compr\u00e9hension honn\u00eates pour permettre \u00e0 chacun de choisir librement,\u00a0 en toute conscience des risques et b\u00e9n\u00e9fices<\/span><\/li>\n<li><span style=\"font-weight: 500;\">Animer des communaut\u00e9s et cr\u00e9er des liens entre tous ceux qui souhaitent diffuser une vision plus globale, proactive, pr\u00e9ventive de la sant\u00e9 : professionnels de sant\u00e9, professionnels du bien \u00eatre, grand public, associations, syndicats, \u00e9coles, chercheurs, institutions \u2026<\/span><\/li>\n<li><span style=\"font-weight: 500;\">Faciliter la vie des praticiens et les aider \u00e0 progresser dans leur pratique gr\u00e2ce \u00e0 un r\u00e9seau vivant fond\u00e9 sur des valeurs communes<\/span><\/li>\n<\/ul>\n<h2>Nos valeurs<\/h2>\n<ul>\n<li style=\"font-weight: 500;\" aria-level=\"1\"><b>Ambition<\/b><span style=\"font-weight: 500;\"> : Nous sommes d\u00e9termin\u00e9s \u00e0 atteindre nos objectifs et \u00e0 agir pour r\u00e9aliser notre vision<\/span><\/li>\n<li style=\"font-weight: 500;\" aria-level=\"1\"><b>Collaboration <\/b><span style=\"font-weight: 500;\">: Nous agissons en coop\u00e9ration, partageons nos connaissances et solutions, nous sommes un partenaire engag\u00e9<\/span><\/li>\n<li style=\"font-weight: 500;\" aria-level=\"1\"><b>Transparence<\/b><span style=\"font-weight: 500;\"> : Nous travaillons de fa\u00e7on int\u00e8gre. Nous sommes honn\u00eates sur les informations que nous diffusons et les efforts que nous fournissons pour cr\u00e9er de la confiance<\/span><\/li>\n<li style=\"font-weight: 500;\" aria-level=\"1\"><b>Respect <\/b><span style=\"font-weight: 500;\">: Nous sommes fiables, sinc\u00e8res et respectueux des autres et de nous-m\u00eame<\/span><\/li>\n<li><b>Plaisir : <\/b><span style=\"font-weight: 500;\">Nous mettons de la gaiet\u00e9 et du rire dans notre quotidien. Nous permettons \u00e0 chaque membre de notre \u00e9quipe d\u2019\u00eatre lui-m\u00eame<\/span><\/li>\n<\/ul>\n","protected":false},"excerpt":{"rendered":"<p>La raison d&rsquo;\u00eatre de M\u00e9doucine M\u00e9doucine permet \u00e0 chacun de devenir acteur de sa sant\u00e9 et de son bien-\u00eatre pour vivre une vie plus \u00e9panouie et heureuse. Nous favorisons ainsi une contribution positive des individus \u00e0 la collectivit\u00e9. Notre vision Faciliter l\u2019acc\u00e8s aux solutions naturelles qui favorisent une meilleure sant\u00e9 et un mieux-\u00eatre de fa\u00e7on p\u00e9renne et proactive.\u00a0 Nos missions Promouvoir et rendre accessibles les m\u00e9decines douces partout et pour tous, sous toutes leurs formes Informer, donner des cl\u00e9s de compr\u00e9hension honn\u00eates pour permettre \u00e0 chacun de choisir librement,\u00a0 en toute conscience des risques et b\u00e9n\u00e9fices Animer des communaut\u00e9s et cr\u00e9er des liens entre tous ceux qui souhaitent diffuser une vision plus globale, proactive, pr\u00e9ventive de la sant\u00e9 : professionnels de sant\u00e9, professionnels du bien \u00eatre, grand public, associations, syndicats, \u00e9coles, chercheurs, institutions \u2026 Faciliter [&hellip;]<\/p>\n","protected":false},"author":995,"featured_media":26252,"parent":0,"menu_order":0,"comment_status":"closed","ping_status":"closed","template":"","meta":{"_acf_changed":false,"footnotes":""},"class_list":["post-16849","page","type-page","status-publish","has-post-thumbnail","hentry"],"acf":[],"yoast_head":"<!-- This site is optimized with the Yoast SEO plugin v27.1.1 - https:\/\/yoast.com\/product\/yoast-seo-wordpress\/ -->\n<title>M\u00e9doucine - Notre raison d&#039;\u00eatre<\/title>\n<meta name=\"description\" content=\"Pour aider les \u00e9tudiants en cette p\u00e9riode difficile, les praticiens recommand\u00e9s du r\u00e9seau M\u00e9doucine leur offrent une 1\u00e8re s\u00e9ance de m\u00e9decines douces.\" \/>\n<meta name=\"robots\" content=\"index, follow, max-snippet:-1, max-image-preview:large, max-video-preview:-1\" \/>\n<link rel=\"canonical\" href=\"https:\/\/www.medoucine.com\/blog\/medoucine-notre-raison-detre\/\" \/>\n<meta property=\"og:locale\" content=\"fr_FR\" \/>\n<meta property=\"og:type\" content=\"article\" \/>\n<meta property=\"og:title\" content=\"M\u00e9doucine - Notre raison d&#039;\u00eatre\" \/>\n<meta property=\"og:description\" content=\"Pour aider les \u00e9tudiants en cette p\u00e9riode difficile, les praticiens recommand\u00e9s du r\u00e9seau M\u00e9doucine leur offrent une 1\u00e8re s\u00e9ance de m\u00e9decines douces.\" \/>\n<meta property=\"og:url\" content=\"https:\/\/www.medoucine.com\/blog\/medoucine-notre-raison-detre\/\" \/>\n<meta property=\"og:site_name\" content=\"Blog de Medoucine\" \/>\n<meta property=\"article:publisher\" content=\"https:\/\/www.facebook.com\/medoucine\/\" \/>\n<meta property=\"article:modified_time\" content=\"2023-03-08T15:56:17+00:00\" \/>\n<meta property=\"og:image\" content=\"https:\/\/www.medoucine.com\/blog\/wp-content\/uploads\/2023\/03\/Observatoire-des-MD-N\u00b04_Cover-article-image-\u00e0-la-une-2.png\" \/>\n\t<meta property=\"og:image:width\" content=\"780\" \/>\n\t<meta property=\"og:image:height\" content=\"450\" \/>\n\t<meta property=\"og:image:type\" content=\"image\/png\" \/>\n<meta name=\"twitter:card\" content=\"summary_large_image\" \/>\n<meta name=\"twitter:site\" content=\"@medoucinefr\" \/>\n<meta name=\"twitter:label1\" content=\"Dur\u00e9e de lecture estim\u00e9e\" \/>\n\t<meta name=\"twitter:data1\" content=\"1 minute\" \/>\n<script type=\"application\/ld+json\" class=\"yoast-schema-graph\">{\"@context\":\"https:\/\/schema.org\",\"@graph\":[{\"@type\":\"WebPage\",\"@id\":\"https:\/\/www.medoucine.com\/blog\/medoucine-notre-raison-detre\/\",\"url\":\"https:\/\/www.medoucine.com\/blog\/medoucine-notre-raison-detre\/\",\"name\":\"M\u00e9doucine - Notre raison d'\u00eatre\",\"isPartOf\":{\"@id\":\"https:\/\/www.medoucine.com\/blog\/#website\"},\"primaryImageOfPage\":{\"@id\":\"https:\/\/www.medoucine.com\/blog\/medoucine-notre-raison-detre\/#primaryimage\"},\"image\":{\"@id\":\"https:\/\/www.medoucine.com\/blog\/medoucine-notre-raison-detre\/#primaryimage\"},\"thumbnailUrl\":\"https:\/\/www.medoucine.com\/blog\/wp-content\/uploads\/2023\/03\/Observatoire-des-MD-N\u00b04_Cover-article-image-\u00e0-la-une-2.png\",\"datePublished\":\"2022-09-08T15:58:56+00:00\",\"dateModified\":\"2023-03-08T15:56:17+00:00\",\"description\":\"Pour aider les \u00e9tudiants en cette p\u00e9riode difficile, les praticiens recommand\u00e9s du r\u00e9seau M\u00e9doucine leur offrent une 1\u00e8re s\u00e9ance de m\u00e9decines douces.\",\"breadcrumb\":{\"@id\":\"https:\/\/www.medoucine.com\/blog\/medoucine-notre-raison-detre\/#breadcrumb\"},\"inLanguage\":\"fr-FR\",\"potentialAction\":[{\"@type\":\"ReadAction\",\"target\":[\"https:\/\/www.medoucine.com\/blog\/medoucine-notre-raison-detre\/\"]}]},{\"@type\":\"ImageObject\",\"inLanguage\":\"fr-FR\",\"@id\":\"https:\/\/www.medoucine.com\/blog\/medoucine-notre-raison-detre\/#primaryimage\",\"url\":\"https:\/\/www.medoucine.com\/blog\/wp-content\/uploads\/2023\/03\/Observatoire-des-MD-N\u00b04_Cover-article-image-\u00e0-la-une-2.png\",\"contentUrl\":\"https:\/\/www.medoucine.com\/blog\/wp-content\/uploads\/2023\/03\/Observatoire-des-MD-N\u00b04_Cover-article-image-\u00e0-la-une-2.png\",\"width\":780,\"height\":450},{\"@type\":\"BreadcrumbList\",\"@id\":\"https:\/\/www.medoucine.com\/blog\/medoucine-notre-raison-detre\/#breadcrumb\",\"itemListElement\":[{\"@type\":\"ListItem\",\"position\":1,\"name\":\"Blog Medoucine\",\"item\":\"https:\/\/www.medoucine.com\/blog\/\"},{\"@type\":\"ListItem\",\"position\":2,\"name\":\"M\u00e9doucine &#8211; Notre raison d&#8217;\u00eatre\"}]},{\"@type\":\"WebSite\",\"@id\":\"https:\/\/www.medoucine.com\/blog\/#website\",\"url\":\"https:\/\/www.medoucine.com\/blog\/\",\"name\":\"Blog de Medoucine\",\"description\":\"Le blog des m\u00e9decines douces\",\"publisher\":{\"@id\":\"https:\/\/www.medoucine.com\/blog\/#organization\"},\"potentialAction\":[{\"@type\":\"SearchAction\",\"target\":{\"@type\":\"EntryPoint\",\"urlTemplate\":\"https:\/\/www.medoucine.com\/blog\/?s={search_term_string}\"},\"query-input\":{\"@type\":\"PropertyValueSpecification\",\"valueRequired\":true,\"valueName\":\"search_term_string\"}}],\"inLanguage\":\"fr-FR\"},{\"@type\":\"Organization\",\"@id\":\"https:\/\/www.medoucine.com\/blog\/#organization\",\"name\":\"Medoucine\",\"url\":\"https:\/\/www.medoucine.com\/blog\/\",\"logo\":{\"@type\":\"ImageObject\",\"inLanguage\":\"fr-FR\",\"@id\":\"https:\/\/www.medoucine.com\/blog\/#\/schema\/logo\/image\/\",\"url\":\"https:\/\/www.medoucine.com\/blog\/wp-content\/uploads\/2019\/07\/logo@3x.png\",\"contentUrl\":\"https:\/\/www.medoucine.com\/blog\/wp-content\/uploads\/2019\/07\/logo@3x.png\",\"width\":555,\"height\":135,\"caption\":\"Medoucine\"},\"image\":{\"@id\":\"https:\/\/www.medoucine.com\/blog\/#\/schema\/logo\/image\/\"},\"sameAs\":[\"https:\/\/www.facebook.com\/medoucine\/\",\"https:\/\/x.com\/medoucinefr\",\"https:\/\/www.instagram.com\/medoucine\/\",\"https:\/\/www.youtube.com\/channel\/UCtZeUeJ_KebYK0KJAXjJV8g\"]}]}<\/script>\n<!-- \/ Yoast SEO plugin. -->","yoast_head_json":{"title":"M\u00e9doucine - Notre raison d'\u00eatre","description":"Pour aider les \u00e9tudiants en cette p\u00e9riode difficile, les praticiens recommand\u00e9s du r\u00e9seau M\u00e9doucine leur offrent une 1\u00e8re s\u00e9ance de m\u00e9decines douces.","robots":{"index":"index","follow":"follow","max-snippet":"max-snippet:-1","max-image-preview":"max-image-preview:large","max-video-preview":"max-video-preview:-1"},"canonical":"https:\/\/www.medoucine.com\/blog\/medoucine-notre-raison-detre\/","og_locale":"fr_FR","og_type":"article","og_title":"M\u00e9doucine - Notre raison d'\u00eatre","og_description":"Pour aider les \u00e9tudiants en cette p\u00e9riode difficile, les praticiens recommand\u00e9s du r\u00e9seau M\u00e9doucine leur offrent une 1\u00e8re s\u00e9ance de m\u00e9decines douces.","og_url":"https:\/\/www.medoucine.com\/blog\/medoucine-notre-raison-detre\/","og_site_name":"Blog de Medoucine","article_publisher":"https:\/\/www.facebook.com\/medoucine\/","article_modified_time":"2023-03-08T15:56:17+00:00","og_image":[{"width":780,"height":450,"url":"https:\/\/www.medoucine.com\/blog\/wp-content\/uploads\/2023\/03\/Observatoire-des-MD-N\u00b04_Cover-article-image-\u00e0-la-une-2.png","type":"image\/png"}],"twitter_card":"summary_large_image","twitter_site":"@medoucinefr","twitter_misc":{"Dur\u00e9e de lecture estim\u00e9e":"1 minute"},"schema":{"@context":"https:\/\/schema.org","@graph":[{"@type":"WebPage","@id":"https:\/\/www.medoucine.com\/blog\/medoucine-notre-raison-detre\/","url":"https:\/\/www.medoucine.com\/blog\/medoucine-notre-raison-detre\/","name":"M\u00e9doucine - Notre raison d'\u00eatre","isPartOf":{"@id":"https:\/\/www.medoucine.com\/blog\/#website"},"primaryImageOfPage":{"@id":"https:\/\/www.medoucine.com\/blog\/medoucine-notre-raison-detre\/#primaryimage"},"image":{"@id":"https:\/\/www.medoucine.com\/blog\/medoucine-notre-raison-detre\/#primaryimage"},"thumbnailUrl":"https:\/\/www.medoucine.com\/blog\/wp-content\/uploads\/2023\/03\/Observatoire-des-MD-N\u00b04_Cover-article-image-\u00e0-la-une-2.png","datePublished":"2022-09-08T15:58:56+00:00","dateModified":"2023-03-08T15:56:17+00:00","description":"Pour aider les \u00e9tudiants en cette p\u00e9riode difficile, les praticiens recommand\u00e9s du r\u00e9seau M\u00e9doucine leur offrent une 1\u00e8re s\u00e9ance de m\u00e9decines douces.","breadcrumb":{"@id":"https:\/\/www.medoucine.com\/blog\/medoucine-notre-raison-detre\/#breadcrumb"},"inLanguage":"fr-FR","potentialAction":[{"@type":"ReadAction","target":["https:\/\/www.medoucine.com\/blog\/medoucine-notre-raison-detre\/"]}]},{"@type":"ImageObject","inLanguage":"fr-FR","@id":"https:\/\/www.medoucine.com\/blog\/medoucine-notre-raison-detre\/#primaryimage","url":"https:\/\/www.medoucine.com\/blog\/wp-content\/uploads\/2023\/03\/Observatoire-des-MD-N\u00b04_Cover-article-image-\u00e0-la-une-2.png","contentUrl":"https:\/\/www.medoucine.com\/blog\/wp-content\/uploads\/2023\/03\/Observatoire-des-MD-N\u00b04_Cover-article-image-\u00e0-la-une-2.png","width":780,"height":450},{"@type":"BreadcrumbList","@id":"https:\/\/www.medoucine.com\/blog\/medoucine-notre-raison-detre\/#breadcrumb","itemListElement":[{"@type":"ListItem","position":1,"name":"Blog Medoucine","item":"https:\/\/www.medoucine.com\/blog\/"},{"@type":"ListItem","position":2,"name":"M\u00e9doucine &#8211; Notre raison d&#8217;\u00eatre"}]},{"@type":"WebSite","@id":"https:\/\/www.medoucine.com\/blog\/#website","url":"https:\/\/www.medoucine.com\/blog\/","name":"Blog de Medoucine","description":"Le blog des m\u00e9decines douces","publisher":{"@id":"https:\/\/www.medoucine.com\/blog\/#organization"},"potentialAction":[{"@type":"SearchAction","target":{"@type":"EntryPoint","urlTemplate":"https:\/\/www.medoucine.com\/blog\/?s={search_term_string}"},"query-input":{"@type":"PropertyValueSpecification","valueRequired":true,"valueName":"search_term_string"}}],"inLanguage":"fr-FR"},{"@type":"Organization","@id":"https:\/\/www.medoucine.com\/blog\/#organization","name":"Medoucine","url":"https:\/\/www.medoucine.com\/blog\/","logo":{"@type":"ImageObject","inLanguage":"fr-FR","@id":"https:\/\/www.medoucine.com\/blog\/#\/schema\/logo\/image\/","url":"https:\/\/www.medoucine.com\/blog\/wp-content\/uploads\/2019\/07\/logo@3x.png","contentUrl":"https:\/\/www.medoucine.com\/blog\/wp-content\/uploads\/2019\/07\/logo@3x.png","width":555,"height":135,"caption":"Medoucine"},"image":{"@id":"https:\/\/www.medoucine.com\/blog\/#\/schema\/logo\/image\/"},"sameAs":["https:\/\/www.facebook.com\/medoucine\/","https:\/\/x.com\/medoucinefr","https:\/\/www.instagram.com\/medoucine\/","https:\/\/www.youtube.com\/channel\/UCtZeUeJ_KebYK0KJAXjJV8g"]}]}},"_links":{"self":[{"href":"https:\/\/www.medoucine.com\/blog\/wp-json\/wp\/v2\/pages\/16849","targetHints":{"allow":["GET"]}}],"collection":[{"href":"https:\/\/www.medoucine.com\/blog\/wp-json\/wp\/v2\/pages"}],"about":[{"href":"https:\/\/www.medoucine.com\/blog\/wp-json\/wp\/v2\/types\/page"}],"author":[{"embeddable":true,"href":"https:\/\/www.medoucine.com\/blog\/wp-json\/wp\/v2\/users\/995"}],"replies":[{"embeddable":true,"href":"https:\/\/www.medoucine.com\/blog\/wp-json\/wp\/v2\/comments?post=16849"}],"version-history":[{"count":74,"href":"https:\/\/www.medoucine.com\/blog\/wp-json\/wp\/v2\/pages\/16849\/revisions"}],"predecessor-version":[{"id":26254,"href":"https:\/\/www.medoucine.com\/blog\/wp-json\/wp\/v2\/pages\/16849\/revisions\/26254"}],"wp:featuredmedia":[{"embeddable":true,"href":"https:\/\/www.medoucine.com\/blog\/wp-json\/wp\/v2\/media\/26252"}],"wp:attachment":[{"href":"https:\/\/www.medoucine.com\/blog\/wp-json\/wp\/v2\/media?parent=16849"}],"curies":[{"name":"wp","href":"https:\/\/api.w.org\/{rel}","templated":true}]}}