{"id":16088,"date":"2020-12-21T11:23:53","date_gmt":"2020-12-21T10:23:53","guid":{"rendered":"https:\/\/www.medoucine.com\/blog\/?page_id=16088"},"modified":"2020-12-21T16:39:21","modified_gmt":"2020-12-21T15:39:21","slug":"podcast-a-votre-pleine-sante-par-ma-vie-saine-et-moi","status":"publish","type":"page","link":"https:\/\/www.medoucine.com\/blog\/podcast-a-votre-pleine-sante-par-ma-vie-saine-et-moi\/","title":{"rendered":"Podcast \u00ab\u00a0A votre pleine sant\u00e9\u00a0\u00bb par Ma Vie Saine et Moi"},"content":{"rendered":"<div class=\"wpb-content-wrapper\">[vc_row][vc_column][vc_single_image image=\u00a0\u00bb16118&Prime; img_size=\u00a0\u00bbfull\u00a0\u00bb alignment=\u00a0\u00bbcenter\u00a0\u00bb][vc_column_text]Si vous avez envie de d\u00e9couvrir la naturopathie de fa\u00e7on ludique et vivante alors vous \u00eates au bon endroit ! <a href=\"https:\/\/www.medoucine.com\/consultation\/noisy-le-grand\/marina-sessa\/1809\">Marina Sessa<\/a> de <em>Ma Vie Saine Et Moi<\/em> est naturopathe recommand\u00e9e du r\u00e9seau M\u00e9doucine. Elle a cr\u00e9\u00e9 le podcast <em>A votre pleine sant\u00e9<\/em>, qui propose d&rsquo;aborder \u00e0 chaque \u00e9pisode un sujet particulier de la naturopathie et de la sant\u00e9 au naturel.<\/p>\n<p>Le format fait la part belle \u00e0 l&rsquo;alimentation saine et gourmande et Marina y propose de nombreux conseils pratiques.<\/p>\n<p>Bonne \u00e9coute ![\/vc_column_text][\/vc_column][\/vc_row][vc_row][vc_column][vc_raw_html]JTNDcCUzRSUzQ2lmcmFtZSUyMGlkJTNEJTIyYXVzaGEtVjZxQyUyMiUyMHN0eWxlJTNEJTIyYm9yZGVyJTNBJTIwbm9uZSUzQiUyMHdpZHRoJTNBJTIwMTAwJTI1JTNCJTIyJTIwc3JjJTNEJTIyaHR0cHMlM0ElMkYlMkZ3aWRnZXQuYXVzaGEuY28lMkZpbmRleC5odG1sJTNGc2hvd0lkJTNEQnhrcFpVcmpFV1JWJTI2YW1wJTNCY29sb3IlM0QlMjUyM2ZmZTNiMCUyNmFtcCUzQnBsYXlsaXN0JTNEdHJ1ZSUyNmFtcCUzQnYlM0QzJTI2YW1wJTNCcGxheWVySWQlM0RhdXNoYS1WNnFDJTIyJTIwaGVpZ2h0JTNEJTIyNDIwJTIyJTIwZnJhbWVib3JkZXIlM0QlMjIwJTIyJTNFJTNDJTJGaWZyYW1lJTNFJTNDc2NyaXB0JTIwc3JjJTNEJTIyaHR0cHMlM0ElMkYlMkZ3aWRnZXQuYXVzaGEuY28lMkZhdXNoYS1wbGF5ZXIuanMlMjIlM0UlM0MlMkZzY3JpcHQlM0UlM0MlMkZwJTNF[\/vc_raw_html][\/vc_column][\/vc_row]\n<\/div>","protected":false},"excerpt":{"rendered":"<p>[vc_row][vc_column][vc_single_image image=\u00a0\u00bb16118&Prime; img_size=\u00a0\u00bbfull\u00a0\u00bb alignment=\u00a0\u00bbcenter\u00a0\u00bb][vc_column_text]Si vous avez envie de d\u00e9couvrir la naturopathie de fa\u00e7on ludique et vivante alors vous \u00eates au bon endroit ! Marina Sessa de Ma Vie Saine Et Moi est naturopathe recommand\u00e9e du r\u00e9seau M\u00e9doucine. Elle a cr\u00e9\u00e9 le podcast A votre pleine sant\u00e9, qui propose d&rsquo;aborder \u00e0 chaque \u00e9pisode un sujet particulier de la naturopathie et de la sant\u00e9 au naturel. Le format fait la part belle \u00e0 l&rsquo;alimentation saine et gourmande et Marina y propose de nombreux conseils pratiques. Bonne \u00e9coute ![\/vc_column_text][\/vc_column][\/vc_row][vc_row][vc_column][vc_raw_html]JTNDcCUzRSUzQ2lmcmFtZSUyMGlkJTNEJTIyYXVzaGEtVjZxQyUyMiUyMHN0eWxlJTNEJTIyYm9yZGVyJTNBJTIwbm9uZSUzQiUyMHdpZHRoJTNBJTIwMTAwJTI1JTNCJTIyJTIwc3JjJTNEJTIyaHR0cHMlM0ElMkYlMkZ3aWRnZXQuYXVzaGEuY28lMkZpbmRleC5odG1sJTNGc2hvd0lkJTNEQnhrcFpVcmpFV1JWJTI2YW1wJTNCY29sb3IlM0QlMjUyM2ZmZTNiMCUyNmFtcCUzQnBsYXlsaXN0JTNEdHJ1ZSUyNmFtcCUzQnYlM0QzJTI2YW1wJTNCcGxheWVySWQlM0RhdXNoYS1WNnFDJTIyJTIwaGVpZ2h0JTNEJTIyNDIwJTIyJTIwZnJhbWVib3JkZXIlM0QlMjIwJTIyJTNFJTNDJTJGaWZyYW1lJTNFJTNDc2NyaXB0JTIwc3JjJTNEJTIyaHR0cHMlM0ElMkYlMkZ3aWRnZXQuYXVzaGEuY28lMkZhdXNoYS1wbGF5ZXIuanMlMjIlM0UlM0MlMkZzY3JpcHQlM0UlM0MlMkZwJTNF[\/vc_raw_html][\/vc_column][\/vc_row]<\/p>\n","protected":false},"author":220,"featured_media":0,"parent":0,"menu_order":0,"comment_status":"closed","ping_status":"closed","template":"","meta":{"_acf_changed":false,"footnotes":""},"class_list":["post-16088","page","type-page","status-publish","hentry"],"acf":[],"yoast_head":"<!-- This site is optimized with the Yoast SEO plugin v27.1.1 - https:\/\/yoast.com\/product\/yoast-seo-wordpress\/ -->\n<title>Podcast &quot;A votre pleine sant\u00e9&quot; par Ma Vie Saine et Moi ~ Blog de Medoucine<\/title>\n<meta name=\"robots\" content=\"index, follow, max-snippet:-1, max-image-preview:large, max-video-preview:-1\" \/>\n<link rel=\"canonical\" href=\"https:\/\/www.medoucine.com\/blog\/podcast-a-votre-pleine-sante-par-ma-vie-saine-et-moi\/\" \/>\n<meta property=\"og:locale\" content=\"fr_FR\" \/>\n<meta property=\"og:type\" content=\"article\" \/>\n<meta property=\"og:title\" content=\"Podcast &quot;A votre pleine sant\u00e9&quot; par Ma Vie Saine et Moi ~ Blog de Medoucine\" \/>\n<meta property=\"og:description\" content=\"[vc_row][vc_column][vc_single_image image=\u00a0\u00bb16118&Prime; img_size=\u00a0\u00bbfull\u00a0\u00bb alignment=\u00a0\u00bbcenter\u00a0\u00bb][vc_column_text]Si vous avez envie de d\u00e9couvrir la naturopathie de fa\u00e7on ludique et vivante alors vous \u00eates au bon endroit ! Marina Sessa de Ma Vie Saine Et Moi est naturopathe recommand\u00e9e du r\u00e9seau M\u00e9doucine. Elle a cr\u00e9\u00e9 le podcast A votre pleine sant\u00e9, qui propose d&rsquo;aborder \u00e0 chaque \u00e9pisode un sujet particulier de la naturopathie et de la sant\u00e9 au naturel. Le format fait la part belle \u00e0 l&rsquo;alimentation saine et gourmande et Marina y propose de nombreux conseils pratiques. Bonne \u00e9coute ![\/vc_column_text][\/vc_column][\/vc_row][vc_row][vc_column][vc_raw_html]JTNDcCUzRSUzQ2lmcmFtZSUyMGlkJTNEJTIyYXVzaGEtVjZxQyUyMiUyMHN0eWxlJTNEJTIyYm9yZGVyJTNBJTIwbm9uZSUzQiUyMHdpZHRoJTNBJTIwMTAwJTI1JTNCJTIyJTIwc3JjJTNEJTIyaHR0cHMlM0ElMkYlMkZ3aWRnZXQuYXVzaGEuY28lMkZpbmRleC5odG1sJTNGc2hvd0lkJTNEQnhrcFpVcmpFV1JWJTI2YW1wJTNCY29sb3IlM0QlMjUyM2ZmZTNiMCUyNmFtcCUzQnBsYXlsaXN0JTNEdHJ1ZSUyNmFtcCUzQnYlM0QzJTI2YW1wJTNCcGxheWVySWQlM0RhdXNoYS1WNnFDJTIyJTIwaGVpZ2h0JTNEJTIyNDIwJTIyJTIwZnJhbWVib3JkZXIlM0QlMjIwJTIyJTNFJTNDJTJGaWZyYW1lJTNFJTNDc2NyaXB0JTIwc3JjJTNEJTIyaHR0cHMlM0ElMkYlMkZ3aWRnZXQuYXVzaGEuY28lMkZhdXNoYS1wbGF5ZXIuanMlMjIlM0UlM0MlMkZzY3JpcHQlM0UlM0MlMkZwJTNF[\/vc_raw_html][\/vc_column][\/vc_row]\" \/>\n<meta property=\"og:url\" content=\"https:\/\/www.medoucine.com\/blog\/podcast-a-votre-pleine-sante-par-ma-vie-saine-et-moi\/\" \/>\n<meta property=\"og:site_name\" content=\"Blog de Medoucine\" \/>\n<meta property=\"article:publisher\" content=\"https:\/\/www.facebook.com\/medoucine\/\" \/>\n<meta property=\"article:modified_time\" content=\"2020-12-21T15:39:21+00:00\" \/>\n<meta name=\"twitter:card\" content=\"summary_large_image\" \/>\n<meta name=\"twitter:site\" content=\"@medoucinefr\" \/>\n<meta name=\"twitter:label1\" content=\"Dur\u00e9e de lecture estim\u00e9e\" \/>\n\t<meta name=\"twitter:data1\" content=\"1 minute\" \/>\n<script type=\"application\/ld+json\" class=\"yoast-schema-graph\">{\"@context\":\"https:\/\/schema.org\",\"@graph\":[{\"@type\":\"WebPage\",\"@id\":\"https:\/\/www.medoucine.com\/blog\/podcast-a-votre-pleine-sante-par-ma-vie-saine-et-moi\/\",\"url\":\"https:\/\/www.medoucine.com\/blog\/podcast-a-votre-pleine-sante-par-ma-vie-saine-et-moi\/\",\"name\":\"Podcast \\\"A votre pleine sant\u00e9\\\" par Ma Vie Saine et Moi ~ Blog de Medoucine\",\"isPartOf\":{\"@id\":\"https:\/\/www.medoucine.com\/blog\/#website\"},\"datePublished\":\"2020-12-21T10:23:53+00:00\",\"dateModified\":\"2020-12-21T15:39:21+00:00\",\"breadcrumb\":{\"@id\":\"https:\/\/www.medoucine.com\/blog\/podcast-a-votre-pleine-sante-par-ma-vie-saine-et-moi\/#breadcrumb\"},\"inLanguage\":\"fr-FR\",\"potentialAction\":[{\"@type\":\"ReadAction\",\"target\":[\"https:\/\/www.medoucine.com\/blog\/podcast-a-votre-pleine-sante-par-ma-vie-saine-et-moi\/\"]}]},{\"@type\":\"BreadcrumbList\",\"@id\":\"https:\/\/www.medoucine.com\/blog\/podcast-a-votre-pleine-sante-par-ma-vie-saine-et-moi\/#breadcrumb\",\"itemListElement\":[{\"@type\":\"ListItem\",\"position\":1,\"name\":\"Blog Medoucine\",\"item\":\"https:\/\/www.medoucine.com\/blog\/\"},{\"@type\":\"ListItem\",\"position\":2,\"name\":\"Podcast &#8220;A votre pleine sant\u00e9&#8221; par Ma Vie Saine et Moi\"}]},{\"@type\":\"WebSite\",\"@id\":\"https:\/\/www.medoucine.com\/blog\/#website\",\"url\":\"https:\/\/www.medoucine.com\/blog\/\",\"name\":\"Blog de Medoucine\",\"description\":\"Le blog des m\u00e9decines douces\",\"publisher\":{\"@id\":\"https:\/\/www.medoucine.com\/blog\/#organization\"},\"potentialAction\":[{\"@type\":\"SearchAction\",\"target\":{\"@type\":\"EntryPoint\",\"urlTemplate\":\"https:\/\/www.medoucine.com\/blog\/?s={search_term_string}\"},\"query-input\":{\"@type\":\"PropertyValueSpecification\",\"valueRequired\":true,\"valueName\":\"search_term_string\"}}],\"inLanguage\":\"fr-FR\"},{\"@type\":\"Organization\",\"@id\":\"https:\/\/www.medoucine.com\/blog\/#organization\",\"name\":\"Medoucine\",\"url\":\"https:\/\/www.medoucine.com\/blog\/\",\"logo\":{\"@type\":\"ImageObject\",\"inLanguage\":\"fr-FR\",\"@id\":\"https:\/\/www.medoucine.com\/blog\/#\/schema\/logo\/image\/\",\"url\":\"https:\/\/www.medoucine.com\/blog\/wp-content\/uploads\/2019\/07\/logo@3x.png\",\"contentUrl\":\"https:\/\/www.medoucine.com\/blog\/wp-content\/uploads\/2019\/07\/logo@3x.png\",\"width\":555,\"height\":135,\"caption\":\"Medoucine\"},\"image\":{\"@id\":\"https:\/\/www.medoucine.com\/blog\/#\/schema\/logo\/image\/\"},\"sameAs\":[\"https:\/\/www.facebook.com\/medoucine\/\",\"https:\/\/x.com\/medoucinefr\",\"https:\/\/www.instagram.com\/medoucine\/\",\"https:\/\/www.youtube.com\/channel\/UCtZeUeJ_KebYK0KJAXjJV8g\"]}]}<\/script>\n<!-- \/ Yoast SEO plugin. -->","yoast_head_json":{"title":"Podcast \"A votre pleine sant\u00e9\" par Ma Vie Saine et Moi ~ Blog de Medoucine","robots":{"index":"index","follow":"follow","max-snippet":"max-snippet:-1","max-image-preview":"max-image-preview:large","max-video-preview":"max-video-preview:-1"},"canonical":"https:\/\/www.medoucine.com\/blog\/podcast-a-votre-pleine-sante-par-ma-vie-saine-et-moi\/","og_locale":"fr_FR","og_type":"article","og_title":"Podcast \"A votre pleine sant\u00e9\" par Ma Vie Saine et Moi ~ Blog de Medoucine","og_description":"[vc_row][vc_column][vc_single_image image=\u00a0\u00bb16118&Prime; img_size=\u00a0\u00bbfull\u00a0\u00bb alignment=\u00a0\u00bbcenter\u00a0\u00bb][vc_column_text]Si vous avez envie de d\u00e9couvrir la naturopathie de fa\u00e7on ludique et vivante alors vous \u00eates au bon endroit ! Marina Sessa de Ma Vie Saine Et Moi est naturopathe recommand\u00e9e du r\u00e9seau M\u00e9doucine. Elle a cr\u00e9\u00e9 le podcast A votre pleine sant\u00e9, qui propose d&rsquo;aborder \u00e0 chaque \u00e9pisode un sujet particulier de la naturopathie et de la sant\u00e9 au naturel. Le format fait la part belle \u00e0 l&rsquo;alimentation saine et gourmande et Marina y propose de nombreux conseils pratiques. Bonne \u00e9coute ![\/vc_column_text][\/vc_column][\/vc_row][vc_row][vc_column][vc_raw_html]JTNDcCUzRSUzQ2lmcmFtZSUyMGlkJTNEJTIyYXVzaGEtVjZxQyUyMiUyMHN0eWxlJTNEJTIyYm9yZGVyJTNBJTIwbm9uZSUzQiUyMHdpZHRoJTNBJTIwMTAwJTI1JTNCJTIyJTIwc3JjJTNEJTIyaHR0cHMlM0ElMkYlMkZ3aWRnZXQuYXVzaGEuY28lMkZpbmRleC5odG1sJTNGc2hvd0lkJTNEQnhrcFpVcmpFV1JWJTI2YW1wJTNCY29sb3IlM0QlMjUyM2ZmZTNiMCUyNmFtcCUzQnBsYXlsaXN0JTNEdHJ1ZSUyNmFtcCUzQnYlM0QzJTI2YW1wJTNCcGxheWVySWQlM0RhdXNoYS1WNnFDJTIyJTIwaGVpZ2h0JTNEJTIyNDIwJTIyJTIwZnJhbWVib3JkZXIlM0QlMjIwJTIyJTNFJTNDJTJGaWZyYW1lJTNFJTNDc2NyaXB0JTIwc3JjJTNEJTIyaHR0cHMlM0ElMkYlMkZ3aWRnZXQuYXVzaGEuY28lMkZhdXNoYS1wbGF5ZXIuanMlMjIlM0UlM0MlMkZzY3JpcHQlM0UlM0MlMkZwJTNF[\/vc_raw_html][\/vc_column][\/vc_row]","og_url":"https:\/\/www.medoucine.com\/blog\/podcast-a-votre-pleine-sante-par-ma-vie-saine-et-moi\/","og_site_name":"Blog de Medoucine","article_publisher":"https:\/\/www.facebook.com\/medoucine\/","article_modified_time":"2020-12-21T15:39:21+00:00","twitter_card":"summary_large_image","twitter_site":"@medoucinefr","twitter_misc":{"Dur\u00e9e de lecture estim\u00e9e":"1 minute"},"schema":{"@context":"https:\/\/schema.org","@graph":[{"@type":"WebPage","@id":"https:\/\/www.medoucine.com\/blog\/podcast-a-votre-pleine-sante-par-ma-vie-saine-et-moi\/","url":"https:\/\/www.medoucine.com\/blog\/podcast-a-votre-pleine-sante-par-ma-vie-saine-et-moi\/","name":"Podcast \"A votre pleine sant\u00e9\" par Ma Vie Saine et Moi ~ Blog de Medoucine","isPartOf":{"@id":"https:\/\/www.medoucine.com\/blog\/#website"},"datePublished":"2020-12-21T10:23:53+00:00","dateModified":"2020-12-21T15:39:21+00:00","breadcrumb":{"@id":"https:\/\/www.medoucine.com\/blog\/podcast-a-votre-pleine-sante-par-ma-vie-saine-et-moi\/#breadcrumb"},"inLanguage":"fr-FR","potentialAction":[{"@type":"ReadAction","target":["https:\/\/www.medoucine.com\/blog\/podcast-a-votre-pleine-sante-par-ma-vie-saine-et-moi\/"]}]},{"@type":"BreadcrumbList","@id":"https:\/\/www.medoucine.com\/blog\/podcast-a-votre-pleine-sante-par-ma-vie-saine-et-moi\/#breadcrumb","itemListElement":[{"@type":"ListItem","position":1,"name":"Blog Medoucine","item":"https:\/\/www.medoucine.com\/blog\/"},{"@type":"ListItem","position":2,"name":"Podcast &#8220;A votre pleine sant\u00e9&#8221; par Ma Vie Saine et Moi"}]},{"@type":"WebSite","@id":"https:\/\/www.medoucine.com\/blog\/#website","url":"https:\/\/www.medoucine.com\/blog\/","name":"Blog de Medoucine","description":"Le blog des m\u00e9decines douces","publisher":{"@id":"https:\/\/www.medoucine.com\/blog\/#organization"},"potentialAction":[{"@type":"SearchAction","target":{"@type":"EntryPoint","urlTemplate":"https:\/\/www.medoucine.com\/blog\/?s={search_term_string}"},"query-input":{"@type":"PropertyValueSpecification","valueRequired":true,"valueName":"search_term_string"}}],"inLanguage":"fr-FR"},{"@type":"Organization","@id":"https:\/\/www.medoucine.com\/blog\/#organization","name":"Medoucine","url":"https:\/\/www.medoucine.com\/blog\/","logo":{"@type":"ImageObject","inLanguage":"fr-FR","@id":"https:\/\/www.medoucine.com\/blog\/#\/schema\/logo\/image\/","url":"https:\/\/www.medoucine.com\/blog\/wp-content\/uploads\/2019\/07\/logo@3x.png","contentUrl":"https:\/\/www.medoucine.com\/blog\/wp-content\/uploads\/2019\/07\/logo@3x.png","width":555,"height":135,"caption":"Medoucine"},"image":{"@id":"https:\/\/www.medoucine.com\/blog\/#\/schema\/logo\/image\/"},"sameAs":["https:\/\/www.facebook.com\/medoucine\/","https:\/\/x.com\/medoucinefr","https:\/\/www.instagram.com\/medoucine\/","https:\/\/www.youtube.com\/channel\/UCtZeUeJ_KebYK0KJAXjJV8g"]}]}},"_links":{"self":[{"href":"https:\/\/www.medoucine.com\/blog\/wp-json\/wp\/v2\/pages\/16088","targetHints":{"allow":["GET"]}}],"collection":[{"href":"https:\/\/www.medoucine.com\/blog\/wp-json\/wp\/v2\/pages"}],"about":[{"href":"https:\/\/www.medoucine.com\/blog\/wp-json\/wp\/v2\/types\/page"}],"author":[{"embeddable":true,"href":"https:\/\/www.medoucine.com\/blog\/wp-json\/wp\/v2\/users\/220"}],"replies":[{"embeddable":true,"href":"https:\/\/www.medoucine.com\/blog\/wp-json\/wp\/v2\/comments?post=16088"}],"version-history":[{"count":6,"href":"https:\/\/www.medoucine.com\/blog\/wp-json\/wp\/v2\/pages\/16088\/revisions"}],"predecessor-version":[{"id":16116,"href":"https:\/\/www.medoucine.com\/blog\/wp-json\/wp\/v2\/pages\/16088\/revisions\/16116"}],"wp:attachment":[{"href":"https:\/\/www.medoucine.com\/blog\/wp-json\/wp\/v2\/media?parent=16088"}],"curies":[{"name":"wp","href":"https:\/\/api.w.org\/{rel}","templated":true}]}}