{"id":12866,"date":"2020-06-10T21:20:31","date_gmt":"2020-06-10T19:20:31","guid":{"rendered":"https:\/\/www.medoucine.com\/blog\/?page_id=12866"},"modified":"2024-06-13T16:25:15","modified_gmt":"2024-06-13T14:25:15","slug":"comment-renforcer-son-systeme-immunitaire","status":"publish","type":"page","link":"https:\/\/www.medoucine.com\/blog\/guides\/comment-renforcer-son-systeme-immunitaire\/","title":{"rendered":"Guide gratuit pour renforcer son syst\u00e8me immunitaire"},"content":{"rendered":"<div class=\"wpb-content-wrapper\">[vc_row css=\u00a0\u00bb.vc_custom_1593161511770{margin-top: -15px !important;}\u00a0\u00bb][vc_column width=\u00a0\u00bb2\/3&Prime;][vc_single_image image=\u00a0\u00bb16262&Prime; img_size=\u00a0\u00bb636&#215;256&Prime; alignment=\u00a0\u00bbcenter\u00a0\u00bb][vc_column_text]<strong>Le syst\u00e8me immunitaire est au c\u0153ur de votre sant\u00e9<\/strong>. C&rsquo;est lui qui <strong>d\u00e9fend notre organisme<\/strong> contre les diff\u00e9rentes agressions ext\u00e9rieures, il tente constamment de nous prot\u00e9ger et nous maintenir en \u00e9tat de pleine sant\u00e9. A nous de lui donner les meilleurs conditions pour qu&rsquo;il puisse r\u00e9aliser cette t\u00e2che au mieux !<\/p>\n<p>En renfor\u00e7ant votre syst\u00e8me immunitaire, pour pourrez passer l\u2019hiver en \u00e9vitant au maximum rhumes et grippe. C&rsquo;est pourquoi Medoucine a cr\u00e9\u00e9 <strong>un guide pour vous donner les cl\u00e9s d&rsquo;un syst\u00e8me immunitaire au top<\/strong>.<\/p>\n<p><strong>Gr\u00e2ce \u00e0 ce guide, d\u00e9couvrez des solutions naturelles pour renforcer votre syst\u00e8me immunitaire :<\/strong><\/p>\n<ul>\n<li>Des gestes pr\u00e9ventifs pour \u00e9viter les troubles de l&rsquo;hiver<\/li>\n<li>Des solutions naturelles pour retrouver plus rapidement votre vitalit\u00e9 lorsque vous \u00eates d\u00e9j\u00e0 affaibli<\/li>\n<\/ul>\n[\/vc_column_text][\/vc_column][vc_column width=\u00a0\u00bb1\/3&Prime;][vc_raw_html]JTNDaWZyYW1lJTIwd2lkdGglM0QlMjI1NDAlMjIlMjBoZWlnaHQlM0QlMjI1NTAlMjIlMjBzcmMlM0QlMjJodHRwcyUzQSUyRiUyRjk2ZTQzYTMwLnNpYmZvcm1zLmNvbSUyRnNlcnZlJTJGTVVJRkFJSS1ocnkwanhtV2NDWUN3VklhSEZRT2lFeTNobzYxWDRhaTZhc1JBMENKOC0wRndfc3QzTjZsQ2lzbzNmYkNIaWp6ODFFQU9yaFU1YjNCWTNVX25aZk1wX1kwa2drUWhtTl90cnRtQ0szWnE0M0ZPZUEwNDRLTFB6cExWWC1hU1hRcktrazZqdmNOdkl4NGpIeU1GaG1nMkNwV2d2RkNCbjBJTjRDY016N3N3Vlc3cW5zX2xCV0V0al9zRW1kWXdRcFBqU3Jld0xPaSUyMiUyMGZyYW1lYm9yZGVyJTNEJTIyMCUyMiUyMHNjcm9sbGluZyUzRCUyMmF1dG8lMjIlMjBhbGxvd2Z1bGxzY3JlZW4lMjBzdHlsZSUzRCUyMmRpc3BsYXklM0ElMjBibG9jayUzQm1hcmdpbi1sZWZ0JTNBJTIwYXV0byUzQm1hcmdpbi1yaWdodCUzQSUyMGF1dG8lM0JtYXgtd2lkdGglM0ElMjAxMDAlMjUlM0IlMjIlM0UlM0MlMkZpZnJhbWUlM0U=[\/vc_raw_html][\/vc_column][\/vc_row]\n<\/div>","protected":false},"excerpt":{"rendered":"<p>[vc_row css=\u00a0\u00bb.vc_custom_1593161511770{margin-top: -15px !important;}\u00a0\u00bb][vc_column width=\u00a0\u00bb2\/3&Prime;][vc_single_image image=\u00a0\u00bb16262&Prime; img_size=\u00a0\u00bb636&#215;256&Prime; alignment=\u00a0\u00bbcenter\u00a0\u00bb][vc_column_text]Le syst\u00e8me immunitaire est au c\u0153ur de votre sant\u00e9. C&rsquo;est lui qui d\u00e9fend notre organisme contre les diff\u00e9rentes agressions ext\u00e9rieures, il tente constamment de nous prot\u00e9ger et nous maintenir en \u00e9tat de pleine sant\u00e9. A nous de lui donner les meilleurs conditions pour qu&rsquo;il puisse r\u00e9aliser cette t\u00e2che au mieux ! En renfor\u00e7ant votre syst\u00e8me immunitaire, pour pourrez passer l\u2019hiver en \u00e9vitant au maximum rhumes et grippe. C&rsquo;est pourquoi Medoucine a cr\u00e9\u00e9 un guide pour vous donner les cl\u00e9s d&rsquo;un syst\u00e8me immunitaire au top. Gr\u00e2ce \u00e0 ce guide, d\u00e9couvrez des solutions naturelles pour renforcer votre syst\u00e8me immunitaire : Des gestes pr\u00e9ventifs pour \u00e9viter les troubles de l&rsquo;hiver Des solutions naturelles pour retrouver plus rapidement votre vitalit\u00e9 lorsque vous \u00eates d\u00e9j\u00e0 affaibli [\/vc_column_text][\/vc_column][vc_column width=\u00a0\u00bb1\/3&Prime;][vc_raw_html]JTNDaWZyYW1lJTIwd2lkdGglM0QlMjI1NDAlMjIlMjBoZWlnaHQlM0QlMjI1NTAlMjIlMjBzcmMlM0QlMjJodHRwcyUzQSUyRiUyRjk2ZTQzYTMwLnNpYmZvcm1zLmNvbSUyRnNlcnZlJTJGTVVJRkFJSS1ocnkwanhtV2NDWUN3VklhSEZRT2lFeTNobzYxWDRhaTZhc1JBMENKOC0wRndfc3QzTjZsQ2lzbzNmYkNIaWp6ODFFQU9yaFU1YjNCWTNVX25aZk1wX1kwa2drUWhtTl90cnRtQ0szWnE0M0ZPZUEwNDRLTFB6cExWWC1hU1hRcktrazZqdmNOdkl4NGpIeU1GaG1nMkNwV2d2RkNCbjBJTjRDY016N3N3Vlc3cW5zX2xCV0V0al9zRW1kWXdRcFBqU3Jld0xPaSUyMiUyMGZyYW1lYm9yZGVyJTNEJTIyMCUyMiUyMHNjcm9sbGluZyUzRCUyMmF1dG8lMjIlMjBhbGxvd2Z1bGxzY3JlZW4lMjBzdHlsZSUzRCUyMmRpc3BsYXklM0ElMjBibG9jayUzQm1hcmdpbi1sZWZ0JTNBJTIwYXV0byUzQm1hcmdpbi1yaWdodCUzQSUyMGF1dG8lM0JtYXgtd2lkdGglM0ElMjAxMDAlMjUlM0IlMjIlM0UlM0MlMkZpZnJhbWUlM0U=[\/vc_raw_html][\/vc_column][\/vc_row]<\/p>\n","protected":false},"author":995,"featured_media":0,"parent":5655,"menu_order":0,"comment_status":"closed","ping_status":"closed","template":"","meta":{"_acf_changed":false,"footnotes":""},"class_list":["post-12866","page","type-page","status-publish","hentry"],"acf":[],"yoast_head":"<!-- This site is optimized with the Yoast SEO plugin v27.1.1 - https:\/\/yoast.com\/product\/yoast-seo-wordpress\/ -->\n<title>Guide gratuit pour renforcer son syst\u00e8me immunitaire ~ Blog de Medoucine<\/title>\n<meta name=\"description\" content=\"Gr\u00e2ce \u00e0 ce guide, d\u00e9couvrez des solutions naturelles pour renforcer votre syst\u00e8me immunitaire, qui est au c\u0153ur de votre sant\u00e9.\" \/>\n<meta name=\"robots\" content=\"index, follow, max-snippet:-1, max-image-preview:large, max-video-preview:-1\" \/>\n<link rel=\"canonical\" href=\"https:\/\/www.medoucine.com\/blog\/guides\/comment-renforcer-son-systeme-immunitaire\/\" \/>\n<meta property=\"og:locale\" content=\"fr_FR\" \/>\n<meta property=\"og:type\" content=\"article\" \/>\n<meta property=\"og:title\" content=\"Guide gratuit pour renforcer son syst\u00e8me immunitaire ~ Blog de Medoucine\" \/>\n<meta property=\"og:description\" content=\"Gr\u00e2ce \u00e0 ce guide, d\u00e9couvrez des solutions naturelles pour renforcer votre syst\u00e8me immunitaire, qui est au c\u0153ur de votre sant\u00e9.\" \/>\n<meta property=\"og:url\" content=\"https:\/\/www.medoucine.com\/blog\/guides\/comment-renforcer-son-systeme-immunitaire\/\" \/>\n<meta property=\"og:site_name\" content=\"Blog de Medoucine\" \/>\n<meta property=\"article:publisher\" content=\"https:\/\/www.facebook.com\/medoucine\/\" \/>\n<meta property=\"article:modified_time\" content=\"2024-06-13T14:25:15+00:00\" \/>\n<meta name=\"twitter:card\" content=\"summary_large_image\" \/>\n<meta name=\"twitter:site\" content=\"@medoucinefr\" \/>\n<meta name=\"twitter:label1\" content=\"Dur\u00e9e de lecture estim\u00e9e\" \/>\n\t<meta name=\"twitter:data1\" content=\"1 minute\" \/>\n<script type=\"application\/ld+json\" class=\"yoast-schema-graph\">{\"@context\":\"https:\/\/schema.org\",\"@graph\":[{\"@type\":\"WebPage\",\"@id\":\"https:\/\/www.medoucine.com\/blog\/guides\/comment-renforcer-son-systeme-immunitaire\/\",\"url\":\"https:\/\/www.medoucine.com\/blog\/guides\/comment-renforcer-son-systeme-immunitaire\/\",\"name\":\"Guide gratuit pour renforcer son syst\u00e8me immunitaire ~ Blog de Medoucine\",\"isPartOf\":{\"@id\":\"https:\/\/www.medoucine.com\/blog\/#website\"},\"datePublished\":\"2020-06-10T19:20:31+00:00\",\"dateModified\":\"2024-06-13T14:25:15+00:00\",\"description\":\"Gr\u00e2ce \u00e0 ce guide, d\u00e9couvrez des solutions naturelles pour renforcer votre syst\u00e8me immunitaire, qui est au c\u0153ur de votre sant\u00e9.\",\"breadcrumb\":{\"@id\":\"https:\/\/www.medoucine.com\/blog\/guides\/comment-renforcer-son-systeme-immunitaire\/#breadcrumb\"},\"inLanguage\":\"fr-FR\",\"potentialAction\":[{\"@type\":\"ReadAction\",\"target\":[\"https:\/\/www.medoucine.com\/blog\/guides\/comment-renforcer-son-systeme-immunitaire\/\"]}]},{\"@type\":\"BreadcrumbList\",\"@id\":\"https:\/\/www.medoucine.com\/blog\/guides\/comment-renforcer-son-systeme-immunitaire\/#breadcrumb\",\"itemListElement\":[{\"@type\":\"ListItem\",\"position\":1,\"name\":\"Blog Medoucine\",\"item\":\"https:\/\/www.medoucine.com\/blog\/\"},{\"@type\":\"ListItem\",\"position\":2,\"name\":\"Guides gratuits \u00e0 t\u00e9l\u00e9charger\",\"item\":\"https:\/\/www.medoucine.com\/blog\/guides\/\"},{\"@type\":\"ListItem\",\"position\":3,\"name\":\"Guide gratuit pour renforcer son syst\u00e8me immunitaire\"}]},{\"@type\":\"WebSite\",\"@id\":\"https:\/\/www.medoucine.com\/blog\/#website\",\"url\":\"https:\/\/www.medoucine.com\/blog\/\",\"name\":\"Blog de Medoucine\",\"description\":\"Le blog des m\u00e9decines douces\",\"publisher\":{\"@id\":\"https:\/\/www.medoucine.com\/blog\/#organization\"},\"potentialAction\":[{\"@type\":\"SearchAction\",\"target\":{\"@type\":\"EntryPoint\",\"urlTemplate\":\"https:\/\/www.medoucine.com\/blog\/?s={search_term_string}\"},\"query-input\":{\"@type\":\"PropertyValueSpecification\",\"valueRequired\":true,\"valueName\":\"search_term_string\"}}],\"inLanguage\":\"fr-FR\"},{\"@type\":\"Organization\",\"@id\":\"https:\/\/www.medoucine.com\/blog\/#organization\",\"name\":\"Medoucine\",\"url\":\"https:\/\/www.medoucine.com\/blog\/\",\"logo\":{\"@type\":\"ImageObject\",\"inLanguage\":\"fr-FR\",\"@id\":\"https:\/\/www.medoucine.com\/blog\/#\/schema\/logo\/image\/\",\"url\":\"https:\/\/www.medoucine.com\/blog\/wp-content\/uploads\/2019\/07\/logo@3x.png\",\"contentUrl\":\"https:\/\/www.medoucine.com\/blog\/wp-content\/uploads\/2019\/07\/logo@3x.png\",\"width\":555,\"height\":135,\"caption\":\"Medoucine\"},\"image\":{\"@id\":\"https:\/\/www.medoucine.com\/blog\/#\/schema\/logo\/image\/\"},\"sameAs\":[\"https:\/\/www.facebook.com\/medoucine\/\",\"https:\/\/x.com\/medoucinefr\",\"https:\/\/www.instagram.com\/medoucine\/\",\"https:\/\/www.youtube.com\/channel\/UCtZeUeJ_KebYK0KJAXjJV8g\"]}]}<\/script>\n<!-- \/ Yoast SEO plugin. -->","yoast_head_json":{"title":"Guide gratuit pour renforcer son syst\u00e8me immunitaire ~ Blog de Medoucine","description":"Gr\u00e2ce \u00e0 ce guide, d\u00e9couvrez des solutions naturelles pour renforcer votre syst\u00e8me immunitaire, qui est au c\u0153ur de votre sant\u00e9.","robots":{"index":"index","follow":"follow","max-snippet":"max-snippet:-1","max-image-preview":"max-image-preview:large","max-video-preview":"max-video-preview:-1"},"canonical":"https:\/\/www.medoucine.com\/blog\/guides\/comment-renforcer-son-systeme-immunitaire\/","og_locale":"fr_FR","og_type":"article","og_title":"Guide gratuit pour renforcer son syst\u00e8me immunitaire ~ Blog de Medoucine","og_description":"Gr\u00e2ce \u00e0 ce guide, d\u00e9couvrez des solutions naturelles pour renforcer votre syst\u00e8me immunitaire, qui est au c\u0153ur de votre sant\u00e9.","og_url":"https:\/\/www.medoucine.com\/blog\/guides\/comment-renforcer-son-systeme-immunitaire\/","og_site_name":"Blog de Medoucine","article_publisher":"https:\/\/www.facebook.com\/medoucine\/","article_modified_time":"2024-06-13T14:25:15+00:00","twitter_card":"summary_large_image","twitter_site":"@medoucinefr","twitter_misc":{"Dur\u00e9e de lecture estim\u00e9e":"1 minute"},"schema":{"@context":"https:\/\/schema.org","@graph":[{"@type":"WebPage","@id":"https:\/\/www.medoucine.com\/blog\/guides\/comment-renforcer-son-systeme-immunitaire\/","url":"https:\/\/www.medoucine.com\/blog\/guides\/comment-renforcer-son-systeme-immunitaire\/","name":"Guide gratuit pour renforcer son syst\u00e8me immunitaire ~ Blog de Medoucine","isPartOf":{"@id":"https:\/\/www.medoucine.com\/blog\/#website"},"datePublished":"2020-06-10T19:20:31+00:00","dateModified":"2024-06-13T14:25:15+00:00","description":"Gr\u00e2ce \u00e0 ce guide, d\u00e9couvrez des solutions naturelles pour renforcer votre syst\u00e8me immunitaire, qui est au c\u0153ur de votre sant\u00e9.","breadcrumb":{"@id":"https:\/\/www.medoucine.com\/blog\/guides\/comment-renforcer-son-systeme-immunitaire\/#breadcrumb"},"inLanguage":"fr-FR","potentialAction":[{"@type":"ReadAction","target":["https:\/\/www.medoucine.com\/blog\/guides\/comment-renforcer-son-systeme-immunitaire\/"]}]},{"@type":"BreadcrumbList","@id":"https:\/\/www.medoucine.com\/blog\/guides\/comment-renforcer-son-systeme-immunitaire\/#breadcrumb","itemListElement":[{"@type":"ListItem","position":1,"name":"Blog Medoucine","item":"https:\/\/www.medoucine.com\/blog\/"},{"@type":"ListItem","position":2,"name":"Guides gratuits \u00e0 t\u00e9l\u00e9charger","item":"https:\/\/www.medoucine.com\/blog\/guides\/"},{"@type":"ListItem","position":3,"name":"Guide gratuit pour renforcer son syst\u00e8me immunitaire"}]},{"@type":"WebSite","@id":"https:\/\/www.medoucine.com\/blog\/#website","url":"https:\/\/www.medoucine.com\/blog\/","name":"Blog de Medoucine","description":"Le blog des m\u00e9decines douces","publisher":{"@id":"https:\/\/www.medoucine.com\/blog\/#organization"},"potentialAction":[{"@type":"SearchAction","target":{"@type":"EntryPoint","urlTemplate":"https:\/\/www.medoucine.com\/blog\/?s={search_term_string}"},"query-input":{"@type":"PropertyValueSpecification","valueRequired":true,"valueName":"search_term_string"}}],"inLanguage":"fr-FR"},{"@type":"Organization","@id":"https:\/\/www.medoucine.com\/blog\/#organization","name":"Medoucine","url":"https:\/\/www.medoucine.com\/blog\/","logo":{"@type":"ImageObject","inLanguage":"fr-FR","@id":"https:\/\/www.medoucine.com\/blog\/#\/schema\/logo\/image\/","url":"https:\/\/www.medoucine.com\/blog\/wp-content\/uploads\/2019\/07\/logo@3x.png","contentUrl":"https:\/\/www.medoucine.com\/blog\/wp-content\/uploads\/2019\/07\/logo@3x.png","width":555,"height":135,"caption":"Medoucine"},"image":{"@id":"https:\/\/www.medoucine.com\/blog\/#\/schema\/logo\/image\/"},"sameAs":["https:\/\/www.facebook.com\/medoucine\/","https:\/\/x.com\/medoucinefr","https:\/\/www.instagram.com\/medoucine\/","https:\/\/www.youtube.com\/channel\/UCtZeUeJ_KebYK0KJAXjJV8g"]}]}},"_links":{"self":[{"href":"https:\/\/www.medoucine.com\/blog\/wp-json\/wp\/v2\/pages\/12866","targetHints":{"allow":["GET"]}}],"collection":[{"href":"https:\/\/www.medoucine.com\/blog\/wp-json\/wp\/v2\/pages"}],"about":[{"href":"https:\/\/www.medoucine.com\/blog\/wp-json\/wp\/v2\/types\/page"}],"author":[{"embeddable":true,"href":"https:\/\/www.medoucine.com\/blog\/wp-json\/wp\/v2\/users\/995"}],"replies":[{"embeddable":true,"href":"https:\/\/www.medoucine.com\/blog\/wp-json\/wp\/v2\/comments?post=12866"}],"version-history":[{"count":27,"href":"https:\/\/www.medoucine.com\/blog\/wp-json\/wp\/v2\/pages\/12866\/revisions"}],"predecessor-version":[{"id":31871,"href":"https:\/\/www.medoucine.com\/blog\/wp-json\/wp\/v2\/pages\/12866\/revisions\/31871"}],"up":[{"embeddable":true,"href":"https:\/\/www.medoucine.com\/blog\/wp-json\/wp\/v2\/pages\/5655"}],"wp:attachment":[{"href":"https:\/\/www.medoucine.com\/blog\/wp-json\/wp\/v2\/media?parent=12866"}],"curies":[{"name":"wp","href":"https:\/\/api.w.org\/{rel}","templated":true}]}}